{"id":9989,"date":"2025-03-17T12:53:42","date_gmt":"2025-03-17T05:53:42","guid":{"rendered":"https:\/\/chuparty.vn\/?post_type=product&#038;p=9989"},"modified":"2025-04-25T13:07:44","modified_gmt":"2025-04-25T06:07:44","slug":"dich-vu-trang-tri-set-up-mini-ms-01","status":"publish","type":"product","link":"https:\/\/chuparty.vn\/?product=dich-vu-trang-tri-set-up-mini-ms-01","title":{"rendered":"D\u1ecaCH V\u1ee4 TRANG TR\u00cd \u2013 SET UP BASIC MS-01"},"content":{"rendered":"<ul>\n<li>D\u1ecbch v\u1ee5 trang tr\u00ed tr\u1ecdn g\u00f3i t\u1ea1i <strong>Chu Party<\/strong> \u0111\u01b0\u1ee3c thi\u1ebft k\u1ebf ph\u00f9 h\u1ee3p cho bu\u1ed5i ti\u1ec7c nh\u1ecf, \u1ea5m c\u00fang, nh\u1eefng bu\u1ed5i ti\u1ec7c Surprise, Th\u00f4i N\u00f4i, Sinh nh\u1eadt, C\u1ea7u h\u00f4n \u2026<\/li>\n<li>G\u00f3i <strong>SET UP BASIC MS-01<\/strong>. G\u1ed3m:<br \/>\n* 1 D\u00e2y ch\u1eef Happy Birthday c\u00f9ng ch\u1ee7 \u0111\u1ec1<br \/>\n* 1 Line bong b\u00f3ng ch\u1ee7 \u0111\u1ec1 Mermaid &#8211; Ti\u00ean C\u00e1 ~2,5m<br \/>\n* 2 b\u00f3ng h\u00ecnh \u0111u\u00f4i c\u00e1<br \/>\n* 1 b\u00f3ng h\u00ecnh con s\u00f2<br \/>\n* 1 Tr\u1ee5 B\u00f3ng handmade &#8211;\u00a0 b\u00f3ng s\u1ed1 tu\u1ed5i <strong>ho\u1eb7c<\/strong> b\u00f3ng h\u00ecnh ti\u00ean c\u00e1.<br \/>\n* T\u1eb7ng b\u1ea1n 30 b\u00f3ng th\u1ea3 s\u00e0n c\u00f9ng m\u00e0u v\u1edbi line b\u00f3ng.<\/li>\n<li><strong>L\u01afU \u00dd: B\u00c1O GI\u00c1 CH\u01afA BAO G\u1ed2M B\u00d3NG JUMBO KH\u00cd HELIUM, m\u00e0n treo m\u00e0u hologram v\u00e0 set tua rua 3 m\u00e0u &#8211; n\u1ebfu b\u1ea1n c\u00f3 nhu c\u1ea7u trang tr\u00ed th\u00eam vui l\u00f2ng li\u00ean h\u1ec7 nh\u00e2n vi\u00ean b\u00e1n h\u00e0ng \u0111\u1ec3 \u0111\u01b0\u1ee3c t\u01b0 v\u1ea5n m\u1eabu v\u00e0 b\u00e1o gi\u00e1.<\/strong><\/li>\n<li>C\u00e1c h\u1ea1ng m\u1ee5c set up vui l\u00f2ng \u0111\u1ecdc k\u1ef9 th\u00f4ng tin v\u00e0 x\u00e1c nh\u1eadn, ch\u1ed1t th\u00f4ng tin v\u1edbi t\u01b0 v\u1ea5n vi\u00ean.<\/li>\n<li>Set up \u0111\u01b0\u1ee3c th\u1ef1c hi\u1ec7n trong v\u00f2ng 2-3h, n\u1ebfu d\u1eddi l\u1ecbch vui l\u00f2ng b\u00e1o tr\u01b0\u1edbc 3-4h, n\u1ebfu kh\u00f4ng b\u00e1o ho\u1eb7c b\u00e1o ch\u1eadm h\u01a1n th\u1eddi gian tr\u00ean, xin ph\u00e9p h\u1ee7y \u0111\u01a1n kh\u00f4ng ho\u00e0n c\u1ecdc.<\/li>\n<\/ul>\n","protected":false},"excerpt":{"rendered":"<p>D\u1ecbch v\u1ee5 trang tr\u00ed tr\u1ecdn g\u00f3i t\u1ea1i Chu Party \u0111\u01b0\u1ee3c thi\u1ebft k\u1ebf ph\u00f9 h\u1ee3p cho bu\u1ed5i ti\u1ec7c nh\u1ecf, \u1ea5m c\u00fang, nh\u1eefng bu\u1ed5i ti\u1ec7c Surprise, Th\u00f4i N\u00f4i, Sinh nh\u1eadt, C\u1ea7u h\u00f4n \u2026 G\u00f3i SET UP BASIC MS-01. G\u1ed3m: * 1 D\u00e2y ch\u1eef Happy Birthday c\u00f9ng ch\u1ee7 \u0111\u1ec1 * 1 Line bong b\u00f3ng ch\u1ee7 \u0111\u1ec1 Mermaid &#8211; [&hellip;]<\/p>\n","protected":false},"featured_media":9990,"comment_status":"open","ping_status":"closed","template":"","meta":[],"product_cat":[529,265,407],"product_tag":[],"class_list":{"0":"post-9989","1":"product","2":"type-product","3":"status-publish","4":"has-post-thumbnail","6":"product_cat-tiec-cho-be","7":"product_cat-mermaid","8":"product_cat-set-up","10":"first","11":"instock","12":"shipping-taxable","13":"purchasable","14":"product-type-simple"},"_links":{"self":[{"href":"https:\/\/chuparty.vn\/index.php?rest_route=\/wp\/v2\/product\/9989","targetHints":{"allow":["GET"]}}],"collection":[{"href":"https:\/\/chuparty.vn\/index.php?rest_route=\/wp\/v2\/product"}],"about":[{"href":"https:\/\/chuparty.vn\/index.php?rest_route=\/wp\/v2\/types\/product"}],"replies":[{"embeddable":true,"href":"https:\/\/chuparty.vn\/index.php?rest_route=%2Fwp%2Fv2%2Fcomments&post=9989"}],"wp:featuredmedia":[{"embeddable":true,"href":"https:\/\/chuparty.vn\/index.php?rest_route=\/wp\/v2\/media\/9990"}],"wp:attachment":[{"href":"https:\/\/chuparty.vn\/index.php?rest_route=%2Fwp%2Fv2%2Fmedia&parent=9989"}],"wp:term":[{"taxonomy":"product_cat","embeddable":true,"href":"https:\/\/chuparty.vn\/index.php?rest_route=%2Fwp%2Fv2%2Fproduct_cat&post=9989"},{"taxonomy":"product_tag","embeddable":true,"href":"https:\/\/chuparty.vn\/index.php?rest_route=%2Fwp%2Fv2%2Fproduct_tag&post=9989"}],"curies":[{"name":"wp","href":"https:\/\/api.w.org\/{rel}","templated":true}]}}