{"id":9938,"date":"2025-02-27T15:47:47","date_gmt":"2025-02-27T08:47:47","guid":{"rendered":"https:\/\/chuparty.vn\/?post_type=product&#038;p=9938"},"modified":"2026-01-14T14:15:03","modified_gmt":"2026-01-14T07:15:03","slug":"bang-signboard-3d-hoa-bong-6080cm-2","status":"publish","type":"product","link":"https:\/\/chuparty.vn\/?product=bang-signboard-3d-hoa-bong-6080cm-2","title":{"rendered":"B\u1ea2NG HOA SIGNBOARD 3D &#038; CH\u00c2N G\u1ed6"},"content":{"rendered":"<p><strong>B\u1ea3ng Signboard Balloon 3D ph\u00f9 h\u1ee3p cho c\u00e1c event Khai tr\u01b0\u01a1ng, L\u1ec5 T\u1ed1t Nghi\u1ec7p, Th\u00f4i N\u00f4i, Sinh nh\u1eadt, \u0110\u1ea7y Th\u00e1ng, Baby Shower \u2026 G\u1ed3m:<\/strong><\/p>\n<p>* 1 H\u1ed9p b\u1ea3ng Signboard 60cm*80cm v\u1edbi n\u1ed9i dung t\u00f9y ch\u1ecdn theo y\u00eau c\u1ea7u<strong><br \/>\n<\/strong>* 1 b\u00f3 hoa b\u00f3ng handmade\u00a0 \u2013 t\u00f9y ch\u1ecdn hoa v\u00e0 m\u00e0u b\u00f3ng<br \/>\n* 1 ch\u00e2n k\u1ec7 size 160cm ( m\u1eabu Signboard 3D c\u00f3 th\u1ec3 \u0111\u1ec3 tr\u00ean b\u00e0n, d\u01b0\u1edbi \u0111\u1ea5t m\u00e0 kh\u00f4ng c\u1ea7n ch\u00e2n k\u1ec7, c\u00f3 th\u1ec3 t\u00f9y ch\u1ecdn th\u00eam)<br \/>\n* Lo\u1ea1i hoa b\u00f3ng c\u00f3 th\u1ec3 ch\u1ecdn: mix, tulip, daisy, rose<\/p>\n","protected":false},"excerpt":{"rendered":"<p>B\u1ea3ng Signboard Balloon 3D ph\u00f9 h\u1ee3p cho c\u00e1c event Khai tr\u01b0\u01a1ng, L\u1ec5 T\u1ed1t Nghi\u1ec7p, Th\u00f4i N\u00f4i, Sinh nh\u1eadt, \u0110\u1ea7y Th\u00e1ng, Baby Shower \u2026 G\u1ed3m: * 1 H\u1ed9p b\u1ea3ng Signboard 60cm*80cm v\u1edbi n\u1ed9i dung t\u00f9y ch\u1ecdn theo y\u00eau c\u1ea7u * 1 b\u00f3 hoa b\u00f3ng handmade\u00a0 \u2013 t\u00f9y ch\u1ecdn hoa v\u00e0 m\u00e0u b\u00f3ng * 1 ch\u00e2n k\u1ec7 [&hellip;]<\/p>\n","protected":false},"featured_media":9939,"comment_status":"open","ping_status":"closed","template":"","meta":[],"product_cat":[521,318,247,366],"product_tag":[],"class_list":{"0":"post-9938","1":"product","2":"type-product","3":"status-publish","4":"has-post-thumbnail","6":"product_cat-bang-signboard-balloon","7":"product_cat-baby-shower","8":"product_cat-womens-day","9":"product_cat-combo-bong-tru-handmade","11":"first","12":"instock","13":"shipping-taxable","14":"purchasable","15":"product-type-simple"},"_links":{"self":[{"href":"https:\/\/chuparty.vn\/index.php?rest_route=\/wp\/v2\/product\/9938","targetHints":{"allow":["GET"]}}],"collection":[{"href":"https:\/\/chuparty.vn\/index.php?rest_route=\/wp\/v2\/product"}],"about":[{"href":"https:\/\/chuparty.vn\/index.php?rest_route=\/wp\/v2\/types\/product"}],"replies":[{"embeddable":true,"href":"https:\/\/chuparty.vn\/index.php?rest_route=%2Fwp%2Fv2%2Fcomments&post=9938"}],"wp:featuredmedia":[{"embeddable":true,"href":"https:\/\/chuparty.vn\/index.php?rest_route=\/wp\/v2\/media\/9939"}],"wp:attachment":[{"href":"https:\/\/chuparty.vn\/index.php?rest_route=%2Fwp%2Fv2%2Fmedia&parent=9938"}],"wp:term":[{"taxonomy":"product_cat","embeddable":true,"href":"https:\/\/chuparty.vn\/index.php?rest_route=%2Fwp%2Fv2%2Fproduct_cat&post=9938"},{"taxonomy":"product_tag","embeddable":true,"href":"https:\/\/chuparty.vn\/index.php?rest_route=%2Fwp%2Fv2%2Fproduct_tag&post=9938"}],"curies":[{"name":"wp","href":"https:\/\/api.w.org\/{rel}","templated":true}]}}