{"id":9861,"date":"2025-01-16T11:50:46","date_gmt":"2025-01-16T04:50:46","guid":{"rendered":"https:\/\/chuparty.vn\/?post_type=product&#038;p=9861"},"modified":"2025-09-17T16:35:17","modified_gmt":"2025-09-17T09:35:17","slug":"den-led-chu-cai-a-z","status":"publish","type":"product","link":"https:\/\/chuparty.vn\/?product=den-led-chu-cai-a-z","title":{"rendered":"\u0110\u00c8N LED CH\u1eee C\u00c1I A-Z"},"content":{"rendered":"<p><strong><br \/>\n<\/strong>M\u00f4 t\u1ea3 s\u1ea3n ph\u1ea9m : s\u1eed d\u1ee5ng pin AA an to\u00e0n cho c\u00e1c b\u00e9 nh\u1ecf.<br \/>\nK\u00edch th\u01b0\u1edbc : c\u00f3 c\u00e1c k\u00fd t\u1ef1 t\u1eeb A &#8211; Z , &amp;<br \/>\nM\u00e0u s\u1eafc: M\u00e0u tr\u1eafng &#8211; \u0111\u00e8n v\u00e0ng \u1ea5m \u00e1p<\/p>\n<p><img decoding=\"async\" class=\"emoji\" role=\"img\" draggable=\"false\" src=\"https:\/\/s.w.org\/images\/core\/emoji\/15.0.3\/svg\/2728.svg\" alt=\"\u2728\" \/> \u0111\u00e8n led d\u00f9ng trang tr\u00ed kh\u00f4ng gian ph\u00f2ng ng\u1ee7, trang tr\u00ed nh\u00e0 h\u00e0ng, trang tr\u00ed sinh nh\u1eadt, Decor b\u00e0n ti\u1ec7c, trang tr\u00ed nh\u00e0 c\u1eeda<br \/>\n<img decoding=\"async\" class=\"emoji\" role=\"img\" draggable=\"false\" src=\"https:\/\/s.w.org\/images\/core\/emoji\/15.0.3\/svg\/2728.svg\" alt=\"\u2728\" \/> \u0111\u00e8n led vi\u00ean bi khi b\u1eadt l\u00ean c\u00f3 \u00e1nh s\u00e1ng v\u00e0ng \u1ea5m \u00e1p lung linh, kh\u00f4ng h\u1ea1i m\u1eaft, kh\u00f4ng g\u00e2y nguy hi\u1ec3m.<\/p>\n","protected":false},"excerpt":{"rendered":"<p>M\u00f4 t\u1ea3 s\u1ea3n ph\u1ea9m : s\u1eed d\u1ee5ng pin AA an to\u00e0n cho c\u00e1c b\u00e9 nh\u1ecf. K\u00edch th\u01b0\u1edbc : c\u00f3 c\u00e1c k\u00fd t\u1ef1 t\u1eeb A &#8211; Z , &amp; M\u00e0u s\u1eafc: M\u00e0u tr\u1eafng &#8211; \u0111\u00e8n v\u00e0ng \u1ea5m \u00e1p \u0111\u00e8n led d\u00f9ng trang tr\u00ed kh\u00f4ng gian ph\u00f2ng ng\u1ee7, trang tr\u00ed nh\u00e0 h\u00e0ng, trang tr\u00ed sinh nh\u1eadt, Decor [&hellip;]<\/p>\n","protected":false},"featured_media":9862,"comment_status":"open","ping_status":"closed","template":"","meta":[],"product_cat":[510,318,137,16,352,28],"product_tag":[],"class_list":{"0":"post-9861","1":"product","2":"type-product","3":"status-publish","4":"has-post-thumbnail","6":"product_cat-sale-off-70","7":"product_cat-baby-shower","8":"product_cat-1st-birthday","9":"product_cat-phu-kien-trang-tri","10":"product_cat-den-led-light","11":"product_cat-sale","13":"first","14":"instock","15":"sale","16":"shipping-taxable","17":"purchasable","18":"product-type-simple"},"_links":{"self":[{"href":"https:\/\/chuparty.vn\/index.php?rest_route=\/wp\/v2\/product\/9861","targetHints":{"allow":["GET"]}}],"collection":[{"href":"https:\/\/chuparty.vn\/index.php?rest_route=\/wp\/v2\/product"}],"about":[{"href":"https:\/\/chuparty.vn\/index.php?rest_route=\/wp\/v2\/types\/product"}],"replies":[{"embeddable":true,"href":"https:\/\/chuparty.vn\/index.php?rest_route=%2Fwp%2Fv2%2Fcomments&post=9861"}],"wp:featuredmedia":[{"embeddable":true,"href":"https:\/\/chuparty.vn\/index.php?rest_route=\/wp\/v2\/media\/9862"}],"wp:attachment":[{"href":"https:\/\/chuparty.vn\/index.php?rest_route=%2Fwp%2Fv2%2Fmedia&parent=9861"}],"wp:term":[{"taxonomy":"product_cat","embeddable":true,"href":"https:\/\/chuparty.vn\/index.php?rest_route=%2Fwp%2Fv2%2Fproduct_cat&post=9861"},{"taxonomy":"product_tag","embeddable":true,"href":"https:\/\/chuparty.vn\/index.php?rest_route=%2Fwp%2Fv2%2Fproduct_tag&post=9861"}],"curies":[{"name":"wp","href":"https:\/\/api.w.org\/{rel}","templated":true}]}}