{"id":9654,"date":"2024-12-02T13:34:35","date_gmt":"2024-12-02T06:34:35","guid":{"rendered":"https:\/\/chuparty.vn\/?post_type=product&#038;p=9654"},"modified":"2024-12-02T13:35:53","modified_gmt":"2024-12-02T06:35:53","slug":"day-chu-happy-new-year-gold-2","status":"publish","type":"product","link":"https:\/\/chuparty.vn\/?product=day-chu-happy-new-year-gold-2","title":{"rendered":"D\u00c2Y CH\u1eee HAPPY NEW YEAR GOLD"},"content":{"rendered":"<p><strong>Chi ti\u1ebft s\u1ea3n ph\u1ea9m<\/strong><\/p>\n<ul>\n<li>K\u00edch th\u01b0\u1edbc ch\u1eef: 17cm * 7cm<\/li>\n<li>Ch\u1ea5t li\u1ec7u: gi\u1ea5y nh\u0169 gold<\/li>\n<li>M\u00e0u s\u1eafc: GOLD<\/li>\n<li>C\u00e1ch th\u1ee9c \u0111\u00f3ng g\u00f3i : M\u1ed8T B\u1ed8 12 K\u00dd T\u1ef0 + 9 NG\u00d4I SAO<\/li>\n<\/ul>\n","protected":false},"excerpt":{"rendered":"<p>Chi ti\u1ebft s\u1ea3n ph\u1ea9m K\u00edch th\u01b0\u1edbc ch\u1eef: 17cm * 7cm Ch\u1ea5t li\u1ec7u: gi\u1ea5y nh\u0169 gold M\u00e0u s\u1eafc: GOLD C\u00e1ch th\u1ee9c \u0111\u00f3ng g\u00f3i : M\u1ed8T B\u1ed8 12 K\u00dd T\u1ef0 + 9 NG\u00d4I SAO<\/p>\n","protected":false},"featured_media":9655,"comment_status":"open","ping_status":"closed","template":"","meta":[],"product_cat":[109,468],"product_tag":[],"class_list":{"0":"post-9654","1":"product","2":"type-product","3":"status-publish","4":"has-post-thumbnail","6":"product_cat-new-year","7":"product_cat-banner-garland-new-year","9":"first","10":"instock","11":"shipping-taxable","12":"purchasable","13":"product-type-simple"},"_links":{"self":[{"href":"https:\/\/chuparty.vn\/index.php?rest_route=\/wp\/v2\/product\/9654","targetHints":{"allow":["GET"]}}],"collection":[{"href":"https:\/\/chuparty.vn\/index.php?rest_route=\/wp\/v2\/product"}],"about":[{"href":"https:\/\/chuparty.vn\/index.php?rest_route=\/wp\/v2\/types\/product"}],"replies":[{"embeddable":true,"href":"https:\/\/chuparty.vn\/index.php?rest_route=%2Fwp%2Fv2%2Fcomments&post=9654"}],"wp:featuredmedia":[{"embeddable":true,"href":"https:\/\/chuparty.vn\/index.php?rest_route=\/wp\/v2\/media\/9655"}],"wp:attachment":[{"href":"https:\/\/chuparty.vn\/index.php?rest_route=%2Fwp%2Fv2%2Fmedia&parent=9654"}],"wp:term":[{"taxonomy":"product_cat","embeddable":true,"href":"https:\/\/chuparty.vn\/index.php?rest_route=%2Fwp%2Fv2%2Fproduct_cat&post=9654"},{"taxonomy":"product_tag","embeddable":true,"href":"https:\/\/chuparty.vn\/index.php?rest_route=%2Fwp%2Fv2%2Fproduct_tag&post=9654"}],"curies":[{"name":"wp","href":"https:\/\/api.w.org\/{rel}","templated":true}]}}