{"id":9622,"date":"2024-12-02T11:32:11","date_gmt":"2024-12-02T04:32:11","guid":{"rendered":"https:\/\/chuparty.vn\/?post_type=product&#038;p=9622"},"modified":"2024-12-02T11:58:49","modified_gmt":"2024-12-02T04:58:49","slug":"bong-vintage-christmas","status":"publish","type":"product","link":"https:\/\/chuparty.vn\/?product=bong-vintage-christmas","title":{"rendered":"B\u00d3NG VINTAGE CHRISTMAS"},"content":{"rendered":"<p><strong>Chi ti\u1ebft s\u1ea3n ph\u1ea9m: B\u00f3ng H\u00ecnh Vintage Christmas<\/strong><\/p>\n<ul>\n<li>K\u00edch th\u01b0\u1edbc:<br \/>\nB\u1ed9 merry christmas n\u00e2u<br \/>\nB\u00f3ng h\u00ecnh k\u1eb9o g\u1eady vintage<br \/>\nB\u00f3ng h\u00ecnh tu\u1ea7n l\u1ed9c 4D vintage<br \/>\nB\u00f3ng h\u00ecnh chi\u1ebfc k\u1eb9o christmas vinatge<\/li>\n<li>Ch\u1ea5t li\u1ec7u: nh\u00f4m k\u00ednh<\/li>\n<li>Qui c\u00e1ch \u0111\u00f3ng g\u00f3i: 1 b\u00f3ng\/t\u00fai. B\u00f3ng \u0111\u01b0\u1ee3c giao \u1edf tr\u1ea1ng th\u00e1i ch\u01b0a b\u01a1m, b\u00f3ng c\u00f3 th\u1ec3 b\u01a1m b\u1eb1ng m\u00e1y b\u01a1m\/b\u01a1m tay t\u00f9y theo nhu c\u1ea7u s\u1eed d\u1ee5ng.<\/li>\n<\/ul>\n","protected":false},"excerpt":{"rendered":"<p>Chi ti\u1ebft s\u1ea3n ph\u1ea9m: B\u00f3ng H\u00ecnh Vintage Christmas K\u00edch th\u01b0\u1edbc: B\u1ed9 merry christmas n\u00e2u B\u00f3ng h\u00ecnh k\u1eb9o g\u1eady vintage B\u00f3ng h\u00ecnh tu\u1ea7n l\u1ed9c 4D vintage B\u00f3ng h\u00ecnh chi\u1ebfc k\u1eb9o christmas vinatge Ch\u1ea5t li\u1ec7u: nh\u00f4m k\u00ednh Qui c\u00e1ch \u0111\u00f3ng g\u00f3i: 1 b\u00f3ng\/t\u00fai. B\u00f3ng \u0111\u01b0\u1ee3c giao \u1edf tr\u1ea1ng th\u00e1i ch\u01b0a b\u01a1m, b\u00f3ng c\u00f3 th\u1ec3 b\u01a1m b\u1eb1ng m\u00e1y [&hellip;]<\/p>\n","protected":false},"featured_media":9623,"comment_status":"open","ping_status":"closed","template":"","meta":[],"product_cat":[322,423],"product_tag":[],"class_list":{"0":"post-9622","1":"product","2":"type-product","3":"status-publish","4":"has-post-thumbnail","6":"product_cat-christmas","7":"product_cat-bong-bong-xmas","9":"first","10":"instock","11":"shipping-taxable","12":"purchasable","13":"product-type-variable"},"_links":{"self":[{"href":"https:\/\/chuparty.vn\/index.php?rest_route=\/wp\/v2\/product\/9622","targetHints":{"allow":["GET"]}}],"collection":[{"href":"https:\/\/chuparty.vn\/index.php?rest_route=\/wp\/v2\/product"}],"about":[{"href":"https:\/\/chuparty.vn\/index.php?rest_route=\/wp\/v2\/types\/product"}],"replies":[{"embeddable":true,"href":"https:\/\/chuparty.vn\/index.php?rest_route=%2Fwp%2Fv2%2Fcomments&post=9622"}],"wp:featuredmedia":[{"embeddable":true,"href":"https:\/\/chuparty.vn\/index.php?rest_route=\/wp\/v2\/media\/9623"}],"wp:attachment":[{"href":"https:\/\/chuparty.vn\/index.php?rest_route=%2Fwp%2Fv2%2Fmedia&parent=9622"}],"wp:term":[{"taxonomy":"product_cat","embeddable":true,"href":"https:\/\/chuparty.vn\/index.php?rest_route=%2Fwp%2Fv2%2Fproduct_cat&post=9622"},{"taxonomy":"product_tag","embeddable":true,"href":"https:\/\/chuparty.vn\/index.php?rest_route=%2Fwp%2Fv2%2Fproduct_tag&post=9622"}],"curies":[{"name":"wp","href":"https:\/\/api.w.org\/{rel}","templated":true}]}}