{"id":9611,"date":"2024-12-02T11:15:58","date_gmt":"2024-12-02T04:15:58","guid":{"rendered":"https:\/\/chuparty.vn\/?post_type=product&#038;p=9611"},"modified":"2025-11-24T12:00:33","modified_gmt":"2025-11-24T05:00:33","slug":"bong-tuan-loc-gold-3-kich-thuoc","status":"publish","type":"product","link":"https:\/\/chuparty.vn\/?product=bong-tuan-loc-gold-3-kich-thuoc","title":{"rendered":"B\u00d3NG 4D TU\u1ea6N L\u1ed8C GOLD &#8211; 3 SIZE"},"content":{"rendered":"<p><strong>Chi ti\u1ebft s\u1ea3n ph\u1ea9m: B\u00f3ng Tu\u1ea7n L\u1ed9c v\u00e0ng gold<\/strong><\/p>\n<ul>\n<li>K\u00edch th\u01b0\u1edbc:\u00a0 3 size<br \/>\nL : 63in 118*162cm gi\u00e1 120,000<br \/>\nM :48in 83*122cm gi\u00e1: 60,000<br \/>\nS: 31in 50*81cm gi\u00e1: 40,000<\/li>\n<li>Ch\u1ea5t li\u1ec7u: nh\u00f4m k\u00ednh<\/li>\n<li>Qui c\u00e1ch \u0111\u00f3ng g\u00f3i: 1 con\/t\u00fai. B\u00f3ng \u0111\u01b0\u1ee3c giao \u1edf tr\u1ea1ng th\u00e1i ch\u01b0a b\u01a1m, b\u00f3ng c\u00f3 th\u1ec3 b\u01a1m b\u1eb1ng m\u00e1y b\u01a1m\/b\u01a1m tay t\u00f9y theo nhu c\u1ea7u s\u1eed d\u1ee5ng.<\/li>\n<\/ul>\n","protected":false},"excerpt":{"rendered":"<p>Chi ti\u1ebft s\u1ea3n ph\u1ea9m: B\u00f3ng Tu\u1ea7n L\u1ed9c v\u00e0ng gold K\u00edch th\u01b0\u1edbc:\u00a0 3 size L : 63in 118*162cm gi\u00e1 120,000 M :48in 83*122cm gi\u00e1: 60,000 S: 31in 50*81cm gi\u00e1: 40,000 Ch\u1ea5t li\u1ec7u: nh\u00f4m k\u00ednh Qui c\u00e1ch \u0111\u00f3ng g\u00f3i: 1 con\/t\u00fai. B\u00f3ng \u0111\u01b0\u1ee3c giao \u1edf tr\u1ea1ng th\u00e1i ch\u01b0a b\u01a1m, b\u00f3ng c\u00f3 th\u1ec3 b\u01a1m b\u1eb1ng m\u00e1y b\u01a1m\/b\u01a1m tay [&hellip;]<\/p>\n","protected":false},"featured_media":7688,"comment_status":"open","ping_status":"closed","template":"","meta":[],"product_cat":[322,423,109,466],"product_tag":[],"class_list":{"0":"post-9611","1":"product","2":"type-product","3":"status-publish","4":"has-post-thumbnail","6":"product_cat-christmas","7":"product_cat-bong-bong-xmas","8":"product_cat-new-year","9":"product_cat-bong-bong-new-year","11":"first","12":"instock","13":"shipping-taxable","14":"purchasable","15":"product-type-variable"},"_links":{"self":[{"href":"https:\/\/chuparty.vn\/index.php?rest_route=\/wp\/v2\/product\/9611","targetHints":{"allow":["GET"]}}],"collection":[{"href":"https:\/\/chuparty.vn\/index.php?rest_route=\/wp\/v2\/product"}],"about":[{"href":"https:\/\/chuparty.vn\/index.php?rest_route=\/wp\/v2\/types\/product"}],"replies":[{"embeddable":true,"href":"https:\/\/chuparty.vn\/index.php?rest_route=%2Fwp%2Fv2%2Fcomments&post=9611"}],"wp:featuredmedia":[{"embeddable":true,"href":"https:\/\/chuparty.vn\/index.php?rest_route=\/wp\/v2\/media\/7688"}],"wp:attachment":[{"href":"https:\/\/chuparty.vn\/index.php?rest_route=%2Fwp%2Fv2%2Fmedia&parent=9611"}],"wp:term":[{"taxonomy":"product_cat","embeddable":true,"href":"https:\/\/chuparty.vn\/index.php?rest_route=%2Fwp%2Fv2%2Fproduct_cat&post=9611"},{"taxonomy":"product_tag","embeddable":true,"href":"https:\/\/chuparty.vn\/index.php?rest_route=%2Fwp%2Fv2%2Fproduct_tag&post=9611"}],"curies":[{"name":"wp","href":"https:\/\/api.w.org\/{rel}","templated":true}]}}