{"id":9586,"date":"2024-11-22T15:04:02","date_gmt":"2024-11-22T08:04:02","guid":{"rendered":"https:\/\/chuparty.vn\/?post_type=product&#038;p=9586"},"modified":"2024-11-23T11:38:40","modified_gmt":"2024-11-23T04:38:40","slug":"bang-do-ngoi-sao-happy-new-year-4-mau","status":"publish","type":"product","link":"https:\/\/chuparty.vn\/?product=bang-do-ngoi-sao-happy-new-year-4-mau","title":{"rendered":"B\u0102NG \u0110\u00d4 NG\u00d4I SAO HAPPY NEW YEAR &#8211; 4 M\u1eaaU"},"content":{"rendered":"<p><strong>Chi ti\u1ebft s\u1ea3n ph\u1ea9m:<\/strong>\u00a0B\u0103ng \u0111\u00f4 Ng\u00f4i sao Happy New Year an to\u00e0n cho bu\u1ed5i ti\u1ec7c New Year th\u00eam ph\u1ea7n s\u00f4i \u0111\u1ed9ng.<\/p>\n<ul>\n<li>K\u00edch th\u01b0\u1edbc:<\/li>\n<li>Ch\u1ea5t li\u1ec7u:\u00a0 nh\u1ef1a<\/li>\n<li>M\u00e0u s\u1eafc: gold, b\u1ea1c<\/li>\n<li>C\u00e1ch th\u1ee9c \u0111\u00f3ng g\u00f3i : 1 c\u00e1i\/t\u00fai<\/li>\n<li>C\u00f3 4 m\u1eabu: M\u1eabu 1, M\u1eabu 2, M\u1eabu 3, M\u1eabu 4<\/li>\n<\/ul>\n","protected":false},"excerpt":{"rendered":"<p>Chi ti\u1ebft s\u1ea3n ph\u1ea9m:\u00a0B\u0103ng \u0111\u00f4 Ng\u00f4i sao Happy New Year an to\u00e0n cho bu\u1ed5i ti\u1ec7c New Year th\u00eam ph\u1ea7n s\u00f4i \u0111\u1ed9ng. K\u00edch th\u01b0\u1edbc: Ch\u1ea5t li\u1ec7u:\u00a0 nh\u1ef1a M\u00e0u s\u1eafc: gold, b\u1ea1c C\u00e1ch th\u1ee9c \u0111\u00f3ng g\u00f3i : 1 c\u00e1i\/t\u00fai C\u00f3 4 m\u1eabu: M\u1eabu 1, M\u1eabu 2, M\u1eabu 3, M\u1eabu 4<\/p>\n","protected":false},"featured_media":9595,"comment_status":"open","ping_status":"closed","template":"","meta":[],"product_cat":[109,467],"product_tag":[],"class_list":{"0":"post-9586","1":"product","2":"type-product","3":"status-publish","4":"has-post-thumbnail","6":"product_cat-new-year","7":"product_cat-non-phu-kien-new-year","9":"first","10":"instock","11":"shipping-taxable","12":"purchasable","13":"product-type-simple"},"_links":{"self":[{"href":"https:\/\/chuparty.vn\/index.php?rest_route=\/wp\/v2\/product\/9586","targetHints":{"allow":["GET"]}}],"collection":[{"href":"https:\/\/chuparty.vn\/index.php?rest_route=\/wp\/v2\/product"}],"about":[{"href":"https:\/\/chuparty.vn\/index.php?rest_route=\/wp\/v2\/types\/product"}],"replies":[{"embeddable":true,"href":"https:\/\/chuparty.vn\/index.php?rest_route=%2Fwp%2Fv2%2Fcomments&post=9586"}],"wp:featuredmedia":[{"embeddable":true,"href":"https:\/\/chuparty.vn\/index.php?rest_route=\/wp\/v2\/media\/9595"}],"wp:attachment":[{"href":"https:\/\/chuparty.vn\/index.php?rest_route=%2Fwp%2Fv2%2Fmedia&parent=9586"}],"wp:term":[{"taxonomy":"product_cat","embeddable":true,"href":"https:\/\/chuparty.vn\/index.php?rest_route=%2Fwp%2Fv2%2Fproduct_cat&post=9586"},{"taxonomy":"product_tag","embeddable":true,"href":"https:\/\/chuparty.vn\/index.php?rest_route=%2Fwp%2Fv2%2Fproduct_tag&post=9586"}],"curies":[{"name":"wp","href":"https:\/\/api.w.org\/{rel}","templated":true}]}}