{"id":9583,"date":"2024-11-22T14:38:20","date_gmt":"2024-11-22T07:38:20","guid":{"rendered":"https:\/\/chuparty.vn\/?post_type=product&#038;p=9583"},"modified":"2025-12-26T16:54:13","modified_gmt":"2025-12-26T09:54:13","slug":"set-6-bang-do-happy-new-year-3-mau","status":"publish","type":"product","link":"https:\/\/chuparty.vn\/?product=set-6-bang-do-happy-new-year-3-mau","title":{"rendered":"SET 6 B\u0102NG \u0110\u00d4 HAPPY NEW YEAR 3 M\u00c0U"},"content":{"rendered":"<p><strong>Chi ti\u1ebft s\u1ea3n ph\u1ea9m:<br \/>\n<\/strong>Qui c\u00e1ch \u0111\u00f3ng g\u00f3i: 6 c\u00e1i\/t\u00fai (3 m\u00e0u * 2 c\u00e1i)<strong><br \/>\n<\/strong>Ch\u1ea5t li\u1ec7u: nh\u1ef1a<br \/>\nM\u00e0u s\u1eafc: b\u1ea1c, gold, \u0111en<br \/>\nK\u00edch th\u01b0\u1edbc: 9.5cm*10cm*16cm<\/p>\n","protected":false},"excerpt":{"rendered":"<p>Chi ti\u1ebft s\u1ea3n ph\u1ea9m: Qui c\u00e1ch \u0111\u00f3ng g\u00f3i: 6 c\u00e1i\/t\u00fai (3 m\u00e0u * 2 c\u00e1i) Ch\u1ea5t li\u1ec7u: nh\u1ef1a M\u00e0u s\u1eafc: b\u1ea1c, gold, \u0111en K\u00edch th\u01b0\u1edbc: 9.5cm*10cm*16cm<\/p>\n","protected":false},"featured_media":9584,"comment_status":"open","ping_status":"closed","template":"","meta":[],"product_cat":[109,467],"product_tag":[],"class_list":{"0":"post-9583","1":"product","2":"type-product","3":"status-publish","4":"has-post-thumbnail","6":"product_cat-new-year","7":"product_cat-non-phu-kien-new-year","9":"first","10":"instock","11":"shipping-taxable","12":"purchasable","13":"product-type-simple"},"_links":{"self":[{"href":"https:\/\/chuparty.vn\/index.php?rest_route=\/wp\/v2\/product\/9583","targetHints":{"allow":["GET"]}}],"collection":[{"href":"https:\/\/chuparty.vn\/index.php?rest_route=\/wp\/v2\/product"}],"about":[{"href":"https:\/\/chuparty.vn\/index.php?rest_route=\/wp\/v2\/types\/product"}],"replies":[{"embeddable":true,"href":"https:\/\/chuparty.vn\/index.php?rest_route=%2Fwp%2Fv2%2Fcomments&post=9583"}],"wp:featuredmedia":[{"embeddable":true,"href":"https:\/\/chuparty.vn\/index.php?rest_route=\/wp\/v2\/media\/9584"}],"wp:attachment":[{"href":"https:\/\/chuparty.vn\/index.php?rest_route=%2Fwp%2Fv2%2Fmedia&parent=9583"}],"wp:term":[{"taxonomy":"product_cat","embeddable":true,"href":"https:\/\/chuparty.vn\/index.php?rest_route=%2Fwp%2Fv2%2Fproduct_cat&post=9583"},{"taxonomy":"product_tag","embeddable":true,"href":"https:\/\/chuparty.vn\/index.php?rest_route=%2Fwp%2Fv2%2Fproduct_tag&post=9583"}],"curies":[{"name":"wp","href":"https:\/\/api.w.org\/{rel}","templated":true}]}}