{"id":9574,"date":"2024-11-21T17:02:27","date_gmt":"2024-11-21T10:02:27","guid":{"rendered":"https:\/\/chuparty.vn\/?post_type=product&#038;p=9574"},"modified":"2026-01-14T14:48:14","modified_gmt":"2026-01-14T07:48:14","slug":"day-garland-trai-tim-ngang","status":"publish","type":"product","link":"https:\/\/chuparty.vn\/?product=day-garland-trai-tim-ngang","title":{"rendered":"D\u00c2Y GARLAND TR\u00c1I TIM &#8211; TREO NGANG"},"content":{"rendered":"<p>D\u00e2y garland Valentine l\u00e0 ph\u1ee5 ki\u1ec7n kh\u00f4ng th\u1ec3 thi\u1ebfu khi trang tr\u00ed cho bu\u1ed5i ti\u1ec7c tr\u1edf n\u00ean \u0111\u1ed9c \u0111\u00e1o, l\u00e3ng m\u1ea1n h\u01a1n.<\/p>\n<p><strong>Chi ti\u1ebft s\u1ea3n ph\u1ea9m:<\/strong><\/p>\n<ul>\n<li>K\u00edch th\u01b0\u1edbc : 1,5m<\/li>\n<li>Ch\u1ea5t li\u1ec7u: v\u1ea3i kh\u00f4ng d\u1ec7t<\/li>\n<li>C\u00e1ch th\u1ee9c \u0111\u00f3ng g\u00f3i: 1 d\u00e2y\/t\u00fai<\/li>\n<li>M\u00e0u: 2 m\u00e0u :<br \/>\n+ \u0111\u1ecf r\u01b0\u1ee3u-\u0111\u1ecf<br \/>\n+ \u0111\u1ecf-h\u1ed3ng<\/li>\n<\/ul>\n","protected":false},"excerpt":{"rendered":"<p>D\u00e2y garland Valentine l\u00e0 ph\u1ee5 ki\u1ec7n kh\u00f4ng th\u1ec3 thi\u1ebfu khi trang tr\u00ed cho bu\u1ed5i ti\u1ec7c tr\u1edf n\u00ean \u0111\u1ed9c \u0111\u00e1o, l\u00e3ng m\u1ea1n h\u01a1n. Chi ti\u1ebft s\u1ea3n ph\u1ea9m: K\u00edch th\u01b0\u1edbc : 1,5m Ch\u1ea5t li\u1ec7u: v\u1ea3i kh\u00f4ng d\u1ec7t C\u00e1ch th\u1ee9c \u0111\u00f3ng g\u00f3i: 1 d\u00e2y\/t\u00fai M\u00e0u: 2 m\u00e0u : + \u0111\u1ecf r\u01b0\u1ee3u-\u0111\u1ecf + \u0111\u1ecf-h\u1ed3ng<\/p>\n","protected":false},"featured_media":9575,"comment_status":"open","ping_status":"closed","template":"","meta":[],"product_cat":[213,489,147,327],"product_tag":[],"class_list":{"0":"post-9574","1":"product","2":"type-product","3":"status-publish","4":"has-post-thumbnail","6":"product_cat-love-wedding-anniversary","7":"product_cat-phu-kien-cho-tiec-cau-hon-cuoi-valentine-anni","8":"product_cat-backdrop","9":"product_cat-day-treo-garland","11":"first","12":"instock","13":"shipping-taxable","14":"purchasable","15":"product-type-simple"},"_links":{"self":[{"href":"https:\/\/chuparty.vn\/index.php?rest_route=\/wp\/v2\/product\/9574","targetHints":{"allow":["GET"]}}],"collection":[{"href":"https:\/\/chuparty.vn\/index.php?rest_route=\/wp\/v2\/product"}],"about":[{"href":"https:\/\/chuparty.vn\/index.php?rest_route=\/wp\/v2\/types\/product"}],"replies":[{"embeddable":true,"href":"https:\/\/chuparty.vn\/index.php?rest_route=%2Fwp%2Fv2%2Fcomments&post=9574"}],"wp:featuredmedia":[{"embeddable":true,"href":"https:\/\/chuparty.vn\/index.php?rest_route=\/wp\/v2\/media\/9575"}],"wp:attachment":[{"href":"https:\/\/chuparty.vn\/index.php?rest_route=%2Fwp%2Fv2%2Fmedia&parent=9574"}],"wp:term":[{"taxonomy":"product_cat","embeddable":true,"href":"https:\/\/chuparty.vn\/index.php?rest_route=%2Fwp%2Fv2%2Fproduct_cat&post=9574"},{"taxonomy":"product_tag","embeddable":true,"href":"https:\/\/chuparty.vn\/index.php?rest_route=%2Fwp%2Fv2%2Fproduct_tag&post=9574"}],"curies":[{"name":"wp","href":"https:\/\/api.w.org\/{rel}","templated":true}]}}