{"id":9550,"date":"2024-11-18T12:28:04","date_gmt":"2024-11-18T05:28:04","guid":{"rendered":"https:\/\/chuparty.vn\/?post_type=product&#038;p=9550"},"modified":"2026-01-26T18:13:45","modified_gmt":"2026-01-26T11:13:45","slug":"coming-soon-day-garland-chai-ruouhappy-new-year","status":"publish","type":"product","link":"https:\/\/chuparty.vn\/?product=coming-soon-day-garland-chai-ruouhappy-new-year","title":{"rendered":"D\u00c2Y GARLAND CHAI R\u01af\u1ee2U HAPPY NEW YEAR"},"content":{"rendered":"<p><strong>Chi ti\u1ebft s\u1ea3n ph\u1ea9m:<\/strong> D\u00c2Y GARLAND CHAI R\u01af\u1ee2U HAPPY NEW YEAR<\/p>\n<ul>\n<li>K\u00edch th\u01b0\u1edbc: 1,5m<\/li>\n<li>Ch\u1ea5t li\u1ec7u:\u00a0 gi\u1ea5y c\u1ee9ng<\/li>\n<li>M\u00e0u s\u1eafc: n\/a<\/li>\n<li>C\u00e1ch th\u1ee9c \u0111\u00f3ng g\u00f3i : 2 c\u00e1i\/t\u00fai<\/li>\n<\/ul>\n","protected":false},"excerpt":{"rendered":"<p>Chi ti\u1ebft s\u1ea3n ph\u1ea9m: D\u00c2Y GARLAND CHAI R\u01af\u1ee2U HAPPY NEW YEAR K\u00edch th\u01b0\u1edbc: 1,5m Ch\u1ea5t li\u1ec7u:\u00a0 gi\u1ea5y c\u1ee9ng M\u00e0u s\u1eafc: n\/a C\u00e1ch th\u1ee9c \u0111\u00f3ng g\u00f3i : 2 c\u00e1i\/t\u00fai<\/p>\n","protected":false},"featured_media":9551,"comment_status":"open","ping_status":"closed","template":"","meta":[],"product_cat":[109,468],"product_tag":[],"class_list":{"0":"post-9550","1":"product","2":"type-product","3":"status-publish","4":"has-post-thumbnail","6":"product_cat-new-year","7":"product_cat-banner-garland-new-year","9":"first","10":"instock","11":"shipping-taxable","12":"purchasable","13":"product-type-simple"},"_links":{"self":[{"href":"https:\/\/chuparty.vn\/index.php?rest_route=\/wp\/v2\/product\/9550","targetHints":{"allow":["GET"]}}],"collection":[{"href":"https:\/\/chuparty.vn\/index.php?rest_route=\/wp\/v2\/product"}],"about":[{"href":"https:\/\/chuparty.vn\/index.php?rest_route=\/wp\/v2\/types\/product"}],"replies":[{"embeddable":true,"href":"https:\/\/chuparty.vn\/index.php?rest_route=%2Fwp%2Fv2%2Fcomments&post=9550"}],"wp:featuredmedia":[{"embeddable":true,"href":"https:\/\/chuparty.vn\/index.php?rest_route=\/wp\/v2\/media\/9551"}],"wp:attachment":[{"href":"https:\/\/chuparty.vn\/index.php?rest_route=%2Fwp%2Fv2%2Fmedia&parent=9550"}],"wp:term":[{"taxonomy":"product_cat","embeddable":true,"href":"https:\/\/chuparty.vn\/index.php?rest_route=%2Fwp%2Fv2%2Fproduct_cat&post=9550"},{"taxonomy":"product_tag","embeddable":true,"href":"https:\/\/chuparty.vn\/index.php?rest_route=%2Fwp%2Fv2%2Fproduct_tag&post=9550"}],"curies":[{"name":"wp","href":"https:\/\/api.w.org\/{rel}","templated":true}]}}