{"id":9545,"date":"2024-11-18T12:23:13","date_gmt":"2024-11-18T05:23:13","guid":{"rendered":"https:\/\/chuparty.vn\/?post_type=product&#038;p=9545"},"modified":"2024-12-30T10:32:38","modified_gmt":"2024-12-30T03:32:38","slug":"coming-soon-set-2-bang-do-happy-new-year","status":"publish","type":"product","link":"https:\/\/chuparty.vn\/?product=coming-soon-set-2-bang-do-happy-new-year","title":{"rendered":"SET 2 B\u0102NG \u0110\u00d4 HAPPY NEW YEAR"},"content":{"rendered":"<p><strong>Chi ti\u1ebft s\u1ea3n ph\u1ea9m:<\/strong>\u00a0b\u0103ng \u0111\u00f4 HAPPY NEW YEAR s\u1ebd mang \u0111\u1ebfn cho b\u1ea1n m\u1ed9t kh\u00f4ng kh\u00ed v\u00f4 c\u00f9ng vui nh\u1ed9n &amp; s\u00f4i \u0111\u1ed9ng.<\/p>\n<ul>\n<li>K\u00edch th\u01b0\u1edbc: 15,5cm * 18,5cm<\/li>\n<li>Ch\u1ea5t li\u1ec7u:\u00a0 gi\u1ea5y-nh\u1ef1a<\/li>\n<li>M\u00e0u s\u1eafc: n\/a<\/li>\n<li>C\u00e1ch th\u1ee9c \u0111\u00f3ng g\u00f3i : 2 c\u00e1i\/t\u00fai<\/li>\n<\/ul>\n","protected":false},"excerpt":{"rendered":"<p>Chi ti\u1ebft s\u1ea3n ph\u1ea9m:\u00a0b\u0103ng \u0111\u00f4 HAPPY NEW YEAR s\u1ebd mang \u0111\u1ebfn cho b\u1ea1n m\u1ed9t kh\u00f4ng kh\u00ed v\u00f4 c\u00f9ng vui nh\u1ed9n &amp; s\u00f4i \u0111\u1ed9ng. K\u00edch th\u01b0\u1edbc: 15,5cm * 18,5cm Ch\u1ea5t li\u1ec7u:\u00a0 gi\u1ea5y-nh\u1ef1a M\u00e0u s\u1eafc: n\/a C\u00e1ch th\u1ee9c \u0111\u00f3ng g\u00f3i : 2 c\u00e1i\/t\u00fai<\/p>\n","protected":false},"featured_media":9546,"comment_status":"open","ping_status":"closed","template":"","meta":[],"product_cat":[109,467],"product_tag":[],"class_list":{"0":"post-9545","1":"product","2":"type-product","3":"status-publish","4":"has-post-thumbnail","6":"product_cat-new-year","7":"product_cat-non-phu-kien-new-year","9":"first","10":"instock","11":"shipping-taxable","12":"purchasable","13":"product-type-simple"},"_links":{"self":[{"href":"https:\/\/chuparty.vn\/index.php?rest_route=\/wp\/v2\/product\/9545","targetHints":{"allow":["GET"]}}],"collection":[{"href":"https:\/\/chuparty.vn\/index.php?rest_route=\/wp\/v2\/product"}],"about":[{"href":"https:\/\/chuparty.vn\/index.php?rest_route=\/wp\/v2\/types\/product"}],"replies":[{"embeddable":true,"href":"https:\/\/chuparty.vn\/index.php?rest_route=%2Fwp%2Fv2%2Fcomments&post=9545"}],"wp:featuredmedia":[{"embeddable":true,"href":"https:\/\/chuparty.vn\/index.php?rest_route=\/wp\/v2\/media\/9546"}],"wp:attachment":[{"href":"https:\/\/chuparty.vn\/index.php?rest_route=%2Fwp%2Fv2%2Fmedia&parent=9545"}],"wp:term":[{"taxonomy":"product_cat","embeddable":true,"href":"https:\/\/chuparty.vn\/index.php?rest_route=%2Fwp%2Fv2%2Fproduct_cat&post=9545"},{"taxonomy":"product_tag","embeddable":true,"href":"https:\/\/chuparty.vn\/index.php?rest_route=%2Fwp%2Fv2%2Fproduct_tag&post=9545"}],"curies":[{"name":"wp","href":"https:\/\/api.w.org\/{rel}","templated":true}]}}