{"id":9542,"date":"2024-11-18T12:07:50","date_gmt":"2024-11-18T05:07:50","guid":{"rendered":"https:\/\/chuparty.vn\/?post_type=product&#038;p=9542"},"modified":"2025-11-25T12:39:47","modified_gmt":"2025-11-25T05:39:47","slug":"coming-soon-bang-do-happy-new-year","status":"publish","type":"product","link":"https:\/\/chuparty.vn\/?product=coming-soon-bang-do-happy-new-year","title":{"rendered":"B\u0102NG \u0110\u00d4 G\u1eaeN CHARM HAPPY NEW YEAR"},"content":{"rendered":"<p><strong>Chi ti\u1ebft s\u1ea3n ph\u1ea9m:<\/strong> b\u0103ng \u0111\u00f4 g\u1eafn charm HAPPY NEW YEAR s\u1ebd mang \u0111\u1ebfn cho b\u1ea1n m\u1ed9t kh\u00f4ng kh\u00ed v\u00f4 c\u00f9ng vui nh\u1ed9n &amp; s\u00f4i \u0111\u1ed9ng.<\/p>\n<ul>\n<li>K\u00edch th\u01b0\u1edbc:<\/li>\n<li>Ch\u1ea5t li\u1ec7u:\u00a0 gi\u1ea5y-nh\u1ef1a<\/li>\n<li>M\u00e0u s\u1eafc: b\u1ea1c-gold-\u0111en<\/li>\n<li>C\u00e1ch th\u1ee9c \u0111\u00f3ng g\u00f3i : 1 c\u00e1i\/t\u00fai<\/li>\n<\/ul>\n","protected":false},"excerpt":{"rendered":"<p>Chi ti\u1ebft s\u1ea3n ph\u1ea9m: b\u0103ng \u0111\u00f4 g\u1eafn charm HAPPY NEW YEAR s\u1ebd mang \u0111\u1ebfn cho b\u1ea1n m\u1ed9t kh\u00f4ng kh\u00ed v\u00f4 c\u00f9ng vui nh\u1ed9n &amp; s\u00f4i \u0111\u1ed9ng. K\u00edch th\u01b0\u1edbc: Ch\u1ea5t li\u1ec7u:\u00a0 gi\u1ea5y-nh\u1ef1a M\u00e0u s\u1eafc: b\u1ea1c-gold-\u0111en C\u00e1ch th\u1ee9c \u0111\u00f3ng g\u00f3i : 1 c\u00e1i\/t\u00fai<\/p>\n","protected":false},"featured_media":9543,"comment_status":"open","ping_status":"closed","template":"","meta":[],"product_cat":[109,467],"product_tag":[],"class_list":{"0":"post-9542","1":"product","2":"type-product","3":"status-publish","4":"has-post-thumbnail","6":"product_cat-new-year","7":"product_cat-non-phu-kien-new-year","9":"first","10":"instock","11":"shipping-taxable","12":"purchasable","13":"product-type-simple"},"_links":{"self":[{"href":"https:\/\/chuparty.vn\/index.php?rest_route=\/wp\/v2\/product\/9542","targetHints":{"allow":["GET"]}}],"collection":[{"href":"https:\/\/chuparty.vn\/index.php?rest_route=\/wp\/v2\/product"}],"about":[{"href":"https:\/\/chuparty.vn\/index.php?rest_route=\/wp\/v2\/types\/product"}],"replies":[{"embeddable":true,"href":"https:\/\/chuparty.vn\/index.php?rest_route=%2Fwp%2Fv2%2Fcomments&post=9542"}],"wp:featuredmedia":[{"embeddable":true,"href":"https:\/\/chuparty.vn\/index.php?rest_route=\/wp\/v2\/media\/9543"}],"wp:attachment":[{"href":"https:\/\/chuparty.vn\/index.php?rest_route=%2Fwp%2Fv2%2Fmedia&parent=9542"}],"wp:term":[{"taxonomy":"product_cat","embeddable":true,"href":"https:\/\/chuparty.vn\/index.php?rest_route=%2Fwp%2Fv2%2Fproduct_cat&post=9542"},{"taxonomy":"product_tag","embeddable":true,"href":"https:\/\/chuparty.vn\/index.php?rest_route=%2Fwp%2Fv2%2Fproduct_tag&post=9542"}],"curies":[{"name":"wp","href":"https:\/\/api.w.org\/{rel}","templated":true}]}}