{"id":9496,"date":"2024-11-08T10:24:48","date_gmt":"2024-11-08T03:24:48","guid":{"rendered":"https:\/\/chuparty.vn\/?post_type=product&#038;p=9496"},"modified":"2024-12-02T13:12:38","modified_gmt":"2024-12-02T06:12:38","slug":"coming-soon-mat-kinh-happy-new-year","status":"publish","type":"product","link":"https:\/\/chuparty.vn\/?product=coming-soon-mat-kinh-happy-new-year","title":{"rendered":"M\u1eaeT K\u00cdNH HAPPY NEW YEAR \u0110EN\/B\u1ea0C\/GOLD"},"content":{"rendered":"<p><strong>Chi ti\u1ebft s\u1ea3n ph\u1ea9m:<\/strong> M\u1eaft k\u00ednh HAPPY NEW YEAR s\u1ebd mang \u0111\u1ebfn cho b\u1ea1n m\u1ed9t kh\u00f4ng kh\u00ed v\u00f4 c\u00f9ng vui nh\u1ed9n &amp; s\u00f4i \u0111\u1ed9ng.<\/p>\n<ul>\n<li>K\u00edch th\u01b0\u1edbc:<\/li>\n<li>Ch\u1ea5t li\u1ec7u:\u00a0 nh\u1ef1a<\/li>\n<li>M\u00e0u s\u1eafc: b\u1ea1c, gold, \u0111en<\/li>\n<li>C\u00e1ch th\u1ee9c \u0111\u00f3ng g\u00f3i : 1 c\u00e1i\/t\u00fai<\/li>\n<\/ul>\n","protected":false},"excerpt":{"rendered":"<p>Chi ti\u1ebft s\u1ea3n ph\u1ea9m: M\u1eaft k\u00ednh HAPPY NEW YEAR s\u1ebd mang \u0111\u1ebfn cho b\u1ea1n m\u1ed9t kh\u00f4ng kh\u00ed v\u00f4 c\u00f9ng vui nh\u1ed9n &amp; s\u00f4i \u0111\u1ed9ng. K\u00edch th\u01b0\u1edbc: Ch\u1ea5t li\u1ec7u:\u00a0 nh\u1ef1a M\u00e0u s\u1eafc: b\u1ea1c, gold, \u0111en C\u00e1ch th\u1ee9c \u0111\u00f3ng g\u00f3i : 1 c\u00e1i\/t\u00fai<\/p>\n","protected":false},"featured_media":9644,"comment_status":"open","ping_status":"closed","template":"","meta":[],"product_cat":[109,467],"product_tag":[],"class_list":{"0":"post-9496","1":"product","2":"type-product","3":"status-publish","4":"has-post-thumbnail","6":"product_cat-new-year","7":"product_cat-non-phu-kien-new-year","9":"first","10":"instock","11":"shipping-taxable","12":"purchasable","13":"product-type-simple"},"_links":{"self":[{"href":"https:\/\/chuparty.vn\/index.php?rest_route=\/wp\/v2\/product\/9496","targetHints":{"allow":["GET"]}}],"collection":[{"href":"https:\/\/chuparty.vn\/index.php?rest_route=\/wp\/v2\/product"}],"about":[{"href":"https:\/\/chuparty.vn\/index.php?rest_route=\/wp\/v2\/types\/product"}],"replies":[{"embeddable":true,"href":"https:\/\/chuparty.vn\/index.php?rest_route=%2Fwp%2Fv2%2Fcomments&post=9496"}],"wp:featuredmedia":[{"embeddable":true,"href":"https:\/\/chuparty.vn\/index.php?rest_route=\/wp\/v2\/media\/9644"}],"wp:attachment":[{"href":"https:\/\/chuparty.vn\/index.php?rest_route=%2Fwp%2Fv2%2Fmedia&parent=9496"}],"wp:term":[{"taxonomy":"product_cat","embeddable":true,"href":"https:\/\/chuparty.vn\/index.php?rest_route=%2Fwp%2Fv2%2Fproduct_cat&post=9496"},{"taxonomy":"product_tag","embeddable":true,"href":"https:\/\/chuparty.vn\/index.php?rest_route=%2Fwp%2Fv2%2Fproduct_tag&post=9496"}],"curies":[{"name":"wp","href":"https:\/\/api.w.org\/{rel}","templated":true}]}}