{"id":9490,"date":"2024-11-07T12:37:23","date_gmt":"2024-11-07T05:37:23","guid":{"rendered":"https:\/\/chuparty.vn\/?post_type=product&#038;p=9490"},"modified":"2025-11-26T15:49:38","modified_gmt":"2025-11-26T08:49:38","slug":"coming-soon-day-happy-new-year-vai-do","status":"publish","type":"product","link":"https:\/\/chuparty.vn\/?product=coming-soon-day-happy-new-year-vai-do","title":{"rendered":"SET 2 D\u00c2Y HAPPY NEW YEAR V\u1ea2I \u0110\u1ece"},"content":{"rendered":"<div class=\"eds-tooltip eds-popover eds-popover--dark\" data-v-2cea0e7b=\"\" data-v-3221e9da=\"\" data-v-37b9ca40=\"\">\n<div class=\"eds-popover__ref\" data-v-2cea0e7b=\"\">\n<p>D\u00e2y treo <strong>HAPPY NEW YEAR<\/strong>\u00a0l\u00e0 ph\u1ee5 ki\u1ec7n kh\u00f4ng th\u1ec3 thi\u1ebfu gi\u00fap cho bu\u1ed5i party c\u1ee7a b\u1ea1n th\u00eam sinh \u0111\u1ed9ng,vui t\u01b0\u01a1i.<br \/>\nS\u1ebd \u0111\u1eb9p h\u01a1n khi k\u1ebft h\u1ee3p c\u00f9ng \u0111\u00e8n led, b\u00f3ng h\u00ecnh c\u00f9ng ch\u1ee7 \u0111\u1ec1, b\u00f3ng bay v\u00e0 c\u00e1c ph\u1ee5 ki\u1ec7n kh\u00e1c.<\/p>\n<ul>\n<li>K\u00edch th\u01b0\u1edbc: 2m<\/li>\n<li>Ch\u1ea5t li\u1ec7u: v\u1ea3i n\u1ec9<\/li>\n<li>Qui c\u00e1ch \u0111\u00f3ng g\u00f3i: 2 d\u00e2y \/ t\u00fai.<\/li>\n<\/ul>\n<\/div>\n<\/div>\n","protected":false},"excerpt":{"rendered":"<p>D\u00e2y treo HAPPY NEW YEAR\u00a0l\u00e0 ph\u1ee5 ki\u1ec7n kh\u00f4ng th\u1ec3 thi\u1ebfu gi\u00fap cho bu\u1ed5i party c\u1ee7a b\u1ea1n th\u00eam sinh \u0111\u1ed9ng,vui t\u01b0\u01a1i. S\u1ebd \u0111\u1eb9p h\u01a1n khi k\u1ebft h\u1ee3p c\u00f9ng \u0111\u00e8n led, b\u00f3ng h\u00ecnh c\u00f9ng ch\u1ee7 \u0111\u1ec1, b\u00f3ng bay v\u00e0 c\u00e1c ph\u1ee5 ki\u1ec7n kh\u00e1c. K\u00edch th\u01b0\u1edbc: 2m Ch\u1ea5t li\u1ec7u: v\u1ea3i n\u1ec9 Qui c\u00e1ch \u0111\u00f3ng g\u00f3i: 2 d\u00e2y \/ [&hellip;]<\/p>\n","protected":false},"featured_media":9491,"comment_status":"open","ping_status":"closed","template":"","meta":[],"product_cat":[109,468],"product_tag":[],"class_list":{"0":"post-9490","1":"product","2":"type-product","3":"status-publish","4":"has-post-thumbnail","6":"product_cat-new-year","7":"product_cat-banner-garland-new-year","9":"first","10":"instock","11":"shipping-taxable","12":"purchasable","13":"product-type-simple"},"_links":{"self":[{"href":"https:\/\/chuparty.vn\/index.php?rest_route=\/wp\/v2\/product\/9490","targetHints":{"allow":["GET"]}}],"collection":[{"href":"https:\/\/chuparty.vn\/index.php?rest_route=\/wp\/v2\/product"}],"about":[{"href":"https:\/\/chuparty.vn\/index.php?rest_route=\/wp\/v2\/types\/product"}],"replies":[{"embeddable":true,"href":"https:\/\/chuparty.vn\/index.php?rest_route=%2Fwp%2Fv2%2Fcomments&post=9490"}],"wp:featuredmedia":[{"embeddable":true,"href":"https:\/\/chuparty.vn\/index.php?rest_route=\/wp\/v2\/media\/9491"}],"wp:attachment":[{"href":"https:\/\/chuparty.vn\/index.php?rest_route=%2Fwp%2Fv2%2Fmedia&parent=9490"}],"wp:term":[{"taxonomy":"product_cat","embeddable":true,"href":"https:\/\/chuparty.vn\/index.php?rest_route=%2Fwp%2Fv2%2Fproduct_cat&post=9490"},{"taxonomy":"product_tag","embeddable":true,"href":"https:\/\/chuparty.vn\/index.php?rest_route=%2Fwp%2Fv2%2Fproduct_tag&post=9490"}],"curies":[{"name":"wp","href":"https:\/\/api.w.org\/{rel}","templated":true}]}}