{"id":9451,"date":"2024-10-21T16:12:19","date_gmt":"2024-10-21T09:12:19","guid":{"rendered":"https:\/\/chuparty.vn\/?post_type=product&#038;p=9451"},"modified":"2024-11-28T10:46:42","modified_gmt":"2024-11-28T03:46:42","slug":"mat-kinh-hinh-la-bai","status":"publish","type":"product","link":"https:\/\/chuparty.vn\/?product=mat-kinh-hinh-la-bai","title":{"rendered":"M\u1eaeT K\u00cdNH H\u00ccNH L\u00c1 B\u00c0I"},"content":{"rendered":"<p><strong>Chi ti\u1ebft s\u1ea3n ph\u1ea9m:<br \/>\n<\/strong>Ch\u1ea5t li\u1ec7u: nh\u1ef1a<br \/>\nM\u00e0u s\u1eafc: n\/a<br \/>\nK\u00edch th\u01b0\u1edbc:<br \/>\nL\u01b0u \u00fd:<\/p>\n","protected":false},"excerpt":{"rendered":"<p>Chi ti\u1ebft s\u1ea3n ph\u1ea9m: Ch\u1ea5t li\u1ec7u: nh\u1ef1a M\u00e0u s\u1eafc: n\/a K\u00edch th\u01b0\u1edbc: L\u01b0u \u00fd:<\/p>\n","protected":false},"featured_media":9452,"comment_status":"open","ping_status":"closed","template":"","meta":[],"product_cat":[512,467,141,28],"product_tag":[],"class_list":{"0":"post-9451","1":"product","2":"type-product","3":"status-publish","4":"has-post-thumbnail","6":"product_cat-sale-off-30","7":"product_cat-non-phu-kien-new-year","8":"product_cat-mat-kinh-tiec","9":"product_cat-sale","11":"first","12":"instock","13":"sale","14":"shipping-taxable","15":"purchasable","16":"product-type-simple"},"_links":{"self":[{"href":"https:\/\/chuparty.vn\/index.php?rest_route=\/wp\/v2\/product\/9451","targetHints":{"allow":["GET"]}}],"collection":[{"href":"https:\/\/chuparty.vn\/index.php?rest_route=\/wp\/v2\/product"}],"about":[{"href":"https:\/\/chuparty.vn\/index.php?rest_route=\/wp\/v2\/types\/product"}],"replies":[{"embeddable":true,"href":"https:\/\/chuparty.vn\/index.php?rest_route=%2Fwp%2Fv2%2Fcomments&post=9451"}],"wp:featuredmedia":[{"embeddable":true,"href":"https:\/\/chuparty.vn\/index.php?rest_route=\/wp\/v2\/media\/9452"}],"wp:attachment":[{"href":"https:\/\/chuparty.vn\/index.php?rest_route=%2Fwp%2Fv2%2Fmedia&parent=9451"}],"wp:term":[{"taxonomy":"product_cat","embeddable":true,"href":"https:\/\/chuparty.vn\/index.php?rest_route=%2Fwp%2Fv2%2Fproduct_cat&post=9451"},{"taxonomy":"product_tag","embeddable":true,"href":"https:\/\/chuparty.vn\/index.php?rest_route=%2Fwp%2Fv2%2Fproduct_tag&post=9451"}],"curies":[{"name":"wp","href":"https:\/\/api.w.org\/{rel}","templated":true}]}}