{"id":9428,"date":"2024-10-08T12:10:03","date_gmt":"2024-10-08T05:10:03","guid":{"rendered":"https:\/\/chuparty.vn\/?post_type=product&#038;p=9428"},"modified":"2026-01-15T11:16:52","modified_gmt":"2026-01-15T04:16:52","slug":"set-6-bong-tim-do","status":"publish","type":"product","link":"https:\/\/chuparty.vn\/?product=set-6-bong-tim-do","title":{"rendered":"SET 6 B\u00d3NG TIM \u0110\u1ece"},"content":{"rendered":"<p><strong>Th\u00f4ng tin s\u1ea3n ph\u1ea9m:<br \/>\n<\/strong>M\u00e0u s\u1eafc: \u0111\u1ecf<br \/>\nK\u00edch th\u01b0\u1edbc b\u00f3ng: 30cm h\u00ecnh tr\u00e1i tim<br \/>\nQui c\u00e1ch \u0111\u00f3ng g\u00f3i: 6 v\u1ecf b\u00f3ng\/set<\/p>\n<p>\u2013&gt; Ch\u01b0a bao g\u1ed3m Sticker d\u00e1n b\u00f3ng , n\u1ebfu b\u1ea1n c\u00f3 nhu c\u1ea7u g\u1eafn Sticker theo y\u00eau c\u1ea7u vui l\u00f2ng li\u00ean h\u1ec7 nh\u00e2n vi\u00ean b\u00e1n h\u00e0ng \u0111\u1ec3 \u0111\u01b0\u1ee3c b\u00e1o gi\u00e1<br \/>\n&#8211;&gt;\u00a0 B\u00f3ng \u0111\u01b0\u1ee3c giao \u1edf tr\u1ea1ng th\u00e1i ch\u01b0a b\u01a1m, b\u00f3ng c\u00f3 th\u1ec3 b\u01a1m b\u1eb1ng m\u00e1y b\u01a1m\/b\u01a1m tay ho\u1eb7c kh\u00ed helium t\u00f9y theo nhu c\u1ea7u s\u1eed d\u1ee5ng.<br \/>\n&#8211;&gt; N\u1ebfu b\u1ea1n c\u00f3 nhu c\u1ea7u b\u01a1m kh\u00ed helium \u0111\u1ec3 b\u00f3ng bay, vui l\u00f2ng li\u00ean h\u1ec7 v\u1edbi nh\u00e2n vi\u00ean b\u00e1n h\u00e0ng \u0111\u1ec3 \u0111\u01b0\u1ee3c t\u01b0 v\u1ea5n v\u00e0 b\u00e1o gi\u00e1.<\/p>\n","protected":false},"excerpt":{"rendered":"<p>Th\u00f4ng tin s\u1ea3n ph\u1ea9m: M\u00e0u s\u1eafc: \u0111\u1ecf K\u00edch th\u01b0\u1edbc b\u00f3ng: 30cm h\u00ecnh tr\u00e1i tim Qui c\u00e1ch \u0111\u00f3ng g\u00f3i: 6 v\u1ecf b\u00f3ng\/set \u2013&gt; Ch\u01b0a bao g\u1ed3m Sticker d\u00e1n b\u00f3ng , n\u1ebfu b\u1ea1n c\u00f3 nhu c\u1ea7u g\u1eafn Sticker theo y\u00eau c\u1ea7u vui l\u00f2ng li\u00ean h\u1ec7 nh\u00e2n vi\u00ean b\u00e1n h\u00e0ng \u0111\u1ec3 \u0111\u01b0\u1ee3c b\u00e1o gi\u00e1 &#8211;&gt;\u00a0 B\u00f3ng \u0111\u01b0\u1ee3c giao [&hellip;]<\/p>\n","protected":false},"featured_media":9811,"comment_status":"open","ping_status":"closed","template":"","meta":[],"product_cat":[525,213,488,135,247,90],"product_tag":[],"class_list":{"0":"post-9428","1":"product","2":"type-product","3":"status-publish","4":"has-post-thumbnail","6":"product_cat-bridal-shower","7":"product_cat-love-wedding-anniversary","8":"product_cat-bong-bong-trang-tri-tiec-cau-hon-cuoi-valentine-anni","9":"product_cat-new-arrival","10":"product_cat-womens-day","11":"product_cat-bong-cao-su","13":"first","14":"instock","15":"shipping-taxable","16":"purchasable","17":"product-type-simple"},"_links":{"self":[{"href":"https:\/\/chuparty.vn\/index.php?rest_route=\/wp\/v2\/product\/9428","targetHints":{"allow":["GET"]}}],"collection":[{"href":"https:\/\/chuparty.vn\/index.php?rest_route=\/wp\/v2\/product"}],"about":[{"href":"https:\/\/chuparty.vn\/index.php?rest_route=\/wp\/v2\/types\/product"}],"replies":[{"embeddable":true,"href":"https:\/\/chuparty.vn\/index.php?rest_route=%2Fwp%2Fv2%2Fcomments&post=9428"}],"wp:featuredmedia":[{"embeddable":true,"href":"https:\/\/chuparty.vn\/index.php?rest_route=\/wp\/v2\/media\/9811"}],"wp:attachment":[{"href":"https:\/\/chuparty.vn\/index.php?rest_route=%2Fwp%2Fv2%2Fmedia&parent=9428"}],"wp:term":[{"taxonomy":"product_cat","embeddable":true,"href":"https:\/\/chuparty.vn\/index.php?rest_route=%2Fwp%2Fv2%2Fproduct_cat&post=9428"},{"taxonomy":"product_tag","embeddable":true,"href":"https:\/\/chuparty.vn\/index.php?rest_route=%2Fwp%2Fv2%2Fproduct_tag&post=9428"}],"curies":[{"name":"wp","href":"https:\/\/api.w.org\/{rel}","templated":true}]}}