{"id":9376,"date":"2024-09-26T15:26:53","date_gmt":"2024-09-26T08:26:53","guid":{"rendered":"https:\/\/chuparty.vn\/?post_type=product&#038;p=9376"},"modified":"2024-09-26T15:26:53","modified_gmt":"2024-09-26T08:26:53","slug":"khan-trai-ban-lau-dai-135175cm","status":"publish","type":"product","link":"https:\/\/chuparty.vn\/?product=khan-trai-ban-lau-dai-135175cm","title":{"rendered":"KH\u0102N TR\u1ea2I B\u00c0N L\u00c2U \u0110\u00c0I 135*175CM"},"content":{"rendered":"<p><strong>Chi ti\u1ebft s\u1ea3n ph\u1ea9m:<\/strong><\/p>\n<ul>\n<li>K\u00edch th\u01b0\u1edbc: 135*175cm\/53*68inch<\/li>\n<li>Ch\u1ea5t li\u1ec7u: v\u1ea3i<\/li>\n<li>M\u00e0u s\u1eafc: m\u00e0u \u0111en<\/li>\n<li>Qui c\u00e1ch \u0111\u00f3ng g\u00f3i: 1 c\u00e1i \/ t\u00fai.<\/li>\n<\/ul>\n","protected":false},"excerpt":{"rendered":"<p>Chi ti\u1ebft s\u1ea3n ph\u1ea9m: K\u00edch th\u01b0\u1edbc: 135*175cm\/53*68inch Ch\u1ea5t li\u1ec7u: v\u1ea3i M\u00e0u s\u1eafc: m\u00e0u \u0111en Qui c\u00e1ch \u0111\u00f3ng g\u00f3i: 1 c\u00e1i \/ t\u00fai.<\/p>\n","protected":false},"featured_media":9373,"comment_status":"open","ping_status":"closed","template":"","meta":[],"product_cat":[324,460],"product_tag":[],"class_list":{"0":"post-9376","1":"product","2":"type-product","3":"status-publish","4":"has-post-thumbnail","6":"product_cat-halloween","7":"product_cat-phu-kien-halloween","9":"first","10":"instock","11":"shipping-taxable","12":"purchasable","13":"product-type-simple"},"_links":{"self":[{"href":"https:\/\/chuparty.vn\/index.php?rest_route=\/wp\/v2\/product\/9376","targetHints":{"allow":["GET"]}}],"collection":[{"href":"https:\/\/chuparty.vn\/index.php?rest_route=\/wp\/v2\/product"}],"about":[{"href":"https:\/\/chuparty.vn\/index.php?rest_route=\/wp\/v2\/types\/product"}],"replies":[{"embeddable":true,"href":"https:\/\/chuparty.vn\/index.php?rest_route=%2Fwp%2Fv2%2Fcomments&post=9376"}],"wp:featuredmedia":[{"embeddable":true,"href":"https:\/\/chuparty.vn\/index.php?rest_route=\/wp\/v2\/media\/9373"}],"wp:attachment":[{"href":"https:\/\/chuparty.vn\/index.php?rest_route=%2Fwp%2Fv2%2Fmedia&parent=9376"}],"wp:term":[{"taxonomy":"product_cat","embeddable":true,"href":"https:\/\/chuparty.vn\/index.php?rest_route=%2Fwp%2Fv2%2Fproduct_cat&post=9376"},{"taxonomy":"product_tag","embeddable":true,"href":"https:\/\/chuparty.vn\/index.php?rest_route=%2Fwp%2Fv2%2Fproduct_tag&post=9376"}],"curies":[{"name":"wp","href":"https:\/\/api.w.org\/{rel}","templated":true}]}}