{"id":9315,"date":"2024-09-26T10:53:54","date_gmt":"2024-09-26T03:53:54","guid":{"rendered":"https:\/\/chuparty.vn\/?post_type=product&#038;p=9315"},"modified":"2024-10-22T10:43:47","modified_gmt":"2024-10-22T03:43:47","slug":"set-6-dau-lau-kinh-di","status":"publish","type":"product","link":"https:\/\/chuparty.vn\/?product=set-6-dau-lau-kinh-di","title":{"rendered":"SET 6 \u0110\u1ea6U L\u00c2U KINH D\u1eca"},"content":{"rendered":"<p><strong>\u0110\u1ed3 trang tr\u00ed Halloween<\/strong>\u00a0s\u1ebd mang l\u1ea1i kh\u00f4ng kh\u00ed r\u00f9ng r\u1ee3n v\u00e0 th\u00fa v\u1ecb cho kh\u00f4ng gian ho\u1eb7c bu\u1ed5i ti\u1ec7c c\u1ee7a b\u1ea1n, mang l\u1ea1i tr\u1ea3i nghi\u1ec7m \u0111\u00e1ng nh\u1edb cho b\u1ea1n v\u00e0 kh\u00e1ch m\u1eddi trong d\u1ecbp Halloween. C\u00f3 th\u1ec3 treo nh\u1eefng m\u00f3n \u0111\u1ed3 ch\u01a1i Halloween \u1edf l\u1ed1i ra v\u00e0o ho\u1eb7c qu\u1ea7y thu ng\u00e2n, b\u1ea1n c\u00f3 th\u1ec3 t\u1ea1o ra m\u1ed9t kh\u00f4ng gian Halloween \u0111\u1ea7y th\u00fa v\u1ecb v\u00e0 h\u1ea5p d\u1eabn.<\/p>\n<p><strong>Chi ti\u1ebft s\u1ea3n ph\u1ea9m:<\/strong><\/p>\n<ul>\n<li>K\u00edch th\u01b0\u1edbc: 9cm*9cm*13cm<\/li>\n<li>Ch\u1ea5t li\u1ec7u: nh\u1ef1a c\u1ee9ng<\/li>\n<li>Qui c\u00e1ch \u0111\u00f3ng g\u00f3i: 6 c\u00e1i \/ t\u00fai.<\/li>\n<li>M\u00e0u s\u1eafc: m\u00e0u b\u1ea1c<\/li>\n<li>M\u00f4 t\u1ea3 s\u1ea3n ph\u1ea9m:<br \/>\n<strong>\u2013&gt; L\u01afU \u00dd: S\u1ea2N PH\u1ea8M KH\u00d4NG PH\u00d9 H\u1ee2P V\u1edaI TR\u1eba EM D\u01af\u1edaI 13 TU\u1ed4I<\/strong><\/li>\n<\/ul>\n","protected":false},"excerpt":{"rendered":"<p>\u0110\u1ed3 trang tr\u00ed Halloween\u00a0s\u1ebd mang l\u1ea1i kh\u00f4ng kh\u00ed r\u00f9ng r\u1ee3n v\u00e0 th\u00fa v\u1ecb cho kh\u00f4ng gian ho\u1eb7c bu\u1ed5i ti\u1ec7c c\u1ee7a b\u1ea1n, mang l\u1ea1i tr\u1ea3i nghi\u1ec7m \u0111\u00e1ng nh\u1edb cho b\u1ea1n v\u00e0 kh\u00e1ch m\u1eddi trong d\u1ecbp Halloween. C\u00f3 th\u1ec3 treo nh\u1eefng m\u00f3n \u0111\u1ed3 ch\u01a1i Halloween \u1edf l\u1ed1i ra v\u00e0o ho\u1eb7c qu\u1ea7y thu ng\u00e2n, b\u1ea1n c\u00f3 th\u1ec3 t\u1ea1o [&hellip;]<\/p>\n","protected":false},"featured_media":9316,"comment_status":"open","ping_status":"closed","template":"","meta":[],"product_cat":[324,460],"product_tag":[],"class_list":{"0":"post-9315","1":"product","2":"type-product","3":"status-publish","4":"has-post-thumbnail","6":"product_cat-halloween","7":"product_cat-phu-kien-halloween","9":"first","10":"instock","11":"shipping-taxable","12":"purchasable","13":"product-type-simple"},"_links":{"self":[{"href":"https:\/\/chuparty.vn\/index.php?rest_route=\/wp\/v2\/product\/9315","targetHints":{"allow":["GET"]}}],"collection":[{"href":"https:\/\/chuparty.vn\/index.php?rest_route=\/wp\/v2\/product"}],"about":[{"href":"https:\/\/chuparty.vn\/index.php?rest_route=\/wp\/v2\/types\/product"}],"replies":[{"embeddable":true,"href":"https:\/\/chuparty.vn\/index.php?rest_route=%2Fwp%2Fv2%2Fcomments&post=9315"}],"wp:featuredmedia":[{"embeddable":true,"href":"https:\/\/chuparty.vn\/index.php?rest_route=\/wp\/v2\/media\/9316"}],"wp:attachment":[{"href":"https:\/\/chuparty.vn\/index.php?rest_route=%2Fwp%2Fv2%2Fmedia&parent=9315"}],"wp:term":[{"taxonomy":"product_cat","embeddable":true,"href":"https:\/\/chuparty.vn\/index.php?rest_route=%2Fwp%2Fv2%2Fproduct_cat&post=9315"},{"taxonomy":"product_tag","embeddable":true,"href":"https:\/\/chuparty.vn\/index.php?rest_route=%2Fwp%2Fv2%2Fproduct_tag&post=9315"}],"curies":[{"name":"wp","href":"https:\/\/api.w.org\/{rel}","templated":true}]}}