{"id":9300,"date":"2024-09-26T10:00:30","date_gmt":"2024-09-26T03:00:30","guid":{"rendered":"https:\/\/chuparty.vn\/?post_type=product&#038;p=9300"},"modified":"2025-10-21T14:37:11","modified_gmt":"2025-10-21T07:37:11","slug":"nen-dien-dau-lau-ma-quai","status":"publish","type":"product","link":"https:\/\/chuparty.vn\/?product=nen-dien-dau-lau-ma-quai","title":{"rendered":"N\u1ebeN \u0110I\u1ec6N \u0110\u1ea6U L\u00c2U 4 CH\u00c2N"},"content":{"rendered":"<p><strong>Chi ti\u1ebft s\u1ea3n ph\u1ea9m:<\/strong><\/p>\n<ul>\n<li>K\u00edch th\u01b0\u1edbc: 8cm * 8,5cm<\/li>\n<li>Ch\u1ea5t li\u1ec7u: nh\u1ef1a c\u1ee9ng<\/li>\n<li>Qui c\u00e1ch \u0111\u00f3ng g\u00f3i: 1 c\u00e1i \/ t\u00fai.<\/li>\n<li>M\u00e0u s\u1eafc: m\u00e0u \u0111en<\/li>\n<li>S\u1eed d\u1ee5ng pin an to\u00e0n<br \/>\n<strong>\u2013&gt; L\u01b0u \u00fd: KH\u00d4NG PH\u00d9 H\u1ee2P CHO TR\u1eba EM D\u01af\u1edaI 6 TU\u1ed4I<\/strong><\/li>\n<\/ul>\n","protected":false},"excerpt":{"rendered":"<p>Chi ti\u1ebft s\u1ea3n ph\u1ea9m: K\u00edch th\u01b0\u1edbc: 8cm * 8,5cm Ch\u1ea5t li\u1ec7u: nh\u1ef1a c\u1ee9ng Qui c\u00e1ch \u0111\u00f3ng g\u00f3i: 1 c\u00e1i \/ t\u00fai. M\u00e0u s\u1eafc: m\u00e0u \u0111en S\u1eed d\u1ee5ng pin an to\u00e0n \u2013&gt; L\u01b0u \u00fd: KH\u00d4NG PH\u00d9 H\u1ee2P CHO TR\u1eba EM D\u01af\u1edaI 6 TU\u1ed4I<\/p>\n","protected":false},"featured_media":9301,"comment_status":"open","ping_status":"closed","template":"","meta":[],"product_cat":[509,324],"product_tag":[],"class_list":{"0":"post-9300","1":"product","2":"type-product","3":"status-publish","4":"has-post-thumbnail","6":"product_cat-den-nen-halloween","7":"product_cat-halloween","9":"first","10":"instock","11":"shipping-taxable","12":"purchasable","13":"product-type-simple"},"_links":{"self":[{"href":"https:\/\/chuparty.vn\/index.php?rest_route=\/wp\/v2\/product\/9300","targetHints":{"allow":["GET"]}}],"collection":[{"href":"https:\/\/chuparty.vn\/index.php?rest_route=\/wp\/v2\/product"}],"about":[{"href":"https:\/\/chuparty.vn\/index.php?rest_route=\/wp\/v2\/types\/product"}],"replies":[{"embeddable":true,"href":"https:\/\/chuparty.vn\/index.php?rest_route=%2Fwp%2Fv2%2Fcomments&post=9300"}],"wp:featuredmedia":[{"embeddable":true,"href":"https:\/\/chuparty.vn\/index.php?rest_route=\/wp\/v2\/media\/9301"}],"wp:attachment":[{"href":"https:\/\/chuparty.vn\/index.php?rest_route=%2Fwp%2Fv2%2Fmedia&parent=9300"}],"wp:term":[{"taxonomy":"product_cat","embeddable":true,"href":"https:\/\/chuparty.vn\/index.php?rest_route=%2Fwp%2Fv2%2Fproduct_cat&post=9300"},{"taxonomy":"product_tag","embeddable":true,"href":"https:\/\/chuparty.vn\/index.php?rest_route=%2Fwp%2Fv2%2Fproduct_tag&post=9300"}],"curies":[{"name":"wp","href":"https:\/\/api.w.org\/{rel}","templated":true}]}}