{"id":9284,"date":"2024-09-26T09:38:06","date_gmt":"2024-09-26T02:38:06","guid":{"rendered":"https:\/\/chuparty.vn\/?post_type=product&#038;p=9284"},"modified":"2025-09-11T19:11:25","modified_gmt":"2025-09-11T12:11:25","slug":"warning-tape","status":"publish","type":"product","link":"https:\/\/chuparty.vn\/?product=warning-tape","title":{"rendered":"WARNING TAPE &#8211; D\u1ea2I B\u0102NG C\u1ea2NH B\u00c1O"},"content":{"rendered":"<p><strong>Chi ti\u1ebft s\u1ea3n ph\u1ea9m:<\/strong><\/p>\n<ul>\n<li>K\u00edch th\u01b0\u1edbc: 600cm * 7,5cm \u2013 D\u00e2y d\u00e0i 6m<\/li>\n<li>Ch\u1ea5t li\u1ec7u: nilon<\/li>\n<li>Qui c\u00e1ch \u0111\u00f3ng g\u00f3i: 1 d\u00e2y \/ t\u00fai.<\/li>\n<li>M\u00e0u s\u1eafc: m\u00e0u \u0111en cam<br \/>\n<strong>\u2013&gt; L\u01b0u \u00fd: KH\u00d4NG PH\u00d9 H\u1ee2P CHO TR\u1eba EM D\u01af\u1edaI 6 TU\u1ed4I<\/strong><\/li>\n<\/ul>\n","protected":false},"excerpt":{"rendered":"<p>Chi ti\u1ebft s\u1ea3n ph\u1ea9m: K\u00edch th\u01b0\u1edbc: 600cm * 7,5cm \u2013 D\u00e2y d\u00e0i 6m Ch\u1ea5t li\u1ec7u: nilon Qui c\u00e1ch \u0111\u00f3ng g\u00f3i: 1 d\u00e2y \/ t\u00fai. M\u00e0u s\u1eafc: m\u00e0u \u0111en cam \u2013&gt; L\u01b0u \u00fd: KH\u00d4NG PH\u00d9 H\u1ee2P CHO TR\u1eba EM D\u01af\u1edaI 6 TU\u1ed4I<\/p>\n","protected":false},"featured_media":9285,"comment_status":"open","ping_status":"closed","template":"","meta":[],"product_cat":[324,460],"product_tag":[],"class_list":{"0":"post-9284","1":"product","2":"type-product","3":"status-publish","4":"has-post-thumbnail","6":"product_cat-halloween","7":"product_cat-phu-kien-halloween","9":"first","10":"instock","11":"shipping-taxable","12":"purchasable","13":"product-type-simple"},"_links":{"self":[{"href":"https:\/\/chuparty.vn\/index.php?rest_route=\/wp\/v2\/product\/9284","targetHints":{"allow":["GET"]}}],"collection":[{"href":"https:\/\/chuparty.vn\/index.php?rest_route=\/wp\/v2\/product"}],"about":[{"href":"https:\/\/chuparty.vn\/index.php?rest_route=\/wp\/v2\/types\/product"}],"replies":[{"embeddable":true,"href":"https:\/\/chuparty.vn\/index.php?rest_route=%2Fwp%2Fv2%2Fcomments&post=9284"}],"wp:featuredmedia":[{"embeddable":true,"href":"https:\/\/chuparty.vn\/index.php?rest_route=\/wp\/v2\/media\/9285"}],"wp:attachment":[{"href":"https:\/\/chuparty.vn\/index.php?rest_route=%2Fwp%2Fv2%2Fmedia&parent=9284"}],"wp:term":[{"taxonomy":"product_cat","embeddable":true,"href":"https:\/\/chuparty.vn\/index.php?rest_route=%2Fwp%2Fv2%2Fproduct_cat&post=9284"},{"taxonomy":"product_tag","embeddable":true,"href":"https:\/\/chuparty.vn\/index.php?rest_route=%2Fwp%2Fv2%2Fproduct_tag&post=9284"}],"curies":[{"name":"wp","href":"https:\/\/api.w.org\/{rel}","templated":true}]}}