{"id":9279,"date":"2024-09-25T12:14:18","date_gmt":"2024-09-25T05:14:18","guid":{"rendered":"https:\/\/chuparty.vn\/?post_type=product&#038;p=9279"},"modified":"2024-10-10T10:21:32","modified_gmt":"2024-10-10T03:21:32","slug":"con-ma-halloween-kinh-di-120cm","status":"publish","type":"product","link":"https:\/\/chuparty.vn\/?product=con-ma-halloween-kinh-di-120cm","title":{"rendered":"CON MA HALLOWEEN KINH D\u1eca 120CM"},"content":{"rendered":"<p><strong><br \/>\nHalloween <\/strong>\u0111\u01b0\u1ee3c bi\u1ebft \u0111\u1ebfn nh\u01b0 m\u1ed9t l\u1ec5 h\u1ed9i c\u1ee7a ma qu\u1ef7, th\u1ebf gi\u1edbi h\u1eafc \u00e1m. Nh\u1eefng m\u00f3n \u0111\u1ed3 trang tr\u00ed <strong>Halloween<\/strong> r\u00f9ng r\u1ee3n, kinh d\u1ecb l\u1ea1i c\u00e0ng \u0111\u01b0\u1ee3c y\u00eau th\u00edch, s\u1ebd mang l\u1ea1i kh\u00f4ng kh\u00ed r\u00f9ng r\u1ee3n v\u00e0 th\u00fa v\u1ecb cho kh\u00f4ng gian ho\u1eb7c bu\u1ed5i ti\u1ec7c c\u1ee7a b\u1ea1n, mang l\u1ea1i tr\u1ea3i nghi\u1ec7m \u0111\u00e1ng nh\u1edb cho m\u1ecdi ng\u01b0\u1eddi trong d\u1ecbp <strong>Halloween<\/strong>. H\u00e3y t\u1ea1o n\u00ean kh\u00f4ng gian th\u1eadt kh\u00e1c bi\u1ec7t v\u1edbi ph\u1ee5 ki\u1ec7n trang tr\u00ed <strong>Halloween<\/strong> c\u00f3 s\u1eb5n t\u1ea1i <strong>Chu Party<\/strong> nh\u00e9.<\/p>\n<p><strong>Chi ti\u1ebft s\u1ea3n ph\u1ea9m:<\/strong><\/p>\n<ul>\n<li>K\u00edch th\u01b0\u1edbc: 72cm*120cm<\/li>\n<li>Ch\u1ea5t li\u1ec7u: nh\u1ef1a c\u1ee9ng &amp; v\u1ea3i b\u1ed1<\/li>\n<li>Qui c\u00e1ch \u0111\u00f3ng g\u00f3i: 1 s\u1ea3n ph\u1ea9m \/ t\u00fai. Khi nh\u1eadn h\u00e0ng con ma trong tr\u1ea1ng th\u00e1i \u0111\u01b0\u1ee3c g\u1ea5p g\u1ecdn. \u0110\u1ea7u con ma b\u1eb1ng nh\u1ef1a, c\u00f3 thanh k\u1ebdm \u0111i\u1ec1u ch\u1ec9nh tay \u00e1o d\u1ec5 d\u00e0ng. \u00c1o b\u1eb1ng v\u1ea3i.<\/li>\n<li>M\u00e0u s\u1eafc: m\u00e0u \u0111en x\u00e1m<\/li>\n<li>M\u00f4 t\u1ea3 s\u1ea3n ph\u1ea9m: S\u1ea3n ph\u1ea9m c\u00f3 th\u1ec3 ch\u1ecbu \u0111\u01b0\u1ee3c n\u1eafng m\u01b0a, trang tr\u00ed \u0111\u01b0\u1ee3c \u1edf ngo\u00e0i tr\u1eddi.<br \/>\n<strong>\u2013&gt; L\u01afU \u00dd: S\u1ea2N PH\u1ea8M KH\u00d4NG PH\u00d9 H\u1ee2P V\u1edaI TR\u1eba EM D\u01af\u1edaI 13 TU\u1ed4I<\/strong><\/li>\n<\/ul>\n","protected":false},"excerpt":{"rendered":"<p>Halloween \u0111\u01b0\u1ee3c bi\u1ebft \u0111\u1ebfn nh\u01b0 m\u1ed9t l\u1ec5 h\u1ed9i c\u1ee7a ma qu\u1ef7, th\u1ebf gi\u1edbi h\u1eafc \u00e1m. Nh\u1eefng m\u00f3n \u0111\u1ed3 trang tr\u00ed Halloween r\u00f9ng r\u1ee3n, kinh d\u1ecb l\u1ea1i c\u00e0ng \u0111\u01b0\u1ee3c y\u00eau th\u00edch, s\u1ebd mang l\u1ea1i kh\u00f4ng kh\u00ed r\u00f9ng r\u1ee3n v\u00e0 th\u00fa v\u1ecb cho kh\u00f4ng gian ho\u1eb7c bu\u1ed5i ti\u1ec7c c\u1ee7a b\u1ea1n, mang l\u1ea1i tr\u1ea3i nghi\u1ec7m \u0111\u00e1ng nh\u1edb cho [&hellip;]<\/p>\n","protected":false},"featured_media":9280,"comment_status":"open","ping_status":"closed","template":"","meta":[],"product_cat":[324,460],"product_tag":[],"class_list":{"0":"post-9279","1":"product","2":"type-product","3":"status-publish","4":"has-post-thumbnail","6":"product_cat-halloween","7":"product_cat-phu-kien-halloween","9":"first","10":"instock","11":"shipping-taxable","12":"purchasable","13":"product-type-simple"},"_links":{"self":[{"href":"https:\/\/chuparty.vn\/index.php?rest_route=\/wp\/v2\/product\/9279","targetHints":{"allow":["GET"]}}],"collection":[{"href":"https:\/\/chuparty.vn\/index.php?rest_route=\/wp\/v2\/product"}],"about":[{"href":"https:\/\/chuparty.vn\/index.php?rest_route=\/wp\/v2\/types\/product"}],"replies":[{"embeddable":true,"href":"https:\/\/chuparty.vn\/index.php?rest_route=%2Fwp%2Fv2%2Fcomments&post=9279"}],"wp:featuredmedia":[{"embeddable":true,"href":"https:\/\/chuparty.vn\/index.php?rest_route=\/wp\/v2\/media\/9280"}],"wp:attachment":[{"href":"https:\/\/chuparty.vn\/index.php?rest_route=%2Fwp%2Fv2%2Fmedia&parent=9279"}],"wp:term":[{"taxonomy":"product_cat","embeddable":true,"href":"https:\/\/chuparty.vn\/index.php?rest_route=%2Fwp%2Fv2%2Fproduct_cat&post=9279"},{"taxonomy":"product_tag","embeddable":true,"href":"https:\/\/chuparty.vn\/index.php?rest_route=%2Fwp%2Fv2%2Fproduct_tag&post=9279"}],"curies":[{"name":"wp","href":"https:\/\/api.w.org\/{rel}","templated":true}]}}