{"id":9260,"date":"2024-09-23T15:53:39","date_gmt":"2024-09-23T08:53:39","guid":{"rendered":"https:\/\/chuparty.vn\/?post_type=product&#038;p=9260"},"modified":"2024-10-12T12:37:14","modified_gmt":"2024-10-12T05:37:14","slug":"non-vai-den-halloween","status":"publish","type":"product","link":"https:\/\/chuparty.vn\/?product=non-vai-den-halloween","title":{"rendered":"N\u00d3N V\u1ea2I \u0110EN HALLOWEEN"},"content":{"rendered":"<p>\u0110\u1ed3 trang tr\u00ed Halloween s\u1ebd mang l\u1ea1i kh\u00f4ng kh\u00ed th\u00fa v\u1ecb cho kh\u00f4ng gian ho\u1eb7c bu\u1ed5i ti\u1ec7c c\u1ee7a b\u1ea1n, cho b\u1ea1n v\u00e0 kh\u00e1ch m\u1eddi tr\u1ea3i nghi\u1ec7m \u0111\u00e1ng nh\u1edb trong d\u1ecbp Halloween. C\u00f3 th\u1ec3 treo nh\u1eefng m\u00f3n \u0111\u1ed3 ch\u01a1i Halloween \u1edf l\u1ed1i ra v\u00e0o, ph\u00f2ng ng\u1ee7, ph\u00f2ng kh\u00e1ch ho\u1eb7c b\u1ea5t k\u1ef3 kh\u00f4ng gian n\u00e0o b\u1ea1n th\u00edch, b\u1ea1n s\u1ebd t\u1ea1o ra m\u1ed9t kh\u00f4ng gian Halloween \u0111\u1ea7y th\u00fa v\u1ecb v\u00e0 h\u1ea5p d\u1eabn.<strong><\/p>\n<p>Chi ti\u1ebft s\u1ea3n ph\u1ea9m<\/strong><\/p>\n<ul>\n<li>K\u00edch th\u01b0\u1edbc:<br \/>\nsize S: 33*34*18cm<br \/>\nsize L: 36*38*19cm<\/li>\n<li>Ch\u1ea5t li\u1ec7u: V\u1ea2I<\/li>\n<li>M\u00e0u s\u1eafc: \u0110EN<\/li>\n<\/ul>\n","protected":false},"excerpt":{"rendered":"<p>\u0110\u1ed3 trang tr\u00ed Halloween s\u1ebd mang l\u1ea1i kh\u00f4ng kh\u00ed th\u00fa v\u1ecb cho kh\u00f4ng gian ho\u1eb7c bu\u1ed5i ti\u1ec7c c\u1ee7a b\u1ea1n, cho b\u1ea1n v\u00e0 kh\u00e1ch m\u1eddi tr\u1ea3i nghi\u1ec7m \u0111\u00e1ng nh\u1edb trong d\u1ecbp Halloween. C\u00f3 th\u1ec3 treo nh\u1eefng m\u00f3n \u0111\u1ed3 ch\u01a1i Halloween \u1edf l\u1ed1i ra v\u00e0o, ph\u00f2ng ng\u1ee7, ph\u00f2ng kh\u00e1ch ho\u1eb7c b\u1ea5t k\u1ef3 kh\u00f4ng gian n\u00e0o b\u1ea1n th\u00edch, [&hellip;]<\/p>\n","protected":false},"featured_media":9436,"comment_status":"open","ping_status":"closed","template":"","meta":[],"product_cat":[324,460],"product_tag":[],"class_list":{"0":"post-9260","1":"product","2":"type-product","3":"status-publish","4":"has-post-thumbnail","6":"product_cat-halloween","7":"product_cat-phu-kien-halloween","9":"first","10":"instock","11":"shipping-taxable","12":"purchasable","13":"product-type-simple"},"_links":{"self":[{"href":"https:\/\/chuparty.vn\/index.php?rest_route=\/wp\/v2\/product\/9260","targetHints":{"allow":["GET"]}}],"collection":[{"href":"https:\/\/chuparty.vn\/index.php?rest_route=\/wp\/v2\/product"}],"about":[{"href":"https:\/\/chuparty.vn\/index.php?rest_route=\/wp\/v2\/types\/product"}],"replies":[{"embeddable":true,"href":"https:\/\/chuparty.vn\/index.php?rest_route=%2Fwp%2Fv2%2Fcomments&post=9260"}],"wp:featuredmedia":[{"embeddable":true,"href":"https:\/\/chuparty.vn\/index.php?rest_route=\/wp\/v2\/media\/9436"}],"wp:attachment":[{"href":"https:\/\/chuparty.vn\/index.php?rest_route=%2Fwp%2Fv2%2Fmedia&parent=9260"}],"wp:term":[{"taxonomy":"product_cat","embeddable":true,"href":"https:\/\/chuparty.vn\/index.php?rest_route=%2Fwp%2Fv2%2Fproduct_cat&post=9260"},{"taxonomy":"product_tag","embeddable":true,"href":"https:\/\/chuparty.vn\/index.php?rest_route=%2Fwp%2Fv2%2Fproduct_tag&post=9260"}],"curies":[{"name":"wp","href":"https:\/\/api.w.org\/{rel}","templated":true}]}}