{"id":9244,"date":"2024-09-03T10:20:15","date_gmt":"2024-09-03T03:20:15","guid":{"rendered":"https:\/\/chuparty.vn\/?post_type=product&#038;p=9244"},"modified":"2026-02-24T14:22:35","modified_gmt":"2026-02-24T07:22:35","slug":"combo-bong-gau-xam-matte","status":"publish","type":"product","link":"https:\/\/chuparty.vn\/?product=combo-bong-gau-xam-matte","title":{"rendered":"COMBO B\u00d3NG G\u1ea4U X\u00c1M MATTE"},"content":{"rendered":"<p><strong>COMBO B\u00d3NG TRANG TR\u00cd TI\u1ec6C \u2013<\/strong><span class=\"pq6dq46d tbxw36s4 knj5qynh kvgmc6g5 ditlmg2l oygrvhab nvdbi5me sf5mxxl7 gl3lb2sf hhz5lgdu\">\u00a0 G\u1ed3m :<\/span><\/p>\n<p>* 3 Hoa Daisy handmade<br \/>\n* 1 B\u00f3ng Handmade B\u00e1nh sinh nh\u1eadt<br \/>\n*\u00a0 1 B\u00f3ng G\u1ea5u x\u00e1m matte<br \/>\n<strong>L\u01afU \u00dd: <\/strong>+ B\u00f3ng G\u1ea4U giao \u1edf tr\u1ea1ng th\u00e1i ch\u01b0a b\u01a1m, c\u00f3 th\u1ec3 mua th\u00eam 1 \u0111\u1ed3 b\u01a1m tay \u0111\u1ec3 b\u01a1m b\u00f3ng v\u00e0 set up t\u1ea1i nh\u00e0.<strong><br \/>\n<\/strong>\u00a0 \u00a0 \u00a0 \u00a0 \u00a0 \u00a0 \u00a0+ Gi\u00e1 s\u1ea3n ph\u1ea9m ch\u01b0a bao g\u1ed3m ph\u00ed giao h\u00e0ng.<\/p>\n","protected":false},"excerpt":{"rendered":"<p>COMBO B\u00d3NG TRANG TR\u00cd TI\u1ec6C \u2013\u00a0 G\u1ed3m : * 3 Hoa Daisy handmade * 1 B\u00f3ng Handmade B\u00e1nh sinh nh\u1eadt *\u00a0 1 B\u00f3ng G\u1ea5u x\u00e1m matte L\u01afU \u00dd: + B\u00f3ng G\u1ea4U giao \u1edf tr\u1ea1ng th\u00e1i ch\u01b0a b\u01a1m, c\u00f3 th\u1ec3 mua th\u00eam 1 \u0111\u1ed3 b\u01a1m tay \u0111\u1ec3 b\u01a1m b\u00f3ng v\u00e0 set up t\u1ea1i nh\u00e0. \u00a0 \u00a0 [&hellip;]<\/p>\n","protected":false},"featured_media":9006,"comment_status":"open","ping_status":"closed","template":"","meta":[],"product_cat":[537,536,508],"product_tag":[],"class_list":{"0":"post-9244","1":"product","2":"type-product","3":"status-publish","4":"has-post-thumbnail","6":"product_cat-blue","7":"product_cat-color","8":"product_cat-combo-bong-handmade","10":"first","11":"instock","12":"shipping-taxable","13":"purchasable","14":"product-type-simple"},"_links":{"self":[{"href":"https:\/\/chuparty.vn\/index.php?rest_route=\/wp\/v2\/product\/9244","targetHints":{"allow":["GET"]}}],"collection":[{"href":"https:\/\/chuparty.vn\/index.php?rest_route=\/wp\/v2\/product"}],"about":[{"href":"https:\/\/chuparty.vn\/index.php?rest_route=\/wp\/v2\/types\/product"}],"replies":[{"embeddable":true,"href":"https:\/\/chuparty.vn\/index.php?rest_route=%2Fwp%2Fv2%2Fcomments&post=9244"}],"wp:featuredmedia":[{"embeddable":true,"href":"https:\/\/chuparty.vn\/index.php?rest_route=\/wp\/v2\/media\/9006"}],"wp:attachment":[{"href":"https:\/\/chuparty.vn\/index.php?rest_route=%2Fwp%2Fv2%2Fmedia&parent=9244"}],"wp:term":[{"taxonomy":"product_cat","embeddable":true,"href":"https:\/\/chuparty.vn\/index.php?rest_route=%2Fwp%2Fv2%2Fproduct_cat&post=9244"},{"taxonomy":"product_tag","embeddable":true,"href":"https:\/\/chuparty.vn\/index.php?rest_route=%2Fwp%2Fv2%2Fproduct_tag&post=9244"}],"curies":[{"name":"wp","href":"https:\/\/api.w.org\/{rel}","templated":true}]}}