{"id":9236,"date":"2024-08-23T17:52:53","date_gmt":"2024-08-23T10:52:53","guid":{"rendered":"https:\/\/chuparty.vn\/?post_type=product&#038;p=9236"},"modified":"2025-09-24T11:59:37","modified_gmt":"2025-09-24T04:59:37","slug":"diy-balloon-garland-halloween","status":"publish","type":"product","link":"https:\/\/chuparty.vn\/?product=diy-balloon-garland-halloween","title":{"rendered":"DIY BALLOON GARLAND \u2013 HALLOWEEN"},"content":{"rendered":"<p><strong>Chi ti\u1ebft s\u1ea3n ph\u1ea9m:<br \/>\n<\/strong><br \/>\nD\u00e2y b\u00f3ng t\u1ef1 l\u00e0m ch\u1ee7 \u0111\u1ec1 <strong>HALLOWEEN<\/strong> bao g\u1ed3m:<br \/>\n* 40 b\u00f3ng tr\u00f2n 25cm v\u00e0 b\u00f3ng d\u00e0i 260 theo ch\u1ee7 \u0111\u1ec1 Halloween<br \/>\n* 1 D\u00e2y ch\u1eef <strong>Happy Halloween<br \/>\n<\/strong>* 1 set d\u01a1i \u0111en 3D<br \/>\n* 1 b\u01a1m tay lo\u1ea1i cao c\u1ea5p (b\u01a1m \u0111\u01b0\u1ee3c b\u00f3ng d\u00e0i 260 v\u00e0 b\u00f3ng tr\u00f2n, b\u00f3ng nh\u00f4m k\u00ednh)<br \/>\n* 3 cu\u1ed9n d\u00e2y c\u1ed9t b\u00f3ng<br \/>\n<strong>L\u01b0u \u00fd:<\/strong> B\u00f3ng giao \u1edf tr\u1ea1ng th\u00e1i ch\u01b0a b\u01a1m, gi\u00e1 s\u1ea3n ph\u1ea9m ch\u01b0a bao g\u1ed3m ph\u00ed b\u01a1m v\u00e0 k\u1ebft b\u00f3ng. N\u1ebfu kh\u00e1ch c\u00f3 nhu c\u1ea7u b\u01a1m s\u1eb5n vui l\u00f2ng li\u00ean h\u1ec7 nh\u00e2n vi\u00ean b\u00e1n h\u00e0ng \u0111\u1ec3 \u0111\u01b0\u1ee3c b\u00e1o gi\u00e1 v\u00e0 t\u01b0 v\u1ea5n.<\/p>\n","protected":false},"excerpt":{"rendered":"<p>Chi ti\u1ebft s\u1ea3n ph\u1ea9m: D\u00e2y b\u00f3ng t\u1ef1 l\u00e0m ch\u1ee7 \u0111\u1ec1 HALLOWEEN bao g\u1ed3m: * 40 b\u00f3ng tr\u00f2n 25cm v\u00e0 b\u00f3ng d\u00e0i 260 theo ch\u1ee7 \u0111\u1ec1 Halloween * 1 D\u00e2y ch\u1eef Happy Halloween * 1 set d\u01a1i \u0111en 3D * 1 b\u01a1m tay lo\u1ea1i cao c\u1ea5p (b\u01a1m \u0111\u01b0\u1ee3c b\u00f3ng d\u00e0i 260 v\u00e0 b\u00f3ng tr\u00f2n, b\u00f3ng nh\u00f4m [&hellip;]<\/p>\n","protected":false},"featured_media":9405,"comment_status":"open","ping_status":"closed","template":"","meta":[],"product_cat":[324,459],"product_tag":[],"class_list":{"0":"post-9236","1":"product","2":"type-product","3":"status-publish","4":"has-post-thumbnail","6":"product_cat-halloween","7":"product_cat-bong-bong-halloween","9":"first","10":"instock","11":"shipping-taxable","12":"purchasable","13":"product-type-simple"},"_links":{"self":[{"href":"https:\/\/chuparty.vn\/index.php?rest_route=\/wp\/v2\/product\/9236","targetHints":{"allow":["GET"]}}],"collection":[{"href":"https:\/\/chuparty.vn\/index.php?rest_route=\/wp\/v2\/product"}],"about":[{"href":"https:\/\/chuparty.vn\/index.php?rest_route=\/wp\/v2\/types\/product"}],"replies":[{"embeddable":true,"href":"https:\/\/chuparty.vn\/index.php?rest_route=%2Fwp%2Fv2%2Fcomments&post=9236"}],"wp:featuredmedia":[{"embeddable":true,"href":"https:\/\/chuparty.vn\/index.php?rest_route=\/wp\/v2\/media\/9405"}],"wp:attachment":[{"href":"https:\/\/chuparty.vn\/index.php?rest_route=%2Fwp%2Fv2%2Fmedia&parent=9236"}],"wp:term":[{"taxonomy":"product_cat","embeddable":true,"href":"https:\/\/chuparty.vn\/index.php?rest_route=%2Fwp%2Fv2%2Fproduct_cat&post=9236"},{"taxonomy":"product_tag","embeddable":true,"href":"https:\/\/chuparty.vn\/index.php?rest_route=%2Fwp%2Fv2%2Fproduct_tag&post=9236"}],"curies":[{"name":"wp","href":"https:\/\/api.w.org\/{rel}","templated":true}]}}