{"id":9233,"date":"2024-08-23T17:47:14","date_gmt":"2024-08-23T10:47:14","guid":{"rendered":"https:\/\/chuparty.vn\/?post_type=product&#038;p=9233"},"modified":"2024-09-23T15:52:46","modified_gmt":"2024-09-23T08:52:46","slug":"streamer-cuon-le-chu-de-halloween","status":"publish","type":"product","link":"https:\/\/chuparty.vn\/?product=streamer-cuon-le-chu-de-halloween","title":{"rendered":"D\u00c2Y STREAMER &#8211; CU\u1ed8N L\u1eba CH\u1ee6 \u0110\u1ec0 HALLOWEEN"},"content":{"rendered":"<p><strong>Chi ti\u1ebft s\u1ea3n ph\u1ea9m<\/strong><\/p>\n<ul>\n<li>K\u00edch th\u01b0\u1edbc: 22m * 4,5cm\/cu\u1ed9n<\/li>\n<li>Ch\u1ea5t li\u1ec7u: gi\u1ea5y m\u00e0u<\/li>\n<li>M\u00e0u s\u1eafc:\u00a0 T\u00cdM \u0110\u1eacM, T\u00cdM NH\u1ea0T, CAM \u0110\u1eacM, CAM NH\u1ea0T, \u0110EN, TR\u1eaeNG<\/li>\n<li>C\u00e1ch th\u1ee9c \u0111\u00f3ng g\u00f3i : 1 cu\u1ed9n\/t\u00fai\n<p><img loading=\"lazy\" decoding=\"async\" class=\"alignnone wp-image-1849\" src=\"https:\/\/chuparty.vn\/wp-content\/uploads\/2022\/03\/il_794xN.2559693631_o9na-486x420.jpg\" sizes=\"auto, (max-width: 332px) 100vw, 332px\" alt=\"\" width=\"332\" height=\"287\" srcset=\"https:\/\/chuparty.vn\/wp-content\/uploads\/2022\/03\/il_794xN.2559693631_o9na-486x420.jpg 486w, https:\/\/chuparty.vn\/wp-content\/uploads\/2022\/03\/il_794xN.2559693631_o9na-586x506.jpg 586w, https:\/\/chuparty.vn\/wp-content\/uploads\/2022\/03\/il_794xN.2559693631_o9na-768x664.jpg 768w, https:\/\/chuparty.vn\/wp-content\/uploads\/2022\/03\/il_794xN.2559693631_o9na.jpg 794w\" \/><\/li>\n<\/ul>\n","protected":false},"excerpt":{"rendered":"<p>Chi ti\u1ebft s\u1ea3n ph\u1ea9m K\u00edch th\u01b0\u1edbc: 22m * 4,5cm\/cu\u1ed9n Ch\u1ea5t li\u1ec7u: gi\u1ea5y m\u00e0u M\u00e0u s\u1eafc:\u00a0 T\u00cdM \u0110\u1eacM, T\u00cdM NH\u1ea0T, CAM \u0110\u1eacM, CAM NH\u1ea0T, \u0110EN, TR\u1eaeNG C\u00e1ch th\u1ee9c \u0111\u00f3ng g\u00f3i : 1 cu\u1ed9n\/t\u00fai<\/p>\n","protected":false},"featured_media":9235,"comment_status":"open","ping_status":"closed","template":"","meta":[],"product_cat":[324,460],"product_tag":[],"class_list":{"0":"post-9233","1":"product","2":"type-product","3":"status-publish","4":"has-post-thumbnail","6":"product_cat-halloween","7":"product_cat-phu-kien-halloween","9":"first","10":"instock","11":"shipping-taxable","12":"purchasable","13":"product-type-simple"},"_links":{"self":[{"href":"https:\/\/chuparty.vn\/index.php?rest_route=\/wp\/v2\/product\/9233","targetHints":{"allow":["GET"]}}],"collection":[{"href":"https:\/\/chuparty.vn\/index.php?rest_route=\/wp\/v2\/product"}],"about":[{"href":"https:\/\/chuparty.vn\/index.php?rest_route=\/wp\/v2\/types\/product"}],"replies":[{"embeddable":true,"href":"https:\/\/chuparty.vn\/index.php?rest_route=%2Fwp%2Fv2%2Fcomments&post=9233"}],"wp:featuredmedia":[{"embeddable":true,"href":"https:\/\/chuparty.vn\/index.php?rest_route=\/wp\/v2\/media\/9235"}],"wp:attachment":[{"href":"https:\/\/chuparty.vn\/index.php?rest_route=%2Fwp%2Fv2%2Fmedia&parent=9233"}],"wp:term":[{"taxonomy":"product_cat","embeddable":true,"href":"https:\/\/chuparty.vn\/index.php?rest_route=%2Fwp%2Fv2%2Fproduct_cat&post=9233"},{"taxonomy":"product_tag","embeddable":true,"href":"https:\/\/chuparty.vn\/index.php?rest_route=%2Fwp%2Fv2%2Fproduct_tag&post=9233"}],"curies":[{"name":"wp","href":"https:\/\/api.w.org\/{rel}","templated":true}]}}