{"id":9202,"date":"2024-08-22T11:59:23","date_gmt":"2024-08-22T04:59:23","guid":{"rendered":"https:\/\/chuparty.vn\/?post_type=product&#038;p=9202"},"modified":"2025-04-23T17:16:54","modified_gmt":"2025-04-23T10:16:54","slug":"dich-vu-trang-tri-set-up-mini-suw04-2","status":"publish","type":"product","link":"https:\/\/chuparty.vn\/?product=dich-vu-trang-tri-set-up-mini-suw04-2","title":{"rendered":"D\u1ecaCH V\u1ee4 TRANG TR\u00cd \u2013 SET UP HELIUM MS-04"},"content":{"rendered":"<ul>\n<li>G\u00f3i trang tr\u00ed tr\u1ecdn g\u00f3i t\u1ea1i <strong>Chu Party<\/strong> \u0111\u01b0\u1ee3c thi\u1ebft k\u1ebf ph\u00f9 h\u1ee3p cho c\u00e1c bu\u1ed5i ti\u1ec7c nh\u1ecf, \u1ea5m c\u00fang, nh\u1eefng bu\u1ed5i ti\u1ec7c B\u1ea5t ng\u1edd, Sinh nh\u1eadt, C\u1ea7u h\u00f4n \u2026<\/li>\n<li>G\u00f3i: \u201cSET UP HELIUM MS-04 \u201d l\u00e0 s\u1ef1 k\u1ebft h\u1ee3p b\u00f3ng bay kh\u00ed Helium an to\u00e0n V\u00c0 B\u00d3NG TR\u00c1I TIM kh\u1ed5ng l\u1ed3 mang l\u1ea1i kh\u00f4ng gian ti\u1ec7c v\u00f4 c\u00f9ng sinh \u0111\u1ed9ng, r\u1ef1c r\u1ee1.<br \/>\nG\u1ed3m:<br \/>\n* 60 b\u00f3ng tr\u00f2n m\u00e0u (t\u00f9y ch\u1ecdn) b\u01a1m kh\u00ed helium th\u1ea3 tr\u00ean tr\u1ea7n nh\u00e0<br \/>\n* 15 b\u00f3ng tr\u00e1i tim 45cm b\u01a1m kh\u00ed helium trang tr\u00ed xung quanh<br \/>\n* 01 B\u1ed9 b\u00f3ng HAPPY BIRTHDAY ho\u1eb7c WILL YOU MARRY ME<br \/>\n* 10 k\u00fd t\u1ef1 B\u00f3ng ch\u1eef t\u00ean ch\u1ee7 ti\u1ec7c<br \/>\n* 02 b\u00f3ng s\u1ed1 ho\u1eb7c b\u00f3ng h\u00ecnh t\u00f9y ch\u1ecdn<br \/>\n* 50 b\u00f3ng tr\u00f2n m\u00e0u (b\u01a1m th\u01b0\u1eddng) th\u1ea3 d\u01b0\u1edbi s\u00e0n<br \/>\n* 01 tr\u1ee5 b\u00f3ng k\u1ebft h\u00ecnh tr\u00e1i tim 80cm<br \/>\n* 01 D\u00e2y c\u1edd I LOVE YOU g\u1eafn b\u00f3ng tr\u00e1i tim<\/li>\n<li><strong>L\u01b0u \u00fd: Vui l\u00f2ng \u0111\u1ecdc k\u1ef9 m\u00f4 t\u1ea3 g\u00f3i ti\u1ec7c, n\u1ebfu b\u1ea1n c\u00f3 nhu c\u1ea7u \u0111\u1eb7t th\u00eam s\u1ea3n ph\u1ea9m kh\u00e1c, li\u00ean h\u1ec7 t\u01b0 v\u1ea5n vi\u00ean \u0111\u1ec3 \u0111\u01b0\u1ee3c b\u00e1o gi\u00e1 v\u00e0 t\u01b0 v\u1ea5n s\u1ea3n ph\u1ea9m \u1ea1.<\/strong><\/li>\n<li><strong>C\u00e1c h\u1ea1ng m\u1ee5c set up vui l\u00f2ng \u0111\u1ecdc k\u1ef9 th\u00f4ng tin v\u00e0 x\u00e1c nh\u1eadn, ch\u1ed1t th\u00f4ng tin v\u1edbi t\u01b0 v\u1ea5n vi\u00ean.<\/strong><\/li>\n<li><strong>Set up \u0111\u01b0\u1ee3c th\u1ef1c hi\u1ec7n trong v\u00f2ng 2-3h, n\u1ebfu d\u1eddi l\u1ecbch vui l\u00f2ng b\u00e1o tr\u01b0\u1edbc \u00edt nh\u1ea5t 3-4h, n\u1ebfu kh\u00f4ng b\u00e1o ho\u1eb7c b\u00e1o ch\u1eadm h\u01a1n th\u1eddi gian tr\u00ean, xin ph\u00e9p h\u1ee7y \u0111\u01a1n kh\u00f4ng ho\u00e0n c\u1ecdc.<\/strong><\/li>\n<\/ul>\n","protected":false},"excerpt":{"rendered":"<p>G\u00f3i trang tr\u00ed tr\u1ecdn g\u00f3i t\u1ea1i Chu Party \u0111\u01b0\u1ee3c thi\u1ebft k\u1ebf ph\u00f9 h\u1ee3p cho c\u00e1c bu\u1ed5i ti\u1ec7c nh\u1ecf, \u1ea5m c\u00fang, nh\u1eefng bu\u1ed5i ti\u1ec7c B\u1ea5t ng\u1edd, Sinh nh\u1eadt, C\u1ea7u h\u00f4n \u2026 G\u00f3i: \u201cSET UP HELIUM MS-04 \u201d l\u00e0 s\u1ef1 k\u1ebft h\u1ee3p b\u00f3ng bay kh\u00ed Helium an to\u00e0n V\u00c0 B\u00d3NG TR\u00c1I TIM kh\u1ed5ng l\u1ed3 mang l\u1ea1i kh\u00f4ng [&hellip;]<\/p>\n","protected":false},"featured_media":9203,"comment_status":"open","ping_status":"closed","template":"","meta":[],"product_cat":[528,407],"product_tag":[],"class_list":{"0":"post-9202","1":"product","2":"type-product","3":"status-publish","4":"has-post-thumbnail","6":"product_cat-tiec-nguoi-lon","7":"product_cat-set-up","9":"first","10":"instock","11":"shipping-taxable","12":"purchasable","13":"product-type-simple"},"_links":{"self":[{"href":"https:\/\/chuparty.vn\/index.php?rest_route=\/wp\/v2\/product\/9202","targetHints":{"allow":["GET"]}}],"collection":[{"href":"https:\/\/chuparty.vn\/index.php?rest_route=\/wp\/v2\/product"}],"about":[{"href":"https:\/\/chuparty.vn\/index.php?rest_route=\/wp\/v2\/types\/product"}],"replies":[{"embeddable":true,"href":"https:\/\/chuparty.vn\/index.php?rest_route=%2Fwp%2Fv2%2Fcomments&post=9202"}],"wp:featuredmedia":[{"embeddable":true,"href":"https:\/\/chuparty.vn\/index.php?rest_route=\/wp\/v2\/media\/9203"}],"wp:attachment":[{"href":"https:\/\/chuparty.vn\/index.php?rest_route=%2Fwp%2Fv2%2Fmedia&parent=9202"}],"wp:term":[{"taxonomy":"product_cat","embeddable":true,"href":"https:\/\/chuparty.vn\/index.php?rest_route=%2Fwp%2Fv2%2Fproduct_cat&post=9202"},{"taxonomy":"product_tag","embeddable":true,"href":"https:\/\/chuparty.vn\/index.php?rest_route=%2Fwp%2Fv2%2Fproduct_tag&post=9202"}],"curies":[{"name":"wp","href":"https:\/\/api.w.org\/{rel}","templated":true}]}}