{"id":9182,"date":"2024-08-10T10:43:54","date_gmt":"2024-08-10T03:43:54","guid":{"rendered":"https:\/\/chuparty.vn\/?post_type=product&#038;p=9182"},"modified":"2024-08-10T10:43:54","modified_gmt":"2024-08-10T03:43:54","slug":"combo-bong-trang-tri-chu-de-bong-da","status":"publish","type":"product","link":"https:\/\/chuparty.vn\/?product=combo-bong-trang-tri-chu-de-bong-da","title":{"rendered":"COMBO B\u00d3NG TRANG TR\u00cd CH\u1ee6 \u0110\u1ec0 B\u00d3NG \u0110\u00c1"},"content":{"rendered":"<p><strong>COMBO B\u00d3NG TRANG TR\u00cd CH\u1ee6 \u0110\u1ec0 B\u00d3NG \u0110\u00c1 &#8211;<\/strong><span class=\"pq6dq46d tbxw36s4 knj5qynh kvgmc6g5 ditlmg2l oygrvhab nvdbi5me sf5mxxl7 gl3lb2sf hhz5lgdu\">\u00a0 G\u1ed3m :<\/span><\/p>\n<p>* 1 D\u00e2y c\u1edd \u0111en Happy Birthday<br \/>\n* 1 N\u00f3n v\u1ea3i Happy Birthday<br \/>\n* 1 B\u00f3ng h\u00ecnh Cup Champion<br \/>\n*\u00a0 1 B\u00f3ng s\u1ed1 m\u00e0u \u0111en size 70cm (l\u00fac \u00fd size nh\u1ecf h\u01a1n h\u00ecnh v\u00e0 kh\u00f4ng c\u00f3 v\u01b0\u01a1ng mi\u1ec7n)<br \/>\n* 1 Mix set 12 b\u00f3ng tr\u00f2n<br \/>\n* 1 B\u00f3ng h\u00ecnh tr\u00e1i banh<br \/>\n* 1 Tr\u1ee5 c\u1eafm b\u00f3ng 7 nh\u00e1nh<br \/>\n* 1 set tua rua 3 m\u00e0u tr\u1eafng \u0111en gold<\/p>\n<p><strong>L\u01afU \u00dd: <\/strong>+ B\u00f3ng \u0111\u01b0\u1ee3c giao \u1edf tr\u1ea1ng th\u00e1i ch\u01b0a b\u01a1m, b\u1ea1n c\u00f3 th\u1ec3 mua th\u00eam 1 \u0111\u1ed3 b\u01a1m tay \u0111\u1ec3 d\u1ec5 d\u00e0ng b\u01a1m b\u00f3ng v\u00e0 set up t\u1ea1i nh\u00e0.<strong><br \/>\n<\/strong>\u00a0 \u00a0 \u00a0 \u00a0 \u00a0 \u00a0 \u00a0+ Gi\u00e1 s\u1ea3n ph\u1ea9m ch\u01b0a bao g\u1ed3m ph\u00ed giao h\u00e0ng.<\/p>\n","protected":false},"excerpt":{"rendered":"<p>COMBO B\u00d3NG TRANG TR\u00cd CH\u1ee6 \u0110\u1ec0 B\u00d3NG \u0110\u00c1 &#8211;\u00a0 G\u1ed3m : * 1 D\u00e2y c\u1edd \u0111en Happy Birthday * 1 N\u00f3n v\u1ea3i Happy Birthday * 1 B\u00f3ng h\u00ecnh Cup Champion *\u00a0 1 B\u00f3ng s\u1ed1 m\u00e0u \u0111en size 70cm (l\u00fac \u00fd size nh\u1ecf h\u01a1n h\u00ecnh v\u00e0 kh\u00f4ng c\u00f3 v\u01b0\u01a1ng mi\u1ec7n) * 1 Mix set 12 b\u00f3ng [&hellip;]<\/p>\n","protected":false},"featured_media":9032,"comment_status":"open","ping_status":"closed","template":"","meta":[],"product_cat":[508,501],"product_tag":[],"class_list":{"0":"post-9182","1":"product","2":"type-product","3":"status-publish","4":"has-post-thumbnail","6":"product_cat-combo-bong-handmade","7":"product_cat-sport","9":"first","10":"instock","11":"shipping-taxable","12":"purchasable","13":"product-type-simple"},"_links":{"self":[{"href":"https:\/\/chuparty.vn\/index.php?rest_route=\/wp\/v2\/product\/9182","targetHints":{"allow":["GET"]}}],"collection":[{"href":"https:\/\/chuparty.vn\/index.php?rest_route=\/wp\/v2\/product"}],"about":[{"href":"https:\/\/chuparty.vn\/index.php?rest_route=\/wp\/v2\/types\/product"}],"replies":[{"embeddable":true,"href":"https:\/\/chuparty.vn\/index.php?rest_route=%2Fwp%2Fv2%2Fcomments&post=9182"}],"wp:featuredmedia":[{"embeddable":true,"href":"https:\/\/chuparty.vn\/index.php?rest_route=\/wp\/v2\/media\/9032"}],"wp:attachment":[{"href":"https:\/\/chuparty.vn\/index.php?rest_route=%2Fwp%2Fv2%2Fmedia&parent=9182"}],"wp:term":[{"taxonomy":"product_cat","embeddable":true,"href":"https:\/\/chuparty.vn\/index.php?rest_route=%2Fwp%2Fv2%2Fproduct_cat&post=9182"},{"taxonomy":"product_tag","embeddable":true,"href":"https:\/\/chuparty.vn\/index.php?rest_route=%2Fwp%2Fv2%2Fproduct_tag&post=9182"}],"curies":[{"name":"wp","href":"https:\/\/api.w.org\/{rel}","templated":true}]}}