{"id":9176,"date":"2024-08-08T12:06:03","date_gmt":"2024-08-08T05:06:03","guid":{"rendered":"https:\/\/chuparty.vn\/?post_type=product&#038;p=9176"},"modified":"2026-02-24T14:35:34","modified_gmt":"2026-02-24T07:35:34","slug":"combo-bong-trang-tri-tiec-2","status":"publish","type":"product","link":"https:\/\/chuparty.vn\/?product=combo-bong-trang-tri-tiec-2","title":{"rendered":"COMBO B\u00d3NG TRANG TR\u00cd TI\u1ec6C"},"content":{"rendered":"<p><strong>COMBO B\u00d3NG TRANG TR\u00cd TI\u1ec6C &#8211;<\/strong><span class=\"pq6dq46d tbxw36s4 knj5qynh kvgmc6g5 ditlmg2l oygrvhab nvdbi5me sf5mxxl7 gl3lb2sf hhz5lgdu\">\u00a0 G\u1ed3m :<\/span><\/p>\n<p>* 1 C\u1edd v\u1ea3i <strong>Happy Birthday B&amp;W<\/strong><br \/>\n* 1 C\u1eafm b\u00e1nh g\u1ed7 Happy Birthday ho\u1eb7c Happy Your Day<br \/>\n*\u00a0 1 B\u00f3ng s\u1ed1 m\u00e0u tr\u1eafng size 100cm<br \/>\n* 1 Mix set 12 b\u00f3ng tr\u00f2n<br \/>\n* 1 Tr\u1ee5 c\u1eafm b\u00f3ng 7 nh\u00e1nh<\/p>\n<p><strong>L\u01afU \u00dd: <\/strong>+ B\u00f3ng \u0111\u01b0\u1ee3c giao \u1edf tr\u1ea1ng th\u00e1i ch\u01b0a b\u01a1m, b\u1ea1n c\u00f3 th\u1ec3 mua th\u00eam 1 \u0111\u1ed3 b\u01a1m tay \u0111\u1ec3 d\u1ec5 d\u00e0ng b\u01a1m b\u00f3ng v\u00e0 set up t\u1ea1i nh\u00e0.<strong><br \/>\n<\/strong>\u00a0 \u00a0 \u00a0 \u00a0 \u00a0 \u00a0 \u00a0+ Gi\u00e1 s\u1ea3n ph\u1ea9m ch\u01b0a bao g\u1ed3m ph\u00ed giao h\u00e0ng.<\/p>\n","protected":false},"excerpt":{"rendered":"<p>COMBO B\u00d3NG TRANG TR\u00cd TI\u1ec6C &#8211;\u00a0 G\u1ed3m : * 1 C\u1edd v\u1ea3i Happy Birthday B&amp;W * 1 C\u1eafm b\u00e1nh g\u1ed7 Happy Birthday ho\u1eb7c Happy Your Day *\u00a0 1 B\u00f3ng s\u1ed1 m\u00e0u tr\u1eafng size 100cm * 1 Mix set 12 b\u00f3ng tr\u00f2n * 1 Tr\u1ee5 c\u1eafm b\u00f3ng 7 nh\u00e1nh L\u01afU \u00dd: + B\u00f3ng \u0111\u01b0\u1ee3c giao \u1edf [&hellip;]<\/p>\n","protected":false},"featured_media":9177,"comment_status":"open","ping_status":"closed","template":"","meta":[],"product_cat":[508,137],"product_tag":[134],"class_list":{"0":"post-9176","1":"product","2":"type-product","3":"status-publish","4":"has-post-thumbnail","6":"product_cat-combo-bong-handmade","7":"product_cat-1st-birthday","8":"product_tag-1st-birthday","10":"first","11":"instock","12":"shipping-taxable","13":"purchasable","14":"product-type-simple"},"_links":{"self":[{"href":"https:\/\/chuparty.vn\/index.php?rest_route=\/wp\/v2\/product\/9176","targetHints":{"allow":["GET"]}}],"collection":[{"href":"https:\/\/chuparty.vn\/index.php?rest_route=\/wp\/v2\/product"}],"about":[{"href":"https:\/\/chuparty.vn\/index.php?rest_route=\/wp\/v2\/types\/product"}],"replies":[{"embeddable":true,"href":"https:\/\/chuparty.vn\/index.php?rest_route=%2Fwp%2Fv2%2Fcomments&post=9176"}],"wp:featuredmedia":[{"embeddable":true,"href":"https:\/\/chuparty.vn\/index.php?rest_route=\/wp\/v2\/media\/9177"}],"wp:attachment":[{"href":"https:\/\/chuparty.vn\/index.php?rest_route=%2Fwp%2Fv2%2Fmedia&parent=9176"}],"wp:term":[{"taxonomy":"product_cat","embeddable":true,"href":"https:\/\/chuparty.vn\/index.php?rest_route=%2Fwp%2Fv2%2Fproduct_cat&post=9176"},{"taxonomy":"product_tag","embeddable":true,"href":"https:\/\/chuparty.vn\/index.php?rest_route=%2Fwp%2Fv2%2Fproduct_tag&post=9176"}],"curies":[{"name":"wp","href":"https:\/\/api.w.org\/{rel}","templated":true}]}}