{"id":9169,"date":"2024-08-08T11:54:48","date_gmt":"2024-08-08T04:54:48","guid":{"rendered":"https:\/\/chuparty.vn\/?post_type=product&#038;p=9169"},"modified":"2026-02-24T14:36:03","modified_gmt":"2026-02-24T07:36:03","slug":"combo-bong-trang-tri-tiec","status":"publish","type":"product","link":"https:\/\/chuparty.vn\/?product=combo-bong-trang-tri-tiec","title":{"rendered":"COMBO B\u00d3NG TRANG TR\u00cd TI\u1ec6C"},"content":{"rendered":"<p><strong>COMBO B\u00d3NG TRANG TR\u00cd TI\u1ec6C &#8211;<\/strong><span class=\"pq6dq46d tbxw36s4 knj5qynh kvgmc6g5 ditlmg2l oygrvhab nvdbi5me sf5mxxl7 gl3lb2sf hhz5lgdu\">\u00a0 G\u1ed3m :<\/span><\/p>\n<p>* 1 D\u00e2y ch\u1eef <strong>Happy Birthday<\/strong> m\u00e0u pastel<br \/>\n* 3 B\u00f3ng tr\u00e1i tim m\u00e0 pastel size 40cm<br \/>\n*\u00a0 1 B\u00f3ng s\u1ed1 m\u00e0u cream size 100cm<br \/>\n*\u00a0 Mix set 12 b\u00f3ng tr\u00f2n<br \/>\n* 1 tr\u1ee5 c\u1eafm b\u00f3ng 7 nh\u00e1nh<\/p>\n<p><strong>+ L\u01afU \u00dd: <\/strong>B\u00f3ng giao \u1edf tr\u1ea1ng th\u00e1i ch\u01b0a b\u01a1m, b\u1ea1n c\u00f3 mua th\u00eam 1 \u0111\u1ed3 b\u01a1m tay \u0111\u1ec3 c\u00f3 th\u1ec3 t\u1ef1u tay b\u01a1m b\u00f3ng v\u00e0 set up t\u1ea1i nh\u00e0.<strong><br \/>\n<\/strong>\u00a0 \u00a0 \u00a0 \u00a0 \u00a0 \u00a0 \u00a0 \u00a0 Gi\u00e1 s\u1ea3n ph\u1ea9m ch\u01b0a bao g\u1ed3m ph\u00ed giao h\u00e0ng.<\/p>\n","protected":false},"excerpt":{"rendered":"<p>COMBO B\u00d3NG TRANG TR\u00cd TI\u1ec6C &#8211;\u00a0 G\u1ed3m : * 1 D\u00e2y ch\u1eef Happy Birthday m\u00e0u pastel * 3 B\u00f3ng tr\u00e1i tim m\u00e0 pastel size 40cm *\u00a0 1 B\u00f3ng s\u1ed1 m\u00e0u cream size 100cm *\u00a0 Mix set 12 b\u00f3ng tr\u00f2n * 1 tr\u1ee5 c\u1eafm b\u00f3ng 7 nh\u00e1nh + L\u01afU \u00dd: B\u00f3ng giao \u1edf tr\u1ea1ng th\u00e1i ch\u01b0a [&hellip;]<\/p>\n","protected":false},"featured_media":9170,"comment_status":"open","ping_status":"closed","template":"","meta":[],"product_cat":[508],"product_tag":[],"class_list":{"0":"post-9169","1":"product","2":"type-product","3":"status-publish","4":"has-post-thumbnail","6":"product_cat-combo-bong-handmade","8":"first","9":"instock","10":"shipping-taxable","11":"purchasable","12":"product-type-simple"},"_links":{"self":[{"href":"https:\/\/chuparty.vn\/index.php?rest_route=\/wp\/v2\/product\/9169","targetHints":{"allow":["GET"]}}],"collection":[{"href":"https:\/\/chuparty.vn\/index.php?rest_route=\/wp\/v2\/product"}],"about":[{"href":"https:\/\/chuparty.vn\/index.php?rest_route=\/wp\/v2\/types\/product"}],"replies":[{"embeddable":true,"href":"https:\/\/chuparty.vn\/index.php?rest_route=%2Fwp%2Fv2%2Fcomments&post=9169"}],"wp:featuredmedia":[{"embeddable":true,"href":"https:\/\/chuparty.vn\/index.php?rest_route=\/wp\/v2\/media\/9170"}],"wp:attachment":[{"href":"https:\/\/chuparty.vn\/index.php?rest_route=%2Fwp%2Fv2%2Fmedia&parent=9169"}],"wp:term":[{"taxonomy":"product_cat","embeddable":true,"href":"https:\/\/chuparty.vn\/index.php?rest_route=%2Fwp%2Fv2%2Fproduct_cat&post=9169"},{"taxonomy":"product_tag","embeddable":true,"href":"https:\/\/chuparty.vn\/index.php?rest_route=%2Fwp%2Fv2%2Fproduct_tag&post=9169"}],"curies":[{"name":"wp","href":"https:\/\/api.w.org\/{rel}","templated":true}]}}