{"id":9096,"date":"2024-06-24T18:52:52","date_gmt":"2024-06-24T11:52:52","guid":{"rendered":"https:\/\/chuparty.vn\/?post_type=product&#038;p=9096"},"modified":"2025-03-27T16:34:02","modified_gmt":"2025-03-27T09:34:02","slug":"sash-deo-happy-birthday-nhieu-mau","status":"publish","type":"product","link":"https:\/\/chuparty.vn\/?product=sash-deo-happy-birthday-nhieu-mau","title":{"rendered":"SASH \u0110EO HAPPY BIRTHDAY &#8211; NHI\u1ec0U M\u00c0U"},"content":{"rendered":"<p><strong>Chi ti\u1ebft s\u1ea3n ph\u1ea9m:<br \/>\n<\/strong>Qui c\u00e1ch \u0111\u00f3ng g\u00f3i: 1 c\u00e1i\/t\u00fai<strong><br \/>\n<\/strong>Ch\u1ea5t li\u1ec7u: v\u1ea3i m\u1ec1m<br \/>\nM\u00e0u s\u1eafc: \u0110en B\u1ea1c, \u0110en Gold, Tr\u1eafng, H\u1ed3ng, H\u1ed3ng Cam (peach), Xanh B\u01a1 (Avocado),<br \/>\nK\u00edch th\u01b0\u1edbc:<\/p>\n<p><img loading=\"lazy\" decoding=\"async\" class=\"alignnone wp-image-9103\" src=\"https:\/\/chuparty.vn\/wp-content\/uploads\/2024\/06\/6381fdb6cc3f83aa9836277f394e2abb-420x420.jpg\" alt=\"\" width=\"245\" height=\"245\" srcset=\"https:\/\/chuparty.vn\/wp-content\/uploads\/2024\/06\/6381fdb6cc3f83aa9836277f394e2abb-420x420.jpg 420w, https:\/\/chuparty.vn\/wp-content\/uploads\/2024\/06\/6381fdb6cc3f83aa9836277f394e2abb-506x506.jpg 506w, https:\/\/chuparty.vn\/wp-content\/uploads\/2024\/06\/6381fdb6cc3f83aa9836277f394e2abb-100x100.jpg 100w, https:\/\/chuparty.vn\/wp-content\/uploads\/2024\/06\/6381fdb6cc3f83aa9836277f394e2abb-400x400.jpg 400w, https:\/\/chuparty.vn\/wp-content\/uploads\/2024\/06\/6381fdb6cc3f83aa9836277f394e2abb-700x700.jpg 700w, https:\/\/chuparty.vn\/wp-content\/uploads\/2024\/06\/6381fdb6cc3f83aa9836277f394e2abb-150x150.jpg 150w, https:\/\/chuparty.vn\/wp-content\/uploads\/2024\/06\/6381fdb6cc3f83aa9836277f394e2abb.jpg 736w\" sizes=\"auto, (max-width: 245px) 100vw, 245px\" \/><\/p>\n","protected":false},"excerpt":{"rendered":"<p>Chi ti\u1ebft s\u1ea3n ph\u1ea9m: Qui c\u00e1ch \u0111\u00f3ng g\u00f3i: 1 c\u00e1i\/t\u00fai Ch\u1ea5t li\u1ec7u: v\u1ea3i m\u1ec1m M\u00e0u s\u1eafc: \u0110en B\u1ea1c, \u0110en Gold, Tr\u1eafng, H\u1ed3ng, H\u1ed3ng Cam (peach), Xanh B\u01a1 (Avocado), K\u00edch th\u01b0\u1edbc:<\/p>\n","protected":false},"featured_media":9097,"comment_status":"open","ping_status":"closed","template":"","meta":[],"product_cat":[135,463],"product_tag":[],"class_list":{"0":"post-9096","1":"product","2":"type-product","3":"status-publish","4":"has-post-thumbnail","6":"product_cat-new-arrival","7":"product_cat-bang-do-sash","9":"first","10":"instock","11":"shipping-taxable","12":"purchasable","13":"product-type-simple"},"_links":{"self":[{"href":"https:\/\/chuparty.vn\/index.php?rest_route=\/wp\/v2\/product\/9096","targetHints":{"allow":["GET"]}}],"collection":[{"href":"https:\/\/chuparty.vn\/index.php?rest_route=\/wp\/v2\/product"}],"about":[{"href":"https:\/\/chuparty.vn\/index.php?rest_route=\/wp\/v2\/types\/product"}],"replies":[{"embeddable":true,"href":"https:\/\/chuparty.vn\/index.php?rest_route=%2Fwp%2Fv2%2Fcomments&post=9096"}],"wp:featuredmedia":[{"embeddable":true,"href":"https:\/\/chuparty.vn\/index.php?rest_route=\/wp\/v2\/media\/9097"}],"wp:attachment":[{"href":"https:\/\/chuparty.vn\/index.php?rest_route=%2Fwp%2Fv2%2Fmedia&parent=9096"}],"wp:term":[{"taxonomy":"product_cat","embeddable":true,"href":"https:\/\/chuparty.vn\/index.php?rest_route=%2Fwp%2Fv2%2Fproduct_cat&post=9096"},{"taxonomy":"product_tag","embeddable":true,"href":"https:\/\/chuparty.vn\/index.php?rest_route=%2Fwp%2Fv2%2Fproduct_tag&post=9096"}],"curies":[{"name":"wp","href":"https:\/\/api.w.org\/{rel}","templated":true}]}}