{"id":9072,"date":"2024-06-20T14:12:55","date_gmt":"2024-06-20T07:12:55","guid":{"rendered":"https:\/\/chuparty.vn\/?post_type=product&#038;p=9072"},"modified":"2025-01-02T14:07:26","modified_gmt":"2025-01-02T07:07:26","slug":"bong-gau-co-dau","status":"publish","type":"product","link":"https:\/\/chuparty.vn\/?product=bong-gau-co-dau","title":{"rendered":"B\u00d3NG G\u1ea4U C\u00d4 D\u00c2U"},"content":{"rendered":"<p><strong>Chi ti\u1ebft s\u1ea3n ph\u1ea9m:<\/strong><\/p>\n<p>K\u00edch th\u01b0\u1edbc : 41in ~ 55*106cm<br \/>\nM\u00e0u s\u1eafc:<br \/>\nCh\u1ea5t li\u1ec7u: nh\u00f4m k\u00ednh<br \/>\nC\u00e1ch th\u1ee9c \u0111\u00f3ng g\u00f3i: 1 b\u00f3ng\/t\u00fai + \u1ed1ng hut \u0111\u1ec3 th\u1ed5i b\u00f3ng<br \/>\n(B\u00f3ng giao \u1edf tr\u1ea1ng th\u00e1i ch\u01b0a b\u01a1m, c\u00f3 th\u1ec3 d\u00f9ng b\u01a1m tay ho\u1eb7c b\u01a1m m\u00e1y \u0111\u1ec3 b\u01a1m)<\/p>\n","protected":false},"excerpt":{"rendered":"<p>Chi ti\u1ebft s\u1ea3n ph\u1ea9m: K\u00edch th\u01b0\u1edbc : 41in ~ 55*106cm M\u00e0u s\u1eafc: Ch\u1ea5t li\u1ec7u: nh\u00f4m k\u00ednh C\u00e1ch th\u1ee9c \u0111\u00f3ng g\u00f3i: 1 b\u00f3ng\/t\u00fai + \u1ed1ng hut \u0111\u1ec3 th\u1ed5i b\u00f3ng (B\u00f3ng giao \u1edf tr\u1ea1ng th\u00e1i ch\u01b0a b\u01a1m, c\u00f3 th\u1ec3 d\u00f9ng b\u01a1m tay ho\u1eb7c b\u01a1m m\u00e1y \u0111\u1ec3 b\u01a1m)<\/p>\n","protected":false},"featured_media":9073,"comment_status":"open","ping_status":"closed","template":"","meta":[],"product_cat":[213,488,135,46,429],"product_tag":[],"class_list":{"0":"post-9072","1":"product","2":"type-product","3":"status-publish","4":"has-post-thumbnail","6":"product_cat-love-wedding-anniversary","7":"product_cat-bong-bong-trang-tri-tiec-cau-hon-cuoi-valentine-anni","8":"product_cat-new-arrival","9":"product_cat-bong-hinh","10":"product_cat-dong-gia-40k-45k","12":"first","13":"instock","14":"shipping-taxable","15":"purchasable","16":"product-type-simple"},"_links":{"self":[{"href":"https:\/\/chuparty.vn\/index.php?rest_route=\/wp\/v2\/product\/9072","targetHints":{"allow":["GET"]}}],"collection":[{"href":"https:\/\/chuparty.vn\/index.php?rest_route=\/wp\/v2\/product"}],"about":[{"href":"https:\/\/chuparty.vn\/index.php?rest_route=\/wp\/v2\/types\/product"}],"replies":[{"embeddable":true,"href":"https:\/\/chuparty.vn\/index.php?rest_route=%2Fwp%2Fv2%2Fcomments&post=9072"}],"wp:featuredmedia":[{"embeddable":true,"href":"https:\/\/chuparty.vn\/index.php?rest_route=\/wp\/v2\/media\/9073"}],"wp:attachment":[{"href":"https:\/\/chuparty.vn\/index.php?rest_route=%2Fwp%2Fv2%2Fmedia&parent=9072"}],"wp:term":[{"taxonomy":"product_cat","embeddable":true,"href":"https:\/\/chuparty.vn\/index.php?rest_route=%2Fwp%2Fv2%2Fproduct_cat&post=9072"},{"taxonomy":"product_tag","embeddable":true,"href":"https:\/\/chuparty.vn\/index.php?rest_route=%2Fwp%2Fv2%2Fproduct_tag&post=9072"}],"curies":[{"name":"wp","href":"https:\/\/api.w.org\/{rel}","templated":true}]}}