{"id":9065,"date":"2024-06-20T14:06:31","date_gmt":"2024-06-20T07:06:31","guid":{"rendered":"https:\/\/chuparty.vn\/?post_type=product&#038;p=9065"},"modified":"2026-01-15T14:14:26","modified_gmt":"2026-01-15T07:14:26","slug":"bong-trai-tim-gold-background-treo","status":"publish","type":"product","link":"https:\/\/chuparty.vn\/?product=bong-trai-tim-gold-background-treo","title":{"rendered":"B\u00d3NG TR\u00c1I TIM GOLD BACKGROUND TREO"},"content":{"rendered":"<p><strong>Chi ti\u1ebft s\u1ea3n ph\u1ea9m:<\/strong><\/p>\n<p>K\u00edch th\u01b0\u1edbc : 55inch ~ 119*137cm<br \/>\nM\u00e0u s\u1eafc: \u0111\u1ecf, b\u1ea1c, gold<br \/>\nCh\u1ea5t li\u1ec7u: nh\u00f4m k\u00ednh<br \/>\nC\u00e1ch th\u1ee9c \u0111\u00f3ng g\u00f3i: 1 c\u00e1i\/t\u00fai + \u1ed1ng hut \u0111\u1ec3 th\u1ed5i b\u00f3ng<br \/>\n(B\u00f3ng giao \u1edf tr\u1ea1ng th\u00e1i ch\u01b0a b\u01a1m, c\u00f3 th\u1ec3 d\u00f9ng b\u01a1m tay ho\u1eb7c b\u01a1m m\u00e1y \u0111\u1ec3 b\u01a1m)<\/p>\n","protected":false},"excerpt":{"rendered":"<p>Chi ti\u1ebft s\u1ea3n ph\u1ea9m: K\u00edch th\u01b0\u1edbc : 55inch ~ 119*137cm M\u00e0u s\u1eafc: \u0111\u1ecf, b\u1ea1c, gold Ch\u1ea5t li\u1ec7u: nh\u00f4m k\u00ednh C\u00e1ch th\u1ee9c \u0111\u00f3ng g\u00f3i: 1 c\u00e1i\/t\u00fai + \u1ed1ng hut \u0111\u1ec3 th\u1ed5i b\u00f3ng (B\u00f3ng giao \u1edf tr\u1ea1ng th\u00e1i ch\u01b0a b\u01a1m, c\u00f3 th\u1ec3 d\u00f9ng b\u01a1m tay ho\u1eb7c b\u01a1m m\u00e1y \u0111\u1ec3 b\u01a1m)<\/p>\n","protected":false},"featured_media":9066,"comment_status":"open","ping_status":"closed","template":"","meta":[],"product_cat":[507,213,488,322,423,109,466,135,247,68,319,46],"product_tag":[],"class_list":{"0":"post-9065","1":"product","2":"type-product","3":"status-publish","4":"has-post-thumbnail","6":"product_cat-dong-gia-xx","7":"product_cat-love-wedding-anniversary","8":"product_cat-bong-bong-trang-tri-tiec-cau-hon-cuoi-valentine-anni","9":"product_cat-christmas","10":"product_cat-bong-bong-xmas","11":"product_cat-new-year","12":"product_cat-bong-bong-new-year","13":"product_cat-new-arrival","14":"product_cat-womens-day","15":"product_cat-bong-nhom","16":"product_cat-bong-tim","17":"product_cat-bong-hinh","19":"first","20":"instock","21":"shipping-taxable","22":"purchasable","23":"product-type-simple"},"_links":{"self":[{"href":"https:\/\/chuparty.vn\/index.php?rest_route=\/wp\/v2\/product\/9065","targetHints":{"allow":["GET"]}}],"collection":[{"href":"https:\/\/chuparty.vn\/index.php?rest_route=\/wp\/v2\/product"}],"about":[{"href":"https:\/\/chuparty.vn\/index.php?rest_route=\/wp\/v2\/types\/product"}],"replies":[{"embeddable":true,"href":"https:\/\/chuparty.vn\/index.php?rest_route=%2Fwp%2Fv2%2Fcomments&post=9065"}],"wp:featuredmedia":[{"embeddable":true,"href":"https:\/\/chuparty.vn\/index.php?rest_route=\/wp\/v2\/media\/9066"}],"wp:attachment":[{"href":"https:\/\/chuparty.vn\/index.php?rest_route=%2Fwp%2Fv2%2Fmedia&parent=9065"}],"wp:term":[{"taxonomy":"product_cat","embeddable":true,"href":"https:\/\/chuparty.vn\/index.php?rest_route=%2Fwp%2Fv2%2Fproduct_cat&post=9065"},{"taxonomy":"product_tag","embeddable":true,"href":"https:\/\/chuparty.vn\/index.php?rest_route=%2Fwp%2Fv2%2Fproduct_tag&post=9065"}],"curies":[{"name":"wp","href":"https:\/\/api.w.org\/{rel}","templated":true}]}}