{"id":8872,"date":"2024-05-21T12:02:58","date_gmt":"2024-05-21T05:02:58","guid":{"rendered":"https:\/\/chuparty.vn\/?post_type=product&#038;p=8872"},"modified":"2024-09-03T09:53:23","modified_gmt":"2024-09-03T02:53:23","slug":"set-10-tui-tho-dung-banh-keo","status":"publish","type":"product","link":"https:\/\/chuparty.vn\/?product=set-10-tui-tho-dung-banh-keo","title":{"rendered":"SET 10 T\u00daI NH\u1ece &#8211; TH\u1ece H\u1ed2NG"},"content":{"rendered":"<p><strong>T\u00fai qu\u00e0 nh\u1ecf xinh d\u00e0nh t\u1eb7ng c\u00e1c b\u00e9 trong ti\u1ec7c sinh nh\u1eadt. \u0110\u1ebfn d\u1ef1 ti\u1ec7c c\u00f2n \u0111\u01b0\u1ee3c t\u1eb7ng th\u00eam t\u00fai qu\u00e0 si\u00eau \u0111\u00e1ng y\u00eau mang v\u1ec1 n\u1eefa th\u00ec b\u00e9 n\u00e0o m\u00e0 kh\u00f4ng m\u00ea. C\u00f3 r\u1ea5t nhi\u1ec1u m\u1eabu t\u00fai t\u1ea1i Chu Party. B\u1ea1n c\u00f3 th\u1ec3 tham kh\u1ea3o v\u00e0 l\u1ef1a ch\u1ecdn cho b\u00e9 iu nh\u00e0 m\u00ecnh<\/strong><\/p>\n<p>Th\u00f4ng tin chi ti\u1ebft s\u1ea3n ph\u1ea9m:<\/p>\n<ul>\n<li>Ch\u1ea5t li\u1ec7u: Plastic<\/li>\n<li>K\u00edch th\u01b0\u1edbc : 10*17cm<\/li>\n<li>M\u00e0u s\u1eafc: tr\u1eafng h\u1ed3ng<\/li>\n<li>\u0110\u00f3ng g\u00f3i: 10 c\u00e1i\/t\u00fai<\/li>\n<\/ul>\n","protected":false},"excerpt":{"rendered":"<p>T\u00fai qu\u00e0 nh\u1ecf xinh d\u00e0nh t\u1eb7ng c\u00e1c b\u00e9 trong ti\u1ec7c sinh nh\u1eadt. \u0110\u1ebfn d\u1ef1 ti\u1ec7c c\u00f2n \u0111\u01b0\u1ee3c t\u1eb7ng th\u00eam t\u00fai qu\u00e0 si\u00eau \u0111\u00e1ng y\u00eau mang v\u1ec1 n\u1eefa th\u00ec b\u00e9 n\u00e0o m\u00e0 kh\u00f4ng m\u00ea. C\u00f3 r\u1ea5t nhi\u1ec1u m\u1eabu t\u00fai t\u1ea1i Chu Party. B\u1ea1n c\u00f3 th\u1ec3 tham kh\u1ea3o v\u00e0 l\u1ef1a ch\u1ecdn cho b\u00e9 iu nh\u00e0 m\u00ecnh Th\u00f4ng [&hellip;]<\/p>\n","protected":false},"featured_media":8873,"comment_status":"open","ping_status":"closed","template":"","meta":[],"product_cat":[503],"product_tag":[],"class_list":{"0":"post-8872","1":"product","2":"type-product","3":"status-publish","4":"has-post-thumbnail","6":"product_cat-tui-qua-hop-qua","8":"first","9":"instock","10":"shipping-taxable","11":"purchasable","12":"product-type-simple"},"_links":{"self":[{"href":"https:\/\/chuparty.vn\/index.php?rest_route=\/wp\/v2\/product\/8872","targetHints":{"allow":["GET"]}}],"collection":[{"href":"https:\/\/chuparty.vn\/index.php?rest_route=\/wp\/v2\/product"}],"about":[{"href":"https:\/\/chuparty.vn\/index.php?rest_route=\/wp\/v2\/types\/product"}],"replies":[{"embeddable":true,"href":"https:\/\/chuparty.vn\/index.php?rest_route=%2Fwp%2Fv2%2Fcomments&post=8872"}],"wp:featuredmedia":[{"embeddable":true,"href":"https:\/\/chuparty.vn\/index.php?rest_route=\/wp\/v2\/media\/8873"}],"wp:attachment":[{"href":"https:\/\/chuparty.vn\/index.php?rest_route=%2Fwp%2Fv2%2Fmedia&parent=8872"}],"wp:term":[{"taxonomy":"product_cat","embeddable":true,"href":"https:\/\/chuparty.vn\/index.php?rest_route=%2Fwp%2Fv2%2Fproduct_cat&post=8872"},{"taxonomy":"product_tag","embeddable":true,"href":"https:\/\/chuparty.vn\/index.php?rest_route=%2Fwp%2Fv2%2Fproduct_tag&post=8872"}],"curies":[{"name":"wp","href":"https:\/\/api.w.org\/{rel}","templated":true}]}}