{"id":8789,"date":"2024-05-17T11:51:33","date_gmt":"2024-05-17T04:51:33","guid":{"rendered":"https:\/\/chuparty.vn\/?post_type=product&#038;p=8789"},"modified":"2025-03-21T11:57:50","modified_gmt":"2025-03-21T04:57:50","slug":"day-garland-no-mau-gold-nhu","status":"publish","type":"product","link":"https:\/\/chuparty.vn\/?product=day-garland-no-mau-gold-nhu","title":{"rendered":"D\u00c2Y GARLAND N\u01a0 M\u00c0U GOLD NH\u0168"},"content":{"rendered":"<p><strong>Chi ti\u1ebft s\u1ea3n ph\u1ea9m:<br \/>\n<\/strong>Qui c\u00e1ch \u0111\u00f3ng g\u00f3i: 12 n\u01a1 + d\u00e2y treo \/ t\u00fai<strong><br \/>\n<\/strong>Ch\u1ea5t li\u1ec7u: gi\u1ea5y<br \/>\nM\u00e0u s\u1eafc: v\u00e0ng gold nh\u0169<br \/>\nK\u00edch th\u01b0\u1edbc: 2m<\/p>\n","protected":false},"excerpt":{"rendered":"<p>Chi ti\u1ebft s\u1ea3n ph\u1ea9m: Qui c\u00e1ch \u0111\u00f3ng g\u00f3i: 12 n\u01a1 + d\u00e2y treo \/ t\u00fai Ch\u1ea5t li\u1ec7u: gi\u1ea5y M\u00e0u s\u1eafc: v\u00e0ng gold nh\u0169 K\u00edch th\u01b0\u1edbc: 2m<\/p>\n","protected":false},"featured_media":8790,"comment_status":"open","ping_status":"closed","template":"","meta":[],"product_cat":[524,318,137,213,489,322,422,109,468,135,247,327],"product_tag":[],"class_list":{"0":"post-8789","1":"product","2":"type-product","3":"status-publish","4":"has-post-thumbnail","6":"product_cat-coquette-core","7":"product_cat-baby-shower","8":"product_cat-1st-birthday","9":"product_cat-love-wedding-anniversary","10":"product_cat-phu-kien-cho-tiec-cau-hon-cuoi-valentine-anni","11":"product_cat-christmas","12":"product_cat-banner-xmas","13":"product_cat-new-year","14":"product_cat-banner-garland-new-year","15":"product_cat-new-arrival","16":"product_cat-womens-day","17":"product_cat-day-treo-garland","19":"first","20":"instock","21":"shipping-taxable","22":"purchasable","23":"product-type-simple"},"_links":{"self":[{"href":"https:\/\/chuparty.vn\/index.php?rest_route=\/wp\/v2\/product\/8789","targetHints":{"allow":["GET"]}}],"collection":[{"href":"https:\/\/chuparty.vn\/index.php?rest_route=\/wp\/v2\/product"}],"about":[{"href":"https:\/\/chuparty.vn\/index.php?rest_route=\/wp\/v2\/types\/product"}],"replies":[{"embeddable":true,"href":"https:\/\/chuparty.vn\/index.php?rest_route=%2Fwp%2Fv2%2Fcomments&post=8789"}],"wp:featuredmedia":[{"embeddable":true,"href":"https:\/\/chuparty.vn\/index.php?rest_route=\/wp\/v2\/media\/8790"}],"wp:attachment":[{"href":"https:\/\/chuparty.vn\/index.php?rest_route=%2Fwp%2Fv2%2Fmedia&parent=8789"}],"wp:term":[{"taxonomy":"product_cat","embeddable":true,"href":"https:\/\/chuparty.vn\/index.php?rest_route=%2Fwp%2Fv2%2Fproduct_cat&post=8789"},{"taxonomy":"product_tag","embeddable":true,"href":"https:\/\/chuparty.vn\/index.php?rest_route=%2Fwp%2Fv2%2Fproduct_tag&post=8789"}],"curies":[{"name":"wp","href":"https:\/\/api.w.org\/{rel}","templated":true}]}}