{"id":8780,"date":"2024-05-14T16:57:40","date_gmt":"2024-05-14T09:57:40","guid":{"rendered":"https:\/\/chuparty.vn\/?post_type=product&#038;p=8780"},"modified":"2024-05-14T16:57:54","modified_gmt":"2024-05-14T09:57:54","slug":"set-5-tui-giay-caro-nhieu-mau","status":"publish","type":"product","link":"https:\/\/chuparty.vn\/?product=set-5-tui-giay-caro-nhieu-mau","title":{"rendered":"SET 5 T\u00daI GI\u1ea4Y CARO &#8211; NHI\u1ec0U M\u00c0U"},"content":{"rendered":"<p><strong>Th\u00f4ng tin chi ti\u1ebft s\u1ea3n ph\u1ea9m:\u00a0<\/strong><\/p>\n<ul>\n<li>Ch\u1ea5t li\u1ec7u: Gi\u1ea5y b\u00eca<\/li>\n<li>K\u00edch th\u01b0\u1edbc : 23*15*8cm<\/li>\n<li>M\u00e0u s\u1eafc: caro<\/li>\n<li>\u0110\u00f3ng g\u00f3i: 5 c\u00e1i + 1 Sticker \/ t\u00fai<\/li>\n<\/ul>\n","protected":false},"excerpt":{"rendered":"<p>Th\u00f4ng tin chi ti\u1ebft s\u1ea3n ph\u1ea9m:\u00a0 Ch\u1ea5t li\u1ec7u: Gi\u1ea5y b\u00eca K\u00edch th\u01b0\u1edbc : 23*15*8cm M\u00e0u s\u1eafc: caro \u0110\u00f3ng g\u00f3i: 5 c\u00e1i + 1 Sticker \/ t\u00fai<\/p>\n","protected":false},"featured_media":8781,"comment_status":"open","ping_status":"closed","template":"","meta":[],"product_cat":[503,16],"product_tag":[],"class_list":{"0":"post-8780","1":"product","2":"type-product","3":"status-publish","4":"has-post-thumbnail","6":"product_cat-tui-qua-hop-qua","7":"product_cat-phu-kien-trang-tri","9":"first","10":"instock","11":"shipping-taxable","12":"purchasable","13":"product-type-simple"},"_links":{"self":[{"href":"https:\/\/chuparty.vn\/index.php?rest_route=\/wp\/v2\/product\/8780","targetHints":{"allow":["GET"]}}],"collection":[{"href":"https:\/\/chuparty.vn\/index.php?rest_route=\/wp\/v2\/product"}],"about":[{"href":"https:\/\/chuparty.vn\/index.php?rest_route=\/wp\/v2\/types\/product"}],"replies":[{"embeddable":true,"href":"https:\/\/chuparty.vn\/index.php?rest_route=%2Fwp%2Fv2%2Fcomments&post=8780"}],"wp:featuredmedia":[{"embeddable":true,"href":"https:\/\/chuparty.vn\/index.php?rest_route=\/wp\/v2\/media\/8781"}],"wp:attachment":[{"href":"https:\/\/chuparty.vn\/index.php?rest_route=%2Fwp%2Fv2%2Fmedia&parent=8780"}],"wp:term":[{"taxonomy":"product_cat","embeddable":true,"href":"https:\/\/chuparty.vn\/index.php?rest_route=%2Fwp%2Fv2%2Fproduct_cat&post=8780"},{"taxonomy":"product_tag","embeddable":true,"href":"https:\/\/chuparty.vn\/index.php?rest_route=%2Fwp%2Fv2%2Fproduct_tag&post=8780"}],"curies":[{"name":"wp","href":"https:\/\/api.w.org\/{rel}","templated":true}]}}