{"id":8757,"date":"2024-05-14T16:39:04","date_gmt":"2024-05-14T09:39:04","guid":{"rendered":"https:\/\/chuparty.vn\/?post_type=product&#038;p=8757"},"modified":"2025-06-16T10:02:12","modified_gmt":"2025-06-16T03:02:12","slug":"tui-giay-trai-tim-nhieu-mau","status":"publish","type":"product","link":"https:\/\/chuparty.vn\/?product=tui-giay-trai-tim-nhieu-mau","title":{"rendered":"T\u00daI GI\u00c2Y TR\u00c1I TIM &#8211; NHI\u1ec0U M\u00c0U"},"content":{"rendered":"<p><strong>Th\u00f4ng tin chi ti\u1ebft s\u1ea3n ph\u1ea9m:\u00a0<\/strong><\/p>\n<ul>\n<li>Ch\u1ea5t li\u1ec7u: Gi\u1ea5y b\u00eca<\/li>\n<li>K\u00edch th\u01b0\u1edbc :<br \/>\n+ Size S:14*15*7cm<br \/>\n+ Size M: 22*17*10cm<br \/>\n+ Size L: 30*27*12cm<\/li>\n<li>M\u00e0u s\u1eafc: tr\u1eafng, h\u1ed3ng, t\u00edm, xanh d\u01b0\u01a1ng, xanh mint<\/li>\n<\/ul>\n","protected":false},"excerpt":{"rendered":"<p>Th\u00f4ng tin chi ti\u1ebft s\u1ea3n ph\u1ea9m:\u00a0 Ch\u1ea5t li\u1ec7u: Gi\u1ea5y b\u00eca K\u00edch th\u01b0\u1edbc : + Size S:14*15*7cm + Size M: 22*17*10cm + Size L: 30*27*12cm M\u00e0u s\u1eafc: tr\u1eafng, h\u1ed3ng, t\u00edm, xanh d\u01b0\u01a1ng, xanh mint<\/p>\n","protected":false},"featured_media":8758,"comment_status":"open","ping_status":"closed","template":"","meta":[],"product_cat":[503,213,489,16],"product_tag":[],"class_list":{"0":"post-8757","1":"product","2":"type-product","3":"status-publish","4":"has-post-thumbnail","6":"product_cat-tui-qua-hop-qua","7":"product_cat-love-wedding-anniversary","8":"product_cat-phu-kien-cho-tiec-cau-hon-cuoi-valentine-anni","9":"product_cat-phu-kien-trang-tri","11":"first","12":"instock","13":"shipping-taxable","14":"purchasable","15":"product-type-variable"},"_links":{"self":[{"href":"https:\/\/chuparty.vn\/index.php?rest_route=\/wp\/v2\/product\/8757","targetHints":{"allow":["GET"]}}],"collection":[{"href":"https:\/\/chuparty.vn\/index.php?rest_route=\/wp\/v2\/product"}],"about":[{"href":"https:\/\/chuparty.vn\/index.php?rest_route=\/wp\/v2\/types\/product"}],"replies":[{"embeddable":true,"href":"https:\/\/chuparty.vn\/index.php?rest_route=%2Fwp%2Fv2%2Fcomments&post=8757"}],"wp:featuredmedia":[{"embeddable":true,"href":"https:\/\/chuparty.vn\/index.php?rest_route=\/wp\/v2\/media\/8758"}],"wp:attachment":[{"href":"https:\/\/chuparty.vn\/index.php?rest_route=%2Fwp%2Fv2%2Fmedia&parent=8757"}],"wp:term":[{"taxonomy":"product_cat","embeddable":true,"href":"https:\/\/chuparty.vn\/index.php?rest_route=%2Fwp%2Fv2%2Fproduct_cat&post=8757"},{"taxonomy":"product_tag","embeddable":true,"href":"https:\/\/chuparty.vn\/index.php?rest_route=%2Fwp%2Fv2%2Fproduct_tag&post=8757"}],"curies":[{"name":"wp","href":"https:\/\/api.w.org\/{rel}","templated":true}]}}