{"id":8727,"date":"2024-05-14T16:02:43","date_gmt":"2024-05-14T09:02:43","guid":{"rendered":"https:\/\/chuparty.vn\/?post_type=product&#038;p=8727"},"modified":"2025-01-21T16:05:12","modified_gmt":"2025-01-21T09:05:12","slug":"8727","status":"publish","type":"product","link":"https:\/\/chuparty.vn\/?product=8727","title":{"rendered":"T\u00daI GI\u1ea4Y HAPPY BIRTHDAY"},"content":{"rendered":"<p><strong>Th\u00f4ng tin chi ti\u1ebft s\u1ea3n ph\u1ea9m:\u00a0<\/strong><\/p>\n<ul>\n<li>Ch\u1ea5t li\u1ec7u: Gi\u1ea5y b\u00eca<\/li>\n<li>K\u00edch th\u01b0\u1edbc :<br \/>\nSize S: 15\u00d78&#215;21 CM &#8211; Gi\u00e1 10,000 vnd\/ c\u00e1i<br \/>\nSize M: 21\u00d711&#215;27 CM &#8211; Gi\u00e1 15,000 vnd\/ c\u00e1i<\/li>\n<li>M\u00e0u s\u1eafc: n\/a<\/li>\n<li>C\u00f3 4 m\u1eabu HAPPY BIRTHDAY<\/li>\n<\/ul>\n","protected":false},"excerpt":{"rendered":"<p>Th\u00f4ng tin chi ti\u1ebft s\u1ea3n ph\u1ea9m:\u00a0 Ch\u1ea5t li\u1ec7u: Gi\u1ea5y b\u00eca K\u00edch th\u01b0\u1edbc : Size S: 15\u00d78&#215;21 CM &#8211; Gi\u00e1 10,000 vnd\/ c\u00e1i Size M: 21\u00d711&#215;27 CM &#8211; Gi\u00e1 15,000 vnd\/ c\u00e1i M\u00e0u s\u1eafc: n\/a C\u00f3 4 m\u1eabu HAPPY BIRTHDAY<\/p>\n","protected":false},"featured_media":8728,"comment_status":"open","ping_status":"closed","template":"","meta":[],"product_cat":[503,16],"product_tag":[],"class_list":{"0":"post-8727","1":"product","2":"type-product","3":"status-publish","4":"has-post-thumbnail","6":"product_cat-tui-qua-hop-qua","7":"product_cat-phu-kien-trang-tri","9":"first","10":"instock","11":"shipping-taxable","12":"purchasable","13":"product-type-simple"},"_links":{"self":[{"href":"https:\/\/chuparty.vn\/index.php?rest_route=\/wp\/v2\/product\/8727","targetHints":{"allow":["GET"]}}],"collection":[{"href":"https:\/\/chuparty.vn\/index.php?rest_route=\/wp\/v2\/product"}],"about":[{"href":"https:\/\/chuparty.vn\/index.php?rest_route=\/wp\/v2\/types\/product"}],"replies":[{"embeddable":true,"href":"https:\/\/chuparty.vn\/index.php?rest_route=%2Fwp%2Fv2%2Fcomments&post=8727"}],"wp:featuredmedia":[{"embeddable":true,"href":"https:\/\/chuparty.vn\/index.php?rest_route=\/wp\/v2\/media\/8728"}],"wp:attachment":[{"href":"https:\/\/chuparty.vn\/index.php?rest_route=%2Fwp%2Fv2%2Fmedia&parent=8727"}],"wp:term":[{"taxonomy":"product_cat","embeddable":true,"href":"https:\/\/chuparty.vn\/index.php?rest_route=%2Fwp%2Fv2%2Fproduct_cat&post=8727"},{"taxonomy":"product_tag","embeddable":true,"href":"https:\/\/chuparty.vn\/index.php?rest_route=%2Fwp%2Fv2%2Fproduct_tag&post=8727"}],"curies":[{"name":"wp","href":"https:\/\/api.w.org\/{rel}","templated":true}]}}