{"id":868,"date":"2022-01-25T19:44:51","date_gmt":"2022-01-25T12:44:51","guid":{"rendered":"https:\/\/chuparty.vn\/?post_type=product&#038;p=868"},"modified":"2022-01-26T15:06:18","modified_gmt":"2022-01-26T08:06:18","slug":"bong-nhom-tron-4d-nhieu-mau","status":"publish","type":"product","link":"https:\/\/chuparty.vn\/?product=bong-nhom-tron-4d-nhieu-mau","title":{"rendered":"B\u00d3NG NH\u00d4M TR\u00d2N 4D (NHI\u1ec0U M\u00c0U)"},"content":{"rendered":"","protected":false},"excerpt":{"rendered":"<p><strong>Th\u00f4ng tin s\u1ea3n ph\u1ea9m<\/strong><\/p>\n<ul>\n<li>K\u00edch th\u01b0\u1edbc: 56cm<\/li>\n<li>C\u00e1ch th\u1ee9c \u0111\u00f3ng g\u00f3i: 01 c\u00e1i<\/li>\n<\/ul>\n","protected":false},"featured_media":871,"comment_status":"open","ping_status":"closed","template":"","meta":[],"product_cat":[15,45,68,112],"product_tag":[23,69,113],"class_list":{"0":"post-868","1":"product","2":"type-product","3":"status-publish","4":"has-post-thumbnail","6":"product_cat-san-pham","7":"product_cat-bong-bong","8":"product_cat-bong-nhom","9":"product_cat-bong-tron-bong-nhom","10":"product_tag-4d","11":"product_tag-bong-nhom","12":"product_tag-bong-tron","13":"pa_mau-sac-bac","14":"pa_mau-sac-den","15":"pa_mau-sac-gold","16":"pa_mau-sac-rose-gold","18":"first","19":"instock","20":"shipping-taxable","21":"purchasable","22":"product-type-variable"},"_links":{"self":[{"href":"https:\/\/chuparty.vn\/index.php?rest_route=\/wp\/v2\/product\/868","targetHints":{"allow":["GET"]}}],"collection":[{"href":"https:\/\/chuparty.vn\/index.php?rest_route=\/wp\/v2\/product"}],"about":[{"href":"https:\/\/chuparty.vn\/index.php?rest_route=\/wp\/v2\/types\/product"}],"replies":[{"embeddable":true,"href":"https:\/\/chuparty.vn\/index.php?rest_route=%2Fwp%2Fv2%2Fcomments&post=868"}],"wp:featuredmedia":[{"embeddable":true,"href":"https:\/\/chuparty.vn\/index.php?rest_route=\/wp\/v2\/media\/871"}],"wp:attachment":[{"href":"https:\/\/chuparty.vn\/index.php?rest_route=%2Fwp%2Fv2%2Fmedia&parent=868"}],"wp:term":[{"taxonomy":"product_cat","embeddable":true,"href":"https:\/\/chuparty.vn\/index.php?rest_route=%2Fwp%2Fv2%2Fproduct_cat&post=868"},{"taxonomy":"product_tag","embeddable":true,"href":"https:\/\/chuparty.vn\/index.php?rest_route=%2Fwp%2Fv2%2Fproduct_tag&post=868"}],"curies":[{"name":"wp","href":"https:\/\/api.w.org\/{rel}","templated":true}]}}