{"id":8633,"date":"2024-05-04T16:02:53","date_gmt":"2024-05-04T09:02:53","guid":{"rendered":"https:\/\/chuparty.vn\/?post_type=product&#038;p=8633"},"modified":"2024-05-04T16:02:54","modified_gmt":"2024-05-04T09:02:54","slug":"chu-vai-happy-birthday-dan-tuong","status":"publish","type":"product","link":"https:\/\/chuparty.vn\/?product=chu-vai-happy-birthday-dan-tuong","title":{"rendered":"CH\u1eee V\u1ea2I HAPPY BIRTHDAY D\u00c1N T\u01af\u1edcNG"},"content":{"rendered":"<p><strong>Chi ti\u1ebft s\u1ea3n ph\u1ea9m:<br \/>\n<\/strong>Qui c\u00e1ch \u0111\u00f3ng g\u00f3i: \/t\u00fai<strong><br \/>\n<\/strong>Ch\u1ea5t li\u1ec7u: v\u1ea3i n\u1ec9<br \/>\nM\u00e0u s\u1eafc: n\u00e2u<br \/>\nK\u00edch th\u01b0\u1edbc:<\/p>\n","protected":false},"excerpt":{"rendered":"<p>Chi ti\u1ebft s\u1ea3n ph\u1ea9m: Qui c\u00e1ch \u0111\u00f3ng g\u00f3i: \/t\u00fai Ch\u1ea5t li\u1ec7u: v\u1ea3i n\u1ec9 M\u00e0u s\u1eafc: n\u00e2u K\u00edch th\u01b0\u1edbc:<\/p>\n","protected":false},"featured_media":8636,"comment_status":"open","ping_status":"closed","template":"","meta":[],"product_cat":[135,48,361],"product_tag":[],"class_list":{"0":"post-8633","1":"product","2":"type-product","3":"status-publish","4":"has-post-thumbnail","6":"product_cat-new-arrival","7":"product_cat-day-treo-banner","8":"product_cat-dong-gia-50k","10":"first","11":"instock","12":"shipping-taxable","13":"purchasable","14":"product-type-simple"},"_links":{"self":[{"href":"https:\/\/chuparty.vn\/index.php?rest_route=\/wp\/v2\/product\/8633","targetHints":{"allow":["GET"]}}],"collection":[{"href":"https:\/\/chuparty.vn\/index.php?rest_route=\/wp\/v2\/product"}],"about":[{"href":"https:\/\/chuparty.vn\/index.php?rest_route=\/wp\/v2\/types\/product"}],"replies":[{"embeddable":true,"href":"https:\/\/chuparty.vn\/index.php?rest_route=%2Fwp%2Fv2%2Fcomments&post=8633"}],"wp:featuredmedia":[{"embeddable":true,"href":"https:\/\/chuparty.vn\/index.php?rest_route=\/wp\/v2\/media\/8636"}],"wp:attachment":[{"href":"https:\/\/chuparty.vn\/index.php?rest_route=%2Fwp%2Fv2%2Fmedia&parent=8633"}],"wp:term":[{"taxonomy":"product_cat","embeddable":true,"href":"https:\/\/chuparty.vn\/index.php?rest_route=%2Fwp%2Fv2%2Fproduct_cat&post=8633"},{"taxonomy":"product_tag","embeddable":true,"href":"https:\/\/chuparty.vn\/index.php?rest_route=%2Fwp%2Fv2%2Fproduct_tag&post=8633"}],"curies":[{"name":"wp","href":"https:\/\/api.w.org\/{rel}","templated":true}]}}