{"id":8626,"date":"2024-05-04T15:58:38","date_gmt":"2024-05-04T08:58:38","guid":{"rendered":"https:\/\/chuparty.vn\/?post_type=product&#038;p=8626"},"modified":"2024-05-26T14:03:50","modified_gmt":"2024-05-26T07:03:50","slug":"non-vai-happy-birthday-nhieu-mau","status":"publish","type":"product","link":"https:\/\/chuparty.vn\/?product=non-vai-happy-birthday-nhieu-mau","title":{"rendered":"N\u00d3N V\u1ea2I HAPPY BIRTHDAY &#8211; NHI\u1ec0U M\u00c0U"},"content":{"rendered":"<p><strong>Chi ti\u1ebft s\u1ea3n ph\u1ea9m:<br \/>\n<\/strong>Qui c\u00e1ch \u0111\u00f3ng g\u00f3i: 1 c\u00e1i\/t\u00fai<strong><br \/>\n<\/strong>Ch\u1ea5t li\u1ec7u: v\u1ea3i n\u1ec9<br \/>\nM\u00e0u s\u1eafc: c\u00f3 10 m\u00e0u c\u01a1 b\u1ea3n.<br \/>\nK\u00edch th\u01b0\u1edbc:<\/p>\n","protected":false},"excerpt":{"rendered":"<p>Chi ti\u1ebft s\u1ea3n ph\u1ea9m: Qui c\u00e1ch \u0111\u00f3ng g\u00f3i: 1 c\u00e1i\/t\u00fai Ch\u1ea5t li\u1ec7u: v\u1ea3i n\u1ec9 M\u00e0u s\u1eafc: c\u00f3 10 m\u00e0u c\u01a1 b\u1ea3n. K\u00edch th\u01b0\u1edbc:<\/p>\n","protected":false},"featured_media":8627,"comment_status":"open","ping_status":"closed","template":"","meta":[],"product_cat":[135,145],"product_tag":[133,144],"class_list":{"0":"post-8626","1":"product","2":"type-product","3":"status-publish","4":"has-post-thumbnail","6":"product_cat-new-arrival","7":"product_cat-non-tiec","8":"product_tag-new-arrival","9":"product_tag-non","11":"first","12":"instock","13":"shipping-taxable","14":"purchasable","15":"product-type-simple"},"_links":{"self":[{"href":"https:\/\/chuparty.vn\/index.php?rest_route=\/wp\/v2\/product\/8626","targetHints":{"allow":["GET"]}}],"collection":[{"href":"https:\/\/chuparty.vn\/index.php?rest_route=\/wp\/v2\/product"}],"about":[{"href":"https:\/\/chuparty.vn\/index.php?rest_route=\/wp\/v2\/types\/product"}],"replies":[{"embeddable":true,"href":"https:\/\/chuparty.vn\/index.php?rest_route=%2Fwp%2Fv2%2Fcomments&post=8626"}],"wp:featuredmedia":[{"embeddable":true,"href":"https:\/\/chuparty.vn\/index.php?rest_route=\/wp\/v2\/media\/8627"}],"wp:attachment":[{"href":"https:\/\/chuparty.vn\/index.php?rest_route=%2Fwp%2Fv2%2Fmedia&parent=8626"}],"wp:term":[{"taxonomy":"product_cat","embeddable":true,"href":"https:\/\/chuparty.vn\/index.php?rest_route=%2Fwp%2Fv2%2Fproduct_cat&post=8626"},{"taxonomy":"product_tag","embeddable":true,"href":"https:\/\/chuparty.vn\/index.php?rest_route=%2Fwp%2Fv2%2Fproduct_tag&post=8626"}],"curies":[{"name":"wp","href":"https:\/\/api.w.org\/{rel}","templated":true}]}}