{"id":8614,"date":"2024-05-04T15:06:14","date_gmt":"2024-05-04T08:06:14","guid":{"rendered":"https:\/\/chuparty.vn\/?post_type=product&#038;p=8614"},"modified":"2025-12-16T16:27:42","modified_gmt":"2025-12-16T09:27:42","slug":"khung-hinh-in-dau-chan-1st-birthday","status":"publish","type":"product","link":"https:\/\/chuparty.vn\/?product=khung-hinh-in-dau-chan-1st-birthday","title":{"rendered":"KHUNG H\u00ccNH &#038; IN D\u1ea4U CH\u00c2N &#8211; 1ST BIRTHDAY"},"content":{"rendered":"<p><strong>Chi ti\u1ebft s\u1ea3n ph\u1ea9m:<\/strong><\/p>\n<ul>\n<li>K\u00edch th\u01b0\u1edbc : 24*738m<\/li>\n<li>Ch\u1ea5t li\u1ec7u: nh\u1ef1a c\u1ee9ng cao c\u1ea5p<\/li>\n<li>C\u00e1ch th\u1ee9c \u0111\u00f3ng g\u00f3i: 1 c\u00e1i\/t\u00fai<\/li>\n<li>C\u00f3 12 \u00f4 h\u00ecnh nh\u1ecf \u0111\u1ec3 g\u1eafn h\u00ecnh b\u00e9 t\u1eeb 1 th\u00e1ng tu\u1ed5i &#8211; 12 th\u00e1ng tu\u1ed5i v\u00e0 1 \u00f4 in b\u00e0n ch\u00e2n b\u00e9 \u0111\u00e1nh d\u1ea5u ng\u00e0y b\u00e9 b\u01b0\u1edbc \u0111i.<\/li>\n<\/ul>\n","protected":false},"excerpt":{"rendered":"<p>Chi ti\u1ebft s\u1ea3n ph\u1ea9m: K\u00edch th\u01b0\u1edbc : 24*738m Ch\u1ea5t li\u1ec7u: nh\u1ef1a c\u1ee9ng cao c\u1ea5p C\u00e1ch th\u1ee9c \u0111\u00f3ng g\u00f3i: 1 c\u00e1i\/t\u00fai C\u00f3 12 \u00f4 h\u00ecnh nh\u1ecf \u0111\u1ec3 g\u1eafn h\u00ecnh b\u00e9 t\u1eeb 1 th\u00e1ng tu\u1ed5i &#8211; 12 th\u00e1ng tu\u1ed5i v\u00e0 1 \u00f4 in b\u00e0n ch\u00e2n b\u00e9 \u0111\u00e1nh d\u1ea5u ng\u00e0y b\u00e9 b\u01b0\u1edbc \u0111i.<\/p>\n","protected":false},"featured_media":8616,"comment_status":"open","ping_status":"closed","template":"","meta":[],"product_cat":[511,137,51,28],"product_tag":[],"class_list":{"0":"post-8614","1":"product","2":"type-product","3":"status-publish","4":"has-post-thumbnail","6":"product_cat-sale-of-50","7":"product_cat-1st-birthday","8":"product_cat-khung-hinh","9":"product_cat-sale","11":"first","12":"instock","13":"sale","14":"shipping-taxable","15":"purchasable","16":"product-type-simple"},"_links":{"self":[{"href":"https:\/\/chuparty.vn\/index.php?rest_route=\/wp\/v2\/product\/8614","targetHints":{"allow":["GET"]}}],"collection":[{"href":"https:\/\/chuparty.vn\/index.php?rest_route=\/wp\/v2\/product"}],"about":[{"href":"https:\/\/chuparty.vn\/index.php?rest_route=\/wp\/v2\/types\/product"}],"replies":[{"embeddable":true,"href":"https:\/\/chuparty.vn\/index.php?rest_route=%2Fwp%2Fv2%2Fcomments&post=8614"}],"wp:featuredmedia":[{"embeddable":true,"href":"https:\/\/chuparty.vn\/index.php?rest_route=\/wp\/v2\/media\/8616"}],"wp:attachment":[{"href":"https:\/\/chuparty.vn\/index.php?rest_route=%2Fwp%2Fv2%2Fmedia&parent=8614"}],"wp:term":[{"taxonomy":"product_cat","embeddable":true,"href":"https:\/\/chuparty.vn\/index.php?rest_route=%2Fwp%2Fv2%2Fproduct_cat&post=8614"},{"taxonomy":"product_tag","embeddable":true,"href":"https:\/\/chuparty.vn\/index.php?rest_route=%2Fwp%2Fv2%2Fproduct_tag&post=8614"}],"curies":[{"name":"wp","href":"https:\/\/api.w.org\/{rel}","templated":true}]}}