{"id":8612,"date":"2024-05-04T15:01:03","date_gmt":"2024-05-04T08:01:03","guid":{"rendered":"https:\/\/chuparty.vn\/?post_type=product&#038;p=8612"},"modified":"2025-12-16T16:25:11","modified_gmt":"2025-12-16T09:25:11","slug":"khung-hinh-gia-dinh","status":"publish","type":"product","link":"https:\/\/chuparty.vn\/?product=khung-hinh-gia-dinh","title":{"rendered":"KHUNG H\u00ccNH GIA \u0110\u00ccNH"},"content":{"rendered":"<p><strong>Chi ti\u1ebft s\u1ea3n ph\u1ea9m:<\/strong><\/p>\n<ul>\n<li>K\u00edch th\u01b0\u1edbc : 35*70cm<\/li>\n<li>Ch\u1ea5t li\u1ec7u: nh\u1ef1a c\u1ee9ng<\/li>\n<li>C\u00e1ch th\u1ee9c \u0111\u00f3ng g\u00f3i: 1 c\u00e1i\/t\u00fai<\/li>\n<li>C\u00f3 7 \u00f4 h\u00ecnh nh\u1ecf g\u1ed3m: 2 \u00f4 h\u00ecnh 10*10cm, 4 \u00f4 h\u00ecnh 10*15cm v\u00e0 1 \u00f4 h\u00ecnh 13*18cm<\/li>\n<\/ul>\n","protected":false},"excerpt":{"rendered":"<p>Chi ti\u1ebft s\u1ea3n ph\u1ea9m: K\u00edch th\u01b0\u1edbc : 35*70cm Ch\u1ea5t li\u1ec7u: nh\u1ef1a c\u1ee9ng C\u00e1ch th\u1ee9c \u0111\u00f3ng g\u00f3i: 1 c\u00e1i\/t\u00fai C\u00f3 7 \u00f4 h\u00ecnh nh\u1ecf g\u1ed3m: 2 \u00f4 h\u00ecnh 10*10cm, 4 \u00f4 h\u00ecnh 10*15cm v\u00e0 1 \u00f4 h\u00ecnh 13*18cm<\/p>\n","protected":false},"featured_media":8613,"comment_status":"open","ping_status":"closed","template":"","meta":[],"product_cat":[511,137,51,28],"product_tag":[136],"class_list":{"0":"post-8612","1":"product","2":"type-product","3":"status-publish","4":"has-post-thumbnail","6":"product_cat-sale-of-50","7":"product_cat-1st-birthday","8":"product_cat-khung-hinh","9":"product_cat-sale","10":"product_tag-sale","12":"first","13":"instock","14":"sale","15":"shipping-taxable","16":"purchasable","17":"product-type-simple"},"_links":{"self":[{"href":"https:\/\/chuparty.vn\/index.php?rest_route=\/wp\/v2\/product\/8612","targetHints":{"allow":["GET"]}}],"collection":[{"href":"https:\/\/chuparty.vn\/index.php?rest_route=\/wp\/v2\/product"}],"about":[{"href":"https:\/\/chuparty.vn\/index.php?rest_route=\/wp\/v2\/types\/product"}],"replies":[{"embeddable":true,"href":"https:\/\/chuparty.vn\/index.php?rest_route=%2Fwp%2Fv2%2Fcomments&post=8612"}],"wp:featuredmedia":[{"embeddable":true,"href":"https:\/\/chuparty.vn\/index.php?rest_route=\/wp\/v2\/media\/8613"}],"wp:attachment":[{"href":"https:\/\/chuparty.vn\/index.php?rest_route=%2Fwp%2Fv2%2Fmedia&parent=8612"}],"wp:term":[{"taxonomy":"product_cat","embeddable":true,"href":"https:\/\/chuparty.vn\/index.php?rest_route=%2Fwp%2Fv2%2Fproduct_cat&post=8612"},{"taxonomy":"product_tag","embeddable":true,"href":"https:\/\/chuparty.vn\/index.php?rest_route=%2Fwp%2Fv2%2Fproduct_tag&post=8612"}],"curies":[{"name":"wp","href":"https:\/\/api.w.org\/{rel}","templated":true}]}}