{"id":8497,"date":"2024-04-25T15:27:15","date_gmt":"2024-04-25T08:27:15","guid":{"rendered":"https:\/\/chuparty.vn\/?post_type=product&#038;p=8497"},"modified":"2026-04-21T10:50:00","modified_gmt":"2026-04-21T03:50:00","slug":"diy-balloon-garland-dinosaur","status":"publish","type":"product","link":"https:\/\/chuparty.vn\/?product=diy-balloon-garland-dinosaur","title":{"rendered":"DIY BALLOON GARLAND &#8211; DINOSAUR"},"content":{"rendered":"<p><strong>Chi ti\u1ebft s\u1ea3n ph\u1ea9m:\u00a0<\/strong><br \/>\nD\u00e2y b\u00f3ng t\u1ef1 l\u00e0m ch\u1ee7 \u0111\u1ec1 KH\u1ee6NG LONG bao g\u1ed3m:<br \/>\n* 20 b\u00f3ng tr\u00f2n 25cm gam m\u00e0u xanh l\u00e1 ch\u1ee7 \u0111\u1ec1 kh\u1ee7ng long<br \/>\n* 20 b\u00f3ng d\u00e0i 260gam m\u00e0u xanh l\u00e1 ch\u1ee7 \u0111\u1ec1 kh\u1ee7ng long<br \/>\n* 1 D\u00e2y treo HAPPY BIRTHDAY ch\u1ee7 \u0111\u1ec1 kh\u1ee7ng long<br \/>\n* 2 b\u00f3ng tr\u00f2n in h\u1ecda ti\u1ebft HPBD Dinosuar &#8211; kh\u1ee7ng long<br \/>\n* 3 cu\u1ed9n d\u00e2y c\u1ed9t b\u00f3ng<br \/>\n<strong>L\u01b0u \u00fd: B\u00f3ng giao \u1edf tr\u1ea1ng th\u00e1i ch\u01b0a b\u01a1m, gi\u00e1 s\u1ea3n ph\u1ea9m ch\u01b0a bao g\u1ed3m ph\u00ed b\u01a1m v\u00e0 k\u1ebft b\u00f3ng. N\u1ebfu kh\u00e1ch c\u00f3 nhu c\u1ea7u b\u01a1m s\u1eb5n vui l\u00f2ng li\u00ean h\u1ec7 nh\u00e2n vi\u00ean b\u00e1n h\u00e0ng \u0111\u1ec3 \u0111\u01b0\u1ee3c b\u00e1o gi\u00e1 v\u00e0 t\u01b0 v\u1ea5n.<\/strong><\/p>\n","protected":false},"excerpt":{"rendered":"<p>Chi ti\u1ebft s\u1ea3n ph\u1ea9m:\u00a0 D\u00e2y b\u00f3ng t\u1ef1 l\u00e0m ch\u1ee7 \u0111\u1ec1 KH\u1ee6NG LONG bao g\u1ed3m: * 20 b\u00f3ng tr\u00f2n 25cm gam m\u00e0u xanh l\u00e1 ch\u1ee7 \u0111\u1ec1 kh\u1ee7ng long * 20 b\u00f3ng d\u00e0i 260gam m\u00e0u xanh l\u00e1 ch\u1ee7 \u0111\u1ec1 kh\u1ee7ng long * 1 D\u00e2y treo HAPPY BIRTHDAY ch\u1ee7 \u0111\u1ec1 kh\u1ee7ng long * 2 b\u00f3ng tr\u00f2n in h\u1ecda [&hellip;]<\/p>\n","protected":false},"featured_media":8498,"comment_status":"open","ping_status":"closed","template":"","meta":[],"product_cat":[264,24,437,366,490],"product_tag":[],"class_list":{"0":"post-8497","1":"product","2":"type-product","3":"status-publish","4":"has-post-thumbnail","6":"product_cat-dinosaur","7":"product_cat-bo-trang-tri","8":"product_cat-set-trang-tri-cho-be","9":"product_cat-combo-bong-tru-handmade","10":"product_cat-day-bong-handmade","12":"first","13":"instock","14":"shipping-taxable","15":"purchasable","16":"product-type-simple"},"_links":{"self":[{"href":"https:\/\/chuparty.vn\/index.php?rest_route=\/wp\/v2\/product\/8497","targetHints":{"allow":["GET"]}}],"collection":[{"href":"https:\/\/chuparty.vn\/index.php?rest_route=\/wp\/v2\/product"}],"about":[{"href":"https:\/\/chuparty.vn\/index.php?rest_route=\/wp\/v2\/types\/product"}],"replies":[{"embeddable":true,"href":"https:\/\/chuparty.vn\/index.php?rest_route=%2Fwp%2Fv2%2Fcomments&post=8497"}],"wp:featuredmedia":[{"embeddable":true,"href":"https:\/\/chuparty.vn\/index.php?rest_route=\/wp\/v2\/media\/8498"}],"wp:attachment":[{"href":"https:\/\/chuparty.vn\/index.php?rest_route=%2Fwp%2Fv2%2Fmedia&parent=8497"}],"wp:term":[{"taxonomy":"product_cat","embeddable":true,"href":"https:\/\/chuparty.vn\/index.php?rest_route=%2Fwp%2Fv2%2Fproduct_cat&post=8497"},{"taxonomy":"product_tag","embeddable":true,"href":"https:\/\/chuparty.vn\/index.php?rest_route=%2Fwp%2Fv2%2Fproduct_tag&post=8497"}],"curies":[{"name":"wp","href":"https:\/\/api.w.org\/{rel}","templated":true}]}}