{"id":8451,"date":"2024-04-24T10:49:08","date_gmt":"2024-04-24T03:49:08","guid":{"rendered":"https:\/\/chuparty.vn\/?post_type=product&#038;p=8451"},"modified":"2024-06-17T16:22:47","modified_gmt":"2024-06-17T09:22:47","slug":"bong-tao-hinh-nhan-vat-cinamonroll","status":"publish","type":"product","link":"https:\/\/chuparty.vn\/?product=bong-tao-hinh-nhan-vat-cinamonroll","title":{"rendered":"B\u00d3NG T\u1ea0O H\u00ccNH NH\u1eacN V\u1eacT &#8211; CINAMONROLL"},"content":{"rendered":"<p><strong>Th\u00f4ng tin chi ti\u1ebft s\u1ea3n ph\u1ea9m: B\u00f3ng CINAMONROLL<\/strong><\/p>\n<ul>\n<li>Ch\u1ea5t li\u1ec7u: b\u00f3ng cao su<\/li>\n<li>G\u1ed3m: 1 c\u00e0nh b\u00f3ng nh\u00e2n v\u1eadt SINAMONROLL + 1 t\u00fai ki\u1ebfng g\u00f3i b\u00f3ng + n\u01a1<\/li>\n<li>M\u00e0u s\u1eafc: b\u1ea1n c\u00f3 th\u1ec3 y\u00eau c\u1ea7u m\u00e0u s\u1eafc b\u00f3ng theo s\u1edf th\u00edch<\/li>\n<li>Lo\u1ea1i b\u00f3ng:<\/li>\n<\/ul>\n","protected":false},"excerpt":{"rendered":"<p>Th\u00f4ng tin chi ti\u1ebft s\u1ea3n ph\u1ea9m: B\u00f3ng CINAMONROLL Ch\u1ea5t li\u1ec7u: b\u00f3ng cao su G\u1ed3m: 1 c\u00e0nh b\u00f3ng nh\u00e2n v\u1eadt SINAMONROLL + 1 t\u00fai ki\u1ebfng g\u00f3i b\u00f3ng + n\u01a1 M\u00e0u s\u1eafc: b\u1ea1n c\u00f3 th\u1ec3 y\u00eau c\u1ea7u m\u00e0u s\u1eafc b\u00f3ng theo s\u1edf th\u00edch Lo\u1ea1i b\u00f3ng:<\/p>\n","protected":false},"featured_media":8452,"comment_status":"open","ping_status":"closed","template":"","meta":[],"product_cat":[506,107,497],"product_tag":[],"class_list":{"0":"post-8451","1":"product","2":"type-product","3":"status-publish","4":"has-post-thumbnail","6":"product_cat-sanrio","7":"product_cat-surprise-balloon","8":"product_cat-characters-balloon","10":"first","11":"instock","12":"shipping-taxable","13":"purchasable","14":"product-type-simple"},"_links":{"self":[{"href":"https:\/\/chuparty.vn\/index.php?rest_route=\/wp\/v2\/product\/8451","targetHints":{"allow":["GET"]}}],"collection":[{"href":"https:\/\/chuparty.vn\/index.php?rest_route=\/wp\/v2\/product"}],"about":[{"href":"https:\/\/chuparty.vn\/index.php?rest_route=\/wp\/v2\/types\/product"}],"replies":[{"embeddable":true,"href":"https:\/\/chuparty.vn\/index.php?rest_route=%2Fwp%2Fv2%2Fcomments&post=8451"}],"wp:featuredmedia":[{"embeddable":true,"href":"https:\/\/chuparty.vn\/index.php?rest_route=\/wp\/v2\/media\/8452"}],"wp:attachment":[{"href":"https:\/\/chuparty.vn\/index.php?rest_route=%2Fwp%2Fv2%2Fmedia&parent=8451"}],"wp:term":[{"taxonomy":"product_cat","embeddable":true,"href":"https:\/\/chuparty.vn\/index.php?rest_route=%2Fwp%2Fv2%2Fproduct_cat&post=8451"},{"taxonomy":"product_tag","embeddable":true,"href":"https:\/\/chuparty.vn\/index.php?rest_route=%2Fwp%2Fv2%2Fproduct_tag&post=8451"}],"curies":[{"name":"wp","href":"https:\/\/api.w.org\/{rel}","templated":true}]}}