{"id":8437,"date":"2024-04-23T17:18:35","date_gmt":"2024-04-23T10:18:35","guid":{"rendered":"https:\/\/chuparty.vn\/?post_type=product&#038;p=8437"},"modified":"2024-04-23T17:18:52","modified_gmt":"2024-04-23T10:18:52","slug":"flower-balloon-carrier-congrats-teddy","status":"publish","type":"product","link":"https:\/\/chuparty.vn\/?product=flower-balloon-carrier-congrats-teddy","title":{"rendered":"FLOWER BALLOON CARRIER &#8211; GRADUATION"},"content":{"rendered":"<p><strong>Th\u00f4ng tin chi ti\u1ebft s\u1ea3n ph\u1ea9m:\u00a0<\/strong>GI\u1ece HOA B\u00d3NG T\u1ed0T NGHI\u1ec6P<\/p>\n<p>* 1 Gi\u1ecf Nh\u1ef1a tone m\u00e0u t\u00f9y ch\u1ecdn<br \/>\n* 5 Hoa Bong B\u00f3ng tone m\u00e0u t\u00f9y ch\u1ecdn + 1 B\u00f3ng G\u1ea5u \u0111\u1ed9i n\u00f3n t\u1ed1t nghi\u1ec7p<br \/>\n* Kich th\u01b0\u1edbc S\u1ea3n Ph\u1ea9m: 35cm*35cm<\/p>\n<p><strong>L\u01b0u \u00fd: KH\u00d4NG BAO G\u1ed2M STICKER CH\u1eee D\u00c1N TR\u00caN B\u00d3NG, N\u1ebeU C\u00d3 Y\u00caU C\u1ea6U H\u00c3Y LI\u00caN H\u1ec6 V\u1edaI NH\u00c2N VI\u00caN T\u01af V\u1ea4N \u0110\u1ec2 \u0110\u01af\u1ee2C B\u00c1O GI\u00c1.<br \/>\n<\/strong>+ B\u00f3ng Jumbo\/ b\u00f3ng bay s\u1ebd \u0111\u01b0\u1ee3c giao b\u1eb1ng grab car\/taxi, \u0111\u1ec3 gi\u1eef an to\u00e0n cho bong b\u00f3ng tr\u01b0\u1edbc th\u1eddi ti\u1ebft (n\u1eafng ho\u1eb7c m\u01b0a) gi\u00fap cho b\u00f3ng gi\u1eef \u0111\u01b0\u1ee3c m\u00e0u s\u1eafc kh\u00f4ng b\u1ecb xu\u1ed1ng m\u00e0u ho\u1eb7c b\u1ecb b\u1ec3 do va \u0111\u1eadp. \u00a0Ph\u00ed v\u1eadn chuy\u1ec3n s\u1ebd \u0111\u01b0\u1ee3c th\u00f4ng b\u00e1o khi book xe .<br \/>\n+ B\u00f3ng Jumbo\/ b\u00f3ng bay \u0111\u1eb9p nh\u1ea5t t\u1eeb 6-8 ti\u1ebfng \u0111\u1ea7u (trong th\u1eddi gian n\u00e0y b\u00f3ng s\u1ebd lu\u00f4n s\u00e1ng \u0111\u1eb9p v\u00e0 \u0111\u1ed9 bay s\u1ebd \u0111\u01b0\u1ee3c \u0111\u1ea3m b\u1ea3o t\u1ed1t nh\u1ea5t.<br \/>\n+ H\u1ea1n ch\u1ebf \u0111\u1ec3 bong b\u00f3ng \u1edf ngo\u00e0i tr\u1eddi ho\u1eb7c n\u01a1i c\u00f3 nhi\u1ec7t \u0111\u1ed9 cao, g\u1ea7n m\u1eb7t tr\u1eddi ho\u1eb7c \u00e1nh \u0111\u00e8n n\u00f3ng s\u1ebd l\u00e0m v\u1ee1 b\u00f3ng.<\/p>\n","protected":false},"excerpt":{"rendered":"<p>Th\u00f4ng tin chi ti\u1ebft s\u1ea3n ph\u1ea9m:\u00a0GI\u1ece HOA B\u00d3NG T\u1ed0T NGHI\u1ec6P * 1 Gi\u1ecf Nh\u1ef1a tone m\u00e0u t\u00f9y ch\u1ecdn * 5 Hoa Bong B\u00f3ng tone m\u00e0u t\u00f9y ch\u1ecdn + 1 B\u00f3ng G\u1ea5u \u0111\u1ed9i n\u00f3n t\u1ed1t nghi\u1ec7p * Kich th\u01b0\u1edbc S\u1ea3n Ph\u1ea9m: 35cm*35cm L\u01b0u \u00fd: KH\u00d4NG BAO G\u1ed2M STICKER CH\u1eee D\u00c1N TR\u00caN B\u00d3NG, N\u1ebeU C\u00d3 Y\u00caU C\u1ea6U [&hellip;]<\/p>\n","protected":false},"featured_media":8438,"comment_status":"open","ping_status":"closed","template":"","meta":[],"product_cat":[365,107,494],"product_tag":[123,495,353],"class_list":{"0":"post-8437","1":"product","2":"type-product","3":"status-publish","4":"has-post-thumbnail","6":"product_cat-graduation","7":"product_cat-surprise-balloon","8":"product_cat-flower-balloon-carrier","9":"product_tag-congratulation","10":"product_tag-flower-balloon-carrier","11":"product_tag-graduation","13":"first","14":"instock","15":"shipping-taxable","16":"purchasable","17":"product-type-simple"},"_links":{"self":[{"href":"https:\/\/chuparty.vn\/index.php?rest_route=\/wp\/v2\/product\/8437","targetHints":{"allow":["GET"]}}],"collection":[{"href":"https:\/\/chuparty.vn\/index.php?rest_route=\/wp\/v2\/product"}],"about":[{"href":"https:\/\/chuparty.vn\/index.php?rest_route=\/wp\/v2\/types\/product"}],"replies":[{"embeddable":true,"href":"https:\/\/chuparty.vn\/index.php?rest_route=%2Fwp%2Fv2%2Fcomments&post=8437"}],"wp:featuredmedia":[{"embeddable":true,"href":"https:\/\/chuparty.vn\/index.php?rest_route=\/wp\/v2\/media\/8438"}],"wp:attachment":[{"href":"https:\/\/chuparty.vn\/index.php?rest_route=%2Fwp%2Fv2%2Fmedia&parent=8437"}],"wp:term":[{"taxonomy":"product_cat","embeddable":true,"href":"https:\/\/chuparty.vn\/index.php?rest_route=%2Fwp%2Fv2%2Fproduct_cat&post=8437"},{"taxonomy":"product_tag","embeddable":true,"href":"https:\/\/chuparty.vn\/index.php?rest_route=%2Fwp%2Fv2%2Fproduct_tag&post=8437"}],"curies":[{"name":"wp","href":"https:\/\/api.w.org\/{rel}","templated":true}]}}