{"id":8406,"date":"2024-04-12T13:05:03","date_gmt":"2024-04-12T06:05:03","guid":{"rendered":"https:\/\/chuparty.vn\/?post_type=product&#038;p=8406"},"modified":"2024-04-12T16:08:04","modified_gmt":"2024-04-12T09:08:04","slug":"combo-bong-barbie-girl","status":"publish","type":"product","link":"https:\/\/chuparty.vn\/?product=combo-bong-barbie-girl","title":{"rendered":"COMBO B\u00d3NG BARBIE GIRL"},"content":{"rendered":"<p><strong>Th\u00f4ng tin s\u1ea3n ph\u1ea9m:<\/strong><br \/>\nCombo 5 b\u00f3ng BARBIE GIRL g\u1ed3m:<br \/>\n1 B\u00f3ng H\u1ed3ng Barbie Girl<br \/>\n2 B\u00f3ng tr\u00e1i tim m\u00e0u hologram<br \/>\n2 B\u00f3ng tr\u00f2n h\u1ed3ng in Barbie Girl<br \/>\nC\u00e1ch th\u1ee9c \u0111\u00f3ng g\u00f3i: 5 b\u00f3ng\/t\u00fai.<br \/>\n<strong>\u2013&gt;<\/strong>\u00a0B\u00f3ng \u0111\u01b0\u1ee3c giao \u1edf tr\u1ea1ng th\u00e1i ch\u01b0a b\u01a1m, b\u00f3ng c\u00f3 th\u1ec3 b\u01a1m b\u1eb1ng m\u00e1y b\u01a1m\/b\u01a1m tay ho\u1eb7c kh\u00ed helium t\u00f9y theo nhu c\u1ea7u s\u1eed d\u1ee5ng.<br \/>\n<strong>\u2013&gt;<\/strong>\u00a0N\u1ebfu b\u1ea1n c\u00f3 nhu c\u1ea7u b\u01a1m kh\u00ed helium \u0111\u1ec3 b\u00f3ng bay, vui l\u00f2ng li\u00ean h\u1ec7 v\u1edbi nh\u00e2n vi\u00ean b\u00e1n h\u00e0ng \u0111\u1ec3 \u0111\u01b0\u1ee3c t\u01b0 v\u1ea5n v\u00e0 b\u00e1o gi\u00e1.<\/p>\n","protected":false},"excerpt":{"rendered":"<p>Th\u00f4ng tin s\u1ea3n ph\u1ea9m: Combo 5 b\u00f3ng BARBIE GIRL g\u1ed3m: 1 B\u00f3ng H\u1ed3ng Barbie Girl 2 B\u00f3ng tr\u00e1i tim m\u00e0u hologram 2 B\u00f3ng tr\u00f2n h\u1ed3ng in Barbie Girl C\u00e1ch th\u1ee9c \u0111\u00f3ng g\u00f3i: 5 b\u00f3ng\/t\u00fai. \u2013&gt;\u00a0B\u00f3ng \u0111\u01b0\u1ee3c giao \u1edf tr\u1ea1ng th\u00e1i ch\u01b0a b\u01a1m, b\u00f3ng c\u00f3 th\u1ec3 b\u01a1m b\u1eb1ng m\u00e1y b\u01a1m\/b\u01a1m tay ho\u1eb7c kh\u00ed helium t\u00f9y theo [&hellip;]<\/p>\n","protected":false},"featured_media":8408,"comment_status":"open","ping_status":"closed","template":"","meta":[],"product_cat":[499,68,87],"product_tag":[500],"class_list":{"0":"post-8406","1":"product","2":"type-product","3":"status-publish","4":"has-post-thumbnail","6":"product_cat-barbie-girl","7":"product_cat-bong-nhom","8":"product_cat-combo-bong-hinh","9":"product_tag-barbie-girl","11":"first","12":"instock","13":"shipping-taxable","14":"purchasable","15":"product-type-simple"},"_links":{"self":[{"href":"https:\/\/chuparty.vn\/index.php?rest_route=\/wp\/v2\/product\/8406","targetHints":{"allow":["GET"]}}],"collection":[{"href":"https:\/\/chuparty.vn\/index.php?rest_route=\/wp\/v2\/product"}],"about":[{"href":"https:\/\/chuparty.vn\/index.php?rest_route=\/wp\/v2\/types\/product"}],"replies":[{"embeddable":true,"href":"https:\/\/chuparty.vn\/index.php?rest_route=%2Fwp%2Fv2%2Fcomments&post=8406"}],"wp:featuredmedia":[{"embeddable":true,"href":"https:\/\/chuparty.vn\/index.php?rest_route=\/wp\/v2\/media\/8408"}],"wp:attachment":[{"href":"https:\/\/chuparty.vn\/index.php?rest_route=%2Fwp%2Fv2%2Fmedia&parent=8406"}],"wp:term":[{"taxonomy":"product_cat","embeddable":true,"href":"https:\/\/chuparty.vn\/index.php?rest_route=%2Fwp%2Fv2%2Fproduct_cat&post=8406"},{"taxonomy":"product_tag","embeddable":true,"href":"https:\/\/chuparty.vn\/index.php?rest_route=%2Fwp%2Fv2%2Fproduct_tag&post=8406"}],"curies":[{"name":"wp","href":"https:\/\/api.w.org\/{rel}","templated":true}]}}