{"id":8368,"date":"2024-03-30T10:21:27","date_gmt":"2024-03-30T03:21:27","guid":{"rendered":"https:\/\/chuparty.vn\/?post_type=product&#038;p=8368"},"modified":"2024-10-04T15:34:58","modified_gmt":"2024-10-04T08:34:58","slug":"pop-it-balloon-big-bang","status":"publish","type":"product","link":"https:\/\/chuparty.vn\/?product=pop-it-balloon-big-bang","title":{"rendered":"POP IT BALLOON &#8211; BIG BANG"},"content":{"rendered":"<p><strong>Pop It Surprise Balloon (No helium)\u00a0<\/strong><\/p>\n<div dir=\"auto\">\n<div dir=\"auto\"><span class=\"pq6dq46d tbxw36s4 knj5qynh kvgmc6g5 ditlmg2l oygrvhab nvdbi5me sf5mxxl7 gl3lb2sf hhz5lgdu\">+ \ud835\ude4b\ud835\ude64\ud835\ude65 \ud835\ude44\ud835\ude69 \ud835\ude3d\ud835\ude56\ud835\ude61\ud835\ude61\ud835\ude64\ud835\ude64\ud835\ude63 l\u00e0 qu\u00e0 t\u1eb7ng v\u00f4 c\u00f9ng s\u00e1ng t\u1ea1o, \u0111\u1ed9c \u0111\u00e1o. \u0110\u1ec3 kh\u00e1m ph\u00e1 s\u1ef1 th\u00fa v\u1ecb c\u1ee7a \ud835\ude4b\ud835\ude64\ud835\ude65 \ud835\ude44\ud835\ude69 b\u1ea1n d\u00f9ng kim ch\u00edch v\u00e0o b\u00f3ng, v\u1ecf b\u00f3ng m\u00e0u b\u00ean trong s\u1ebd v\u1ee1, l\u1edbp b\u00f3ng ngo\u00e0i trong su\u1ed1t c\u00f2n nguy\u00ean, b\u1ea1n s\u1ebd b\u1ea5t ng\u1edd v\u1edbi th\u00f4ng \u0111i\u1ec7p b\u00ean trong b\u00f3ng mang \u0111\u1ebfn.<br \/>\n+ S\u1ea3n ph\u1ea9m g\u1ed3m:<br \/>\n* 1 b\u00f3ng Jumbo 2 l\u1edbp (kh\u00f4ng b\u01a1m kh\u00ed helium) + sticker n\u1ed9i dung t\u00f9y ch\u1ecdn<br \/>\n* 1 h\u1ed9p tr\u00f2n + n\u01a1 ruy b\u0103ng, confetti trang tr\u00ed trong bong b\u00f3ng<br \/>\n* 1 que nh\u1ecdn \u0111\u1ec3 ch\u00edch\/\u0111\u00e2m b\u00f3ng.<br \/>\n+ N\u1ebfu b\u1ea1n mu\u1ed1n surprise v\u1edbi ti\u1ec1n gi\u1ea5y, m\u00f3n qu\u00e0 nh\u1ecf trong b\u00f3ng, vui l\u00f2ng li\u00ean h\u1ec7 v\u1edbi nh\u00e2n vi\u00ean \u0111\u1ec3 \u0111\u01b0\u1ee3c t\u01b0 v\u1ea5n c\u1ee5 th\u1ec3.<br \/>\n<\/span><\/div>\n<div dir=\"auto\"><span class=\"pq6dq46d tbxw36s4 knj5qynh kvgmc6g5 ditlmg2l oygrvhab nvdbi5me sf5mxxl7 gl3lb2sf hhz5lgdu\">+\u00a0<\/span>Gi\u00e1 s\u1ea3n ph\u1ea9m ch\u01b0a bao g\u1ed3m ph\u00ed giao h\u00e0ng, \u0111\u1ec3 \u0111\u1ea3m b\u1ea3o an to\u00e0n cho b\u00f3ng, Chu ch\u1ec9 giao b\u1eb1ng grab car\/taxi ho\u1eb7c b\u1ea1n c\u00f3 th\u1ec3 nh\u1eadn b\u00f3ng t\u1ea1i C\u1eeda h\u00e0ng.<br \/>\n+ B\u00f3ng \u0111\u1eb9p nh\u1ea5t trong kho\u1ea3ng 6-8 ti\u1ebfng \u0111\u1ea7u ti\u00ean, trong th\u1eddi gian n\u00e0y b\u00f3ng s\u1ebd lu\u00f4n s\u00e1ng \u0111\u1eb9p.<br \/>\n+ H\u1ea1n ch\u1ebf \u0111\u1ec3 bong b\u00f3ng \u1edf ngo\u00e0i tr\u1eddi ho\u1eb7c n\u01a1i c\u00f3 nhi\u1ec7t \u0111\u1ed9 cao, g\u1ea7n m\u1eb7t tr\u1eddi ho\u1eb7c \u00e1nh \u0111\u00e8n n\u00f3ng s\u1ebd l\u00e0m v\u1ee1 b\u00f3ng.<\/div>\n<\/div>\n","protected":false},"excerpt":{"rendered":"<p>Pop It Surprise Balloon (No helium)\u00a0 + \ud835\ude4b\ud835\ude64\ud835\ude65 \ud835\ude44\ud835\ude69 \ud835\ude3d\ud835\ude56\ud835\ude61\ud835\ude61\ud835\ude64\ud835\ude64\ud835\ude63 l\u00e0 qu\u00e0 t\u1eb7ng v\u00f4 c\u00f9ng s\u00e1ng t\u1ea1o, \u0111\u1ed9c \u0111\u00e1o. \u0110\u1ec3 kh\u00e1m ph\u00e1 s\u1ef1 th\u00fa v\u1ecb c\u1ee7a \ud835\ude4b\ud835\ude64\ud835\ude65 \ud835\ude44\ud835\ude69 b\u1ea1n d\u00f9ng kim ch\u00edch v\u00e0o b\u00f3ng, v\u1ecf b\u00f3ng m\u00e0u b\u00ean trong s\u1ebd v\u1ee1, l\u1edbp b\u00f3ng ngo\u00e0i trong su\u1ed1t c\u00f2n nguy\u00ean, b\u1ea1n s\u1ebd b\u1ea5t ng\u1edd v\u1edbi th\u00f4ng \u0111i\u1ec7p [&hellip;]<\/p>\n","protected":false},"featured_media":8370,"comment_status":"open","ping_status":"closed","template":"","meta":[],"product_cat":[107,385],"product_tag":[252],"class_list":{"0":"post-8368","1":"product","2":"type-product","3":"status-publish","4":"has-post-thumbnail","6":"product_cat-surprise-balloon","7":"product_cat-pop-it-balloon","8":"product_tag-pop-it-balloon","10":"first","11":"instock","12":"shipping-taxable","13":"purchasable","14":"product-type-simple"},"_links":{"self":[{"href":"https:\/\/chuparty.vn\/index.php?rest_route=\/wp\/v2\/product\/8368","targetHints":{"allow":["GET"]}}],"collection":[{"href":"https:\/\/chuparty.vn\/index.php?rest_route=\/wp\/v2\/product"}],"about":[{"href":"https:\/\/chuparty.vn\/index.php?rest_route=\/wp\/v2\/types\/product"}],"replies":[{"embeddable":true,"href":"https:\/\/chuparty.vn\/index.php?rest_route=%2Fwp%2Fv2%2Fcomments&post=8368"}],"wp:featuredmedia":[{"embeddable":true,"href":"https:\/\/chuparty.vn\/index.php?rest_route=\/wp\/v2\/media\/8370"}],"wp:attachment":[{"href":"https:\/\/chuparty.vn\/index.php?rest_route=%2Fwp%2Fv2%2Fmedia&parent=8368"}],"wp:term":[{"taxonomy":"product_cat","embeddable":true,"href":"https:\/\/chuparty.vn\/index.php?rest_route=%2Fwp%2Fv2%2Fproduct_cat&post=8368"},{"taxonomy":"product_tag","embeddable":true,"href":"https:\/\/chuparty.vn\/index.php?rest_route=%2Fwp%2Fv2%2Fproduct_tag&post=8368"}],"curies":[{"name":"wp","href":"https:\/\/api.w.org\/{rel}","templated":true}]}}