{"id":8338,"date":"2024-03-26T17:46:36","date_gmt":"2024-03-26T10:46:36","guid":{"rendered":"https:\/\/chuparty.vn\/?post_type=product&#038;p=8338"},"modified":"2025-02-08T15:20:39","modified_gmt":"2025-02-08T08:20:39","slug":"bong-tao-hinh-nhan-vat-may","status":"publish","type":"product","link":"https:\/\/chuparty.vn\/?product=bong-tao-hinh-nhan-vat-may","title":{"rendered":"B\u00d3NG T\u1ea0O H\u00ccNH NH\u1eacN V\u1eacT M\u00c2Y"},"content":{"rendered":"<p><strong>Th\u00f4ng tin chi ti\u1ebft s\u1ea3n ph\u1ea9m: B\u00f3ng M\u00c2Y<\/strong><\/p>\n<ul>\n<li>Ch\u1ea5t li\u1ec7u: b\u00f3ng cao su<\/li>\n<li>G\u1ed3m: 1 c\u00e0nh b\u00f3ng M\u00e2y + 1 t\u00fai ki\u1ebfng g\u00f3i b\u00f3ng<\/li>\n<li>M\u00e0u s\u1eafc: tone t\u00edm ho\u1eb7c b\u1ea1n c\u00f3 th\u1ec3 y\u00eau c\u1ea7u m\u00e0u s\u1eafc b\u00f3ng theo s\u1edf th\u00edch<\/li>\n<li>Lo\u1ea1i b\u00f3ng:<\/li>\n<\/ul>\n","protected":false},"excerpt":{"rendered":"<p>Th\u00f4ng tin chi ti\u1ebft s\u1ea3n ph\u1ea9m: B\u00f3ng M\u00c2Y Ch\u1ea5t li\u1ec7u: b\u00f3ng cao su G\u1ed3m: 1 c\u00e0nh b\u00f3ng M\u00e2y + 1 t\u00fai ki\u1ebfng g\u00f3i b\u00f3ng M\u00e0u s\u1eafc: tone t\u00edm ho\u1eb7c b\u1ea1n c\u00f3 th\u1ec3 y\u00eau c\u1ea7u m\u00e0u s\u1eafc b\u00f3ng theo s\u1edf th\u00edch Lo\u1ea1i b\u00f3ng:<\/p>\n","protected":false},"featured_media":8339,"comment_status":"open","ping_status":"closed","template":"","meta":[],"product_cat":[107,497],"product_tag":[],"class_list":{"0":"post-8338","1":"product","2":"type-product","3":"status-publish","4":"has-post-thumbnail","6":"product_cat-surprise-balloon","7":"product_cat-characters-balloon","9":"first","10":"instock","11":"shipping-taxable","12":"purchasable","13":"product-type-simple"},"_links":{"self":[{"href":"https:\/\/chuparty.vn\/index.php?rest_route=\/wp\/v2\/product\/8338","targetHints":{"allow":["GET"]}}],"collection":[{"href":"https:\/\/chuparty.vn\/index.php?rest_route=\/wp\/v2\/product"}],"about":[{"href":"https:\/\/chuparty.vn\/index.php?rest_route=\/wp\/v2\/types\/product"}],"replies":[{"embeddable":true,"href":"https:\/\/chuparty.vn\/index.php?rest_route=%2Fwp%2Fv2%2Fcomments&post=8338"}],"wp:featuredmedia":[{"embeddable":true,"href":"https:\/\/chuparty.vn\/index.php?rest_route=\/wp\/v2\/media\/8339"}],"wp:attachment":[{"href":"https:\/\/chuparty.vn\/index.php?rest_route=%2Fwp%2Fv2%2Fmedia&parent=8338"}],"wp:term":[{"taxonomy":"product_cat","embeddable":true,"href":"https:\/\/chuparty.vn\/index.php?rest_route=%2Fwp%2Fv2%2Fproduct_cat&post=8338"},{"taxonomy":"product_tag","embeddable":true,"href":"https:\/\/chuparty.vn\/index.php?rest_route=%2Fwp%2Fv2%2Fproduct_tag&post=8338"}],"curies":[{"name":"wp","href":"https:\/\/api.w.org\/{rel}","templated":true}]}}