{"id":8307,"date":"2024-03-26T14:48:37","date_gmt":"2024-03-26T07:48:37","guid":{"rendered":"https:\/\/chuparty.vn\/?post_type=product&#038;p=8307"},"modified":"2026-02-24T13:52:31","modified_gmt":"2026-02-24T06:52:31","slug":"combo-tru-bong-1st-for-girl","status":"publish","type":"product","link":"https:\/\/chuparty.vn\/?product=combo-tru-bong-1st-for-girl","title":{"rendered":"COMBO TR\u1ee4 B\u00d3NG 1ST FOR GIRL"},"content":{"rendered":"<p><strong>Chi ti\u1ebft s\u1ea3n ph\u1ea9m:<\/strong> COMBO TR\u1ee4 B\u00d3NG 1st FOR GIRL \u00a0g\u1ed3m:<\/p>\n<ul>\n<li>1 Tr\u1ee5 B\u00f3ng Jumbo size M 24in (No Helium)<\/li>\n<li>1 Tr\u1ee5 B\u00f3ng Handmade s\u1ed1 1<\/li>\n<li>4 H\u1ed9p B\u00f3ng trang tr\u00ed BABY (ho\u1eb7c t\u00ean b\u00e9)<\/li>\n<li>B\u00f3ng m\u00e0u trang tr\u00ed theo tone h\u1ed3ng tr\u1eafng gold ph\u00f9 h\u1ee3p v\u1edbi b\u00e9 g\u00e1i ho\u1eb7c tone m\u00e0u t\u00f9y ch\u1ecdn theo y\u00eau c\u1ea7u.<\/li>\n<\/ul>\n<p>+ B\u00f3ng Jumbo\/ b\u00f3ng bay s\u1ebd \u0111\u01b0\u1ee3c giao b\u1eb1ng grab car\/taxi, \u0111\u1ec3 gi\u1eef an to\u00e0n cho bong b\u00f3ng tr\u01b0\u1edbc th\u1eddi ti\u1ebft (n\u1eafng ho\u1eb7c m\u01b0a) gi\u00fap cho b\u00f3ng gi\u1eef \u0111\u01b0\u1ee3c m\u00e0u s\u1eafc kh\u00f4ng b\u1ecb xu\u1ed1ng m\u00e0u ho\u1eb7c b\u1ecb b\u1ec3 do va \u0111\u1eadp. \u00a0Ph\u00ed v\u1eadn chuy\u1ec3n s\u1ebd \u0111\u01b0\u1ee3c th\u00f4ng b\u00e1o khi book xe .<br \/>\n+ B\u00f3ng Jumbo\/ b\u00f3ng bay \u0111\u1eb9p nh\u1ea5t t\u1eeb 6-8 ti\u1ebfng \u0111\u1ea7u (trong th\u1eddi gian n\u00e0y b\u00f3ng s\u1ebd lu\u00f4n s\u00e1ng \u0111\u1eb9p v\u00e0 \u0111\u1ed9 bay s\u1ebd \u0111\u01b0\u1ee3c \u0111\u1ea3m b\u1ea3o t\u1ed1t nh\u1ea5t.<br \/>\n+ H\u1ea1n ch\u1ebf \u0111\u1ec3 bong b\u00f3ng \u1edf ngo\u00e0i tr\u1eddi ho\u1eb7c n\u01a1i c\u00f3 nhi\u1ec7t \u0111\u1ed9 cao, g\u1ea7n m\u1eb7t tr\u1eddi ho\u1eb7c \u00e1nh \u0111\u00e8n n\u00f3ng s\u1ebd l\u00e0m v\u1ee1 b\u00f3ng.<\/p>\n","protected":false},"excerpt":{"rendered":"<p>Chi ti\u1ebft s\u1ea3n ph\u1ea9m: COMBO TR\u1ee4 B\u00d3NG 1st FOR GIRL \u00a0g\u1ed3m: 1 Tr\u1ee5 B\u00f3ng Jumbo size M 24in (No Helium) 1 Tr\u1ee5 B\u00f3ng Handmade s\u1ed1 1 4 H\u1ed9p B\u00f3ng trang tr\u00ed BABY (ho\u1eb7c t\u00ean b\u00e9) B\u00f3ng m\u00e0u trang tr\u00ed theo tone h\u1ed3ng tr\u1eafng gold ph\u00f9 h\u1ee3p v\u1edbi b\u00e9 g\u00e1i ho\u1eb7c tone m\u00e0u t\u00f9y ch\u1ecdn theo [&hellip;]<\/p>\n","protected":false},"featured_media":8314,"comment_status":"open","ping_status":"closed","template":"","meta":[],"product_cat":[137,366,496],"product_tag":[],"class_list":{"0":"post-8307","1":"product","2":"type-product","3":"status-publish","4":"has-post-thumbnail","6":"product_cat-1st-birthday","7":"product_cat-combo-bong-tru-handmade","8":"product_cat-combo-tru-bong-handmade","10":"first","11":"instock","12":"shipping-taxable","13":"purchasable","14":"product-type-simple"},"_links":{"self":[{"href":"https:\/\/chuparty.vn\/index.php?rest_route=\/wp\/v2\/product\/8307","targetHints":{"allow":["GET"]}}],"collection":[{"href":"https:\/\/chuparty.vn\/index.php?rest_route=\/wp\/v2\/product"}],"about":[{"href":"https:\/\/chuparty.vn\/index.php?rest_route=\/wp\/v2\/types\/product"}],"replies":[{"embeddable":true,"href":"https:\/\/chuparty.vn\/index.php?rest_route=%2Fwp%2Fv2%2Fcomments&post=8307"}],"wp:featuredmedia":[{"embeddable":true,"href":"https:\/\/chuparty.vn\/index.php?rest_route=\/wp\/v2\/media\/8314"}],"wp:attachment":[{"href":"https:\/\/chuparty.vn\/index.php?rest_route=%2Fwp%2Fv2%2Fmedia&parent=8307"}],"wp:term":[{"taxonomy":"product_cat","embeddable":true,"href":"https:\/\/chuparty.vn\/index.php?rest_route=%2Fwp%2Fv2%2Fproduct_cat&post=8307"},{"taxonomy":"product_tag","embeddable":true,"href":"https:\/\/chuparty.vn\/index.php?rest_route=%2Fwp%2Fv2%2Fproduct_tag&post=8307"}],"curies":[{"name":"wp","href":"https:\/\/api.w.org\/{rel}","templated":true}]}}