{"id":8242,"date":"2024-03-23T16:42:33","date_gmt":"2024-03-23T09:42:33","guid":{"rendered":"https:\/\/chuparty.vn\/?post_type=product&#038;p=8242"},"modified":"2026-01-29T16:04:39","modified_gmt":"2026-01-29T09:04:39","slug":"teddy-bear-congrats","status":"publish","type":"product","link":"https:\/\/chuparty.vn\/?product=teddy-bear-congrats","title":{"rendered":"TEDDY BEAR CONGRATS CUP"},"content":{"rendered":"<p><strong>Flower Bouquet<\/strong>\u00a0\u2013 B\u00f3 hoa b\u00f3ng si\u00eau hot hi\u1ec7n \u0111\u00e3 c\u00f3 m\u1eb7t t\u1ea1i Chu party r\u1ed3i nha v\u00e0 nhanh ch\u00f3ng tr\u1edf th\u00e0nh m\u1ed9t trong nh\u1eefng s\u1ea3n ph\u1ea9m best-seller t\u1ea1i\u00a0<strong>Chu Party<\/strong>.<\/p>\n<p><strong>Th\u00f4ng tin chi ti\u1ebft s\u1ea3n ph\u1ea9m: B\u00f3ng G\u1ea5u T\u1ed1t Nghi\u1ec7p<\/strong><\/p>\n<ul>\n<li>Ch\u1ea5t li\u1ec7u: b\u00f3ng cao su<\/li>\n<li>G\u1ed3m: 1 b\u00f3ng g\u1ea5u + 1 n\u00f3n t\u1ed1t nghi\u1ec7p + 1 ly nh\u1ef1a \u0111\u1ef1ng qu\u00e0 k\u1eb9o\/b\u00e1nh + c\u1ecf gi\u1ea5y v\u1ee5n + sticker d\u00e1n ly theo ch\u1ee7 \u0111\u1ec1 t\u1ed1t nghi\u1ec7p<\/li>\n<li>M\u00e0u s\u1eafc: b\u1ea1n c\u00f3 th\u1ec3 y\u00eau c\u1ea7u m\u00e0u s\u1eafc b\u00f3ng theo s\u1edf th\u00edch<\/li>\n<li>Lo\u1ea1i b\u00f3ng: G\u1ea5u Teddy<\/li>\n<\/ul>\n","protected":false},"excerpt":{"rendered":"<p>Flower Bouquet\u00a0\u2013 B\u00f3 hoa b\u00f3ng si\u00eau hot hi\u1ec7n \u0111\u00e3 c\u00f3 m\u1eb7t t\u1ea1i Chu party r\u1ed3i nha v\u00e0 nhanh ch\u00f3ng tr\u1edf th\u00e0nh m\u1ed9t trong nh\u1eefng s\u1ea3n ph\u1ea9m best-seller t\u1ea1i\u00a0Chu Party. Th\u00f4ng tin chi ti\u1ebft s\u1ea3n ph\u1ea9m: B\u00f3ng G\u1ea5u T\u1ed1t Nghi\u1ec7p Ch\u1ea5t li\u1ec7u: b\u00f3ng cao su G\u1ed3m: 1 b\u00f3ng g\u1ea5u + 1 n\u00f3n t\u1ed1t nghi\u1ec7p + 1 [&hellip;]<\/p>\n","protected":false},"featured_media":8244,"comment_status":"open","ping_status":"closed","template":"","meta":[],"product_cat":[365,107,497],"product_tag":[498,353],"class_list":{"0":"post-8242","1":"product","2":"type-product","3":"status-publish","4":"has-post-thumbnail","6":"product_cat-graduation","7":"product_cat-surprise-balloon","8":"product_cat-characters-balloon","9":"product_tag-characters","10":"product_tag-graduation","12":"first","13":"instock","14":"shipping-taxable","15":"purchasable","16":"product-type-simple"},"_links":{"self":[{"href":"https:\/\/chuparty.vn\/index.php?rest_route=\/wp\/v2\/product\/8242","targetHints":{"allow":["GET"]}}],"collection":[{"href":"https:\/\/chuparty.vn\/index.php?rest_route=\/wp\/v2\/product"}],"about":[{"href":"https:\/\/chuparty.vn\/index.php?rest_route=\/wp\/v2\/types\/product"}],"replies":[{"embeddable":true,"href":"https:\/\/chuparty.vn\/index.php?rest_route=%2Fwp%2Fv2%2Fcomments&post=8242"}],"wp:featuredmedia":[{"embeddable":true,"href":"https:\/\/chuparty.vn\/index.php?rest_route=\/wp\/v2\/media\/8244"}],"wp:attachment":[{"href":"https:\/\/chuparty.vn\/index.php?rest_route=%2Fwp%2Fv2%2Fmedia&parent=8242"}],"wp:term":[{"taxonomy":"product_cat","embeddable":true,"href":"https:\/\/chuparty.vn\/index.php?rest_route=%2Fwp%2Fv2%2Fproduct_cat&post=8242"},{"taxonomy":"product_tag","embeddable":true,"href":"https:\/\/chuparty.vn\/index.php?rest_route=%2Fwp%2Fv2%2Fproduct_tag&post=8242"}],"curies":[{"name":"wp","href":"https:\/\/api.w.org\/{rel}","templated":true}]}}